{"id":9998,"date":"2023-09-05T10:53:42","date_gmt":"2023-09-05T08:53:42","guid":{"rendered":"https:\/\/www.sorainstyles.com\/boutique\/?post_type=product&#038;p=9998"},"modified":"2025-09-30T15:17:40","modified_gmt":"2025-09-30T13:17:40","slug":"blue-maize-no-cb11","status":"publish","type":"product","link":"https:\/\/www.sorainstyles.com\/boutique\/produit\/blue-maize-no-cb11\/","title":{"rendered":"CB11 Blue Maize"},"content":{"rendered":"<h2>Blue Maize No.CB11 de chez Farrow &amp; Ball<\/h2>\n<h2>Un bleu raffin\u00e9 et g\u00e9n\u00e9reux<\/h2>\n<div class=\"ui-textMD2\">\n<p>La teinte No.CB11 &#8211; Blue Maize est un <a href=\"https:\/\/www.deco.fr\/diapos-deco\/77491-bleu-profond-20-idees-pour-decorer-son-interieur-avec-chic\" target=\"_blank\" rel=\"noopener\">bleu profond<\/a>. Cette couleur s&rsquo;inspire de la teinte unique du ma\u00efs populaire au Mexique et dans le Sud des \u00c9tats-Unis.<\/p>\n<p>Primer &amp; Undercoat recommand\u00e9e : <a href=\"https:\/\/www.sorainstyles.com\/boutique\/categorie-produit\/appret-sous-couches\/\" target=\"_blank\" rel=\"noopener\">Dark Tones<\/a><\/p>\n<p>Quand on veut des couleurs sombres, plus c\u2019est fonc\u00e9, mieux c\u2019est. Ainsi, pour un fini irr\u00e9sistible, associez les nuances fonc\u00e9es \u00e0 notre Dark Tones Primer &amp; Undercoat. La combinaison de cet appr\u00eat bas\u00e9 sur la couleur de Down Pipe avec votre couche de finition cr\u00e9e une richesse in\u00e9gal\u00e9e et fait toute la diff\u00e9rence.<\/p>\n<p>Fabriqu\u00e9s avec les m\u00eames ingr\u00e9dients naturels et pigments que nos couches de finition, nos appr\u00eats &amp; sous-couches constituent la base essentielle pour cr\u00e9er une finition uniforme et durable<\/p>\n<p>Blanc compl\u00e9mentaire :\u00a0<a href=\"https:\/\/www.sorainstyles.com\/boutique\/produit\/au-lait-no-cb9\/\" target=\"_blank\" rel=\"noopener\">Au lait<\/a><\/p>\n<h3>3 exemples d&rsquo;harmonies de couleurs avec la teinte Blue Maize &#8211; No.CB11<\/h3>\n<ul>\n<li>Pea Flower Tea No.CB12 &#8211; Cabbage White No.269<\/li>\n<li>Romesco No.CB4 &#8211; Raw Tomatillo No.CB6<\/li>\n<li>Railings No.31 &#8211; Lobster No.CB7<\/li>\n<\/ul>\n<h3>Information produit<\/h3>\n<h4>A base d&rsquo;eau et sans danger pour les enfants<\/h4>\n<p>En 2010, Farrow &amp; Ball a \u00e9t\u00e9 les premiers du secteur \u00e0 passer \u00e0 une gamme de finitions \u00e9labor\u00e9es enti\u00e8rement \u00e0 base d\u2019eau. D&rsquo;ailleurs, ces finitions \u00e0 faible teneur en COV et pratiquement sans odeur sont faciles \u00e0 nettoyer sans recourir \u00e0 des solvants nocifs.<\/p>\n<h4>Finitions de qualit\u00e9<\/h4>\n<p>Tout d&rsquo;abord, chacune de nos couleurs est disponible dans une gamme de finitions de peinture d\u2019int\u00e9rieur et d\u2019ext\u00e9rieur. Ensuite, chaque finition est test\u00e9e de mani\u00e8re rigoureuse pour garantir un fini durable et une profondeur de couleur exceptionnelle. Par ailleurs, pour obtenir les meilleurs r\u00e9sultats, nous recommandons toujours d\u2019utiliser une Impression &amp; Sous-couche Farrow &amp; Ball &#8211; voir plus haut pour trouver la tonalit\u00e9 de couleur exacte pour cette peinture<\/p>\n<\/div>\n","protected":false},"excerpt":{"rendered":"<h3>Un bleu raffin\u00e9 et g\u00e9n\u00e9reux<\/h3>\n<p>Ce bleu profond \u00e9voque une teinte satur\u00e9e et vibrante, qui attire imm\u00e9diatement l\u2019\u0153il. Pour une ambiance \u00e9l\u00e9gante et \u00e9pur\u00e9e, vous pouvez l\u2019associer \u00e0 des blancs cass\u00e9s ou des gris.<\/p>\n","protected":false},"featured_media":15091,"template":"","meta":{"_acf_changed":false,"_et_pb_use_builder":"","_et_pb_old_content":"","_et_gb_content_width":""},"product_brand":[],"product_cat":[823,330,341],"product_tag":[820,819,406,371,366,362],"class_list":{"0":"post-9998","1":"product","2":"type-product","3":"status-publish","4":"has-post-thumbnail","6":"product_cat-carte-blanche","7":"product_cat-bleu","8":"product_cat-fonce-luminosite","9":"product_tag-bluemaize","10":"product_tag-cb11","11":"product_tag-couleur","12":"product_tag-farrow","13":"product_tag-farrowball","14":"product_tag-peinture","16":"first","17":"instock","18":"taxable","19":"shipping-taxable","20":"purchasable","21":"product-type-variable"},"acf":[],"_links":{"self":[{"href":"https:\/\/www.sorainstyles.com\/boutique\/wp-json\/wp\/v2\/product\/9998","targetHints":{"allow":["GET"]}}],"collection":[{"href":"https:\/\/www.sorainstyles.com\/boutique\/wp-json\/wp\/v2\/product"}],"about":[{"href":"https:\/\/www.sorainstyles.com\/boutique\/wp-json\/wp\/v2\/types\/product"}],"wp:featuredmedia":[{"embeddable":true,"href":"https:\/\/www.sorainstyles.com\/boutique\/wp-json\/wp\/v2\/media\/15091"}],"wp:attachment":[{"href":"https:\/\/www.sorainstyles.com\/boutique\/wp-json\/wp\/v2\/media?parent=9998"}],"wp:term":[{"taxonomy":"product_brand","embeddable":true,"href":"https:\/\/www.sorainstyles.com\/boutique\/wp-json\/wp\/v2\/product_brand?post=9998"},{"taxonomy":"product_cat","embeddable":true,"href":"https:\/\/www.sorainstyles.com\/boutique\/wp-json\/wp\/v2\/product_cat?post=9998"},{"taxonomy":"product_tag","embeddable":true,"href":"https:\/\/www.sorainstyles.com\/boutique\/wp-json\/wp\/v2\/product_tag?post=9998"}],"curies":[{"name":"wp","href":"https:\/\/api.w.org\/{rel}","templated":true}]}}