{"id":9925,"date":"2023-09-05T10:13:01","date_gmt":"2023-09-05T08:13:01","guid":{"rendered":"https:\/\/www.sorainstyles.com\/boutique\/?post_type=product&#038;p=9925"},"modified":"2025-10-15T10:28:06","modified_gmt":"2025-10-15T08:28:06","slug":"shallot-cb3","status":"publish","type":"product","link":"https:\/\/www.sorainstyles.com\/boutique\/produit\/shallot-cb3\/","title":{"rendered":"CB3 Shallot"},"content":{"rendered":"<h2>Shallot No.CB3 de chez Farrow &amp; Ball<\/h2>\n<h2>Un rose doux et joyeux<\/h2>\n<div class=\"ui-textMD2\">\n<p>La teinte No.CB3 &#8211; Shallot est un <a href=\"https:\/\/www.cotemaison.fr\/couleurs\/couleur-rose-dans-la-deco_26085.html\" target=\"_blank\" rel=\"noopener\">rose<\/a> joyeux. Il tire son nom d&rsquo;un membre plus sucr\u00e9 de la famille des alliums largement utilis\u00e9 dans la cuisine cajun.<\/p>\n<p>Primer &amp; Undercoat recommand\u00e9e : <a href=\"https:\/\/www.sorainstyles.com\/boutique\/impressions-sous-couches-farrow-ball\/\">White &amp; Light Tones<\/a><\/p>\n<p>Notre White &amp; Light Tones Primer &amp; Undercoat cr\u00e9e une base merveilleuse pour nos nuances les plus claires. Cet appr\u00eat, qui couvre les imperfections de votre surface et ajoute une profondeur de couleur suppl\u00e9mentaire, est bas\u00e9 sur notre couleur la plus simple, All White.<\/p>\n<p>Fabriqu\u00e9s avec les m\u00eames ingr\u00e9dients naturels et pigments que nos couches de finition, nos appr\u00eats &amp; sous-couches constituent la base essentielle pour cr\u00e9er une finition riche, uniforme et durable<\/p>\n<p>Blanc compl\u00e9mentaire :\u00a0<a href=\"https:\/\/www.sorainstyles.com\/boutique\/produit\/au-lait-no-cb9\/\" target=\"_blank\" rel=\"noopener\">Au lait<\/a><\/p>\n<h3>3 exemples d&rsquo;harmonies de couleurs avec la teinte Shallot &#8211; No.CB3<\/h3>\n<ul>\n<li>Inchyra Blue No.289 &#8211; Selvedge No.306<\/li>\n<li>Elephant&rsquo;s Breath No.229 &#8211; Great White No.2006<\/li>\n<li>Pelt No.254 &#8211; Sardine No.CB8<\/li>\n<\/ul>\n<h3>Information produit<\/h3>\n<h4>A base d&rsquo;eau et sans danger pour les enfants<\/h4>\n<p>En 2010, Farrow &amp; Ball a \u00e9t\u00e9 les premiers du secteur \u00e0 passer \u00e0 une gamme de finitions \u00e9labor\u00e9es enti\u00e8rement \u00e0 base d\u2019eau. D&rsquo;ailleurs, ces finitions \u00e0 faible teneur en COV et pratiquement sans odeur sont faciles \u00e0 nettoyer sans recourir \u00e0 des solvants nocifs.<\/p>\n<h4>Finitions de qualit\u00e9<\/h4>\n<p>Tout d&rsquo;abord, chacune de nos couleurs est disponible dans une gamme de finitions de peinture d\u2019int\u00e9rieur et d\u2019ext\u00e9rieur. Ensuite, chaque finition est test\u00e9e de mani\u00e8re rigoureuse pour garantir un fini durable et une profondeur de couleur exceptionnelle. Par ailleurs, pour obtenir les meilleurs r\u00e9sultats, nous recommandons toujours d\u2019utiliser une Impression &amp; Sous-couche Farrow &amp; Ball &#8211; voir plus haut pour trouver la tonalit\u00e9 de couleur exacte pour cette peinture<\/p>\n<\/div>\n","protected":false},"excerpt":{"rendered":"<h3>Un rose doux et joyeux<\/h3>\n<p>Ce rose joyeux \u00e9voque une \u00e9nergie positive et apporte une touche de dynamisme \u00e0 tout espace. Il peut \u00eatre utilis\u00e9 dans divers styles de d\u00e9coration, des plus traditionnels aux plus modernes.<\/p>\n","protected":false},"featured_media":15328,"template":"","meta":{"_acf_changed":false,"_et_pb_use_builder":"","_et_pb_old_content":"","_et_gb_content_width":""},"product_brand":[],"product_cat":[823,196,110],"product_tag":[825,406,371,366,362,824],"class_list":{"0":"post-9925","1":"product","2":"type-product","3":"status-publish","4":"has-post-thumbnail","6":"product_cat-carte-blanche","7":"product_cat-intense","8":"product_cat-rouge","9":"product_tag-cb3","10":"product_tag-couleur","11":"product_tag-farrow","12":"product_tag-farrowball","13":"product_tag-peinture","14":"product_tag-shallot","16":"first","17":"instock","18":"taxable","19":"shipping-taxable","20":"purchasable","21":"product-type-variable"},"acf":[],"_links":{"self":[{"href":"https:\/\/www.sorainstyles.com\/boutique\/wp-json\/wp\/v2\/product\/9925","targetHints":{"allow":["GET"]}}],"collection":[{"href":"https:\/\/www.sorainstyles.com\/boutique\/wp-json\/wp\/v2\/product"}],"about":[{"href":"https:\/\/www.sorainstyles.com\/boutique\/wp-json\/wp\/v2\/types\/product"}],"wp:featuredmedia":[{"embeddable":true,"href":"https:\/\/www.sorainstyles.com\/boutique\/wp-json\/wp\/v2\/media\/15328"}],"wp:attachment":[{"href":"https:\/\/www.sorainstyles.com\/boutique\/wp-json\/wp\/v2\/media?parent=9925"}],"wp:term":[{"taxonomy":"product_brand","embeddable":true,"href":"https:\/\/www.sorainstyles.com\/boutique\/wp-json\/wp\/v2\/product_brand?post=9925"},{"taxonomy":"product_cat","embeddable":true,"href":"https:\/\/www.sorainstyles.com\/boutique\/wp-json\/wp\/v2\/product_cat?post=9925"},{"taxonomy":"product_tag","embeddable":true,"href":"https:\/\/www.sorainstyles.com\/boutique\/wp-json\/wp\/v2\/product_tag?post=9925"}],"curies":[{"name":"wp","href":"https:\/\/api.w.org\/{rel}","templated":true}]}}