{"id":9911,"date":"2023-09-04T16:52:11","date_gmt":"2023-09-04T14:52:11","guid":{"rendered":"https:\/\/www.sorainstyles.com\/boutique\/?post_type=product&#038;p=9911"},"modified":"2025-10-03T15:18:11","modified_gmt":"2025-10-03T13:18:11","slug":"roasted-macadamia-cb2","status":"publish","type":"product","link":"https:\/\/www.sorainstyles.com\/boutique\/produit\/roasted-macadamia-cb2\/","title":{"rendered":"CB2 Roasted Macadamia"},"content":{"rendered":"<h2>Roasted Macadamia No.CB2 de chez Farrow &amp; Ball<\/h2>\n<h2>Un neutre pierre chaleureux<\/h2>\n<div class=\"ui-textMD2\">\n<p>La teinte No.CB2 &#8211; Roasted Macadamia est un favori parmi \u00ab\u00a0The Squirrels\u00a0\u00bb (= Les \u00c9cureuils), ce <a href=\"https:\/\/www.elle.fr\/Deco\/News-tendances\/Avec-quelle-couleur-associer-le-marron\" target=\"_blank\" rel=\"noopener\">neutre<\/a> doux porte le nom d&rsquo;une noix d&rsquo;une teinte similaire.<\/p>\n<p>Primer &amp; Undercoat recommand\u00e9e : <a href=\"https:\/\/www.sorainstyles.com\/boutique\/impressions-sous-couches-farrow-ball\/\" target=\"_blank\" rel=\"noopener\">Mid Tones<\/a><\/p>\n<div class=\"pagebuilder-column\" data-content-type=\"column\" data-appearance=\"full-height\" data-background-images=\"{}\" data-element=\"main\" data-pb-style=\"WVGWSFE\">\n<div data-content-type=\"text\" data-appearance=\"default\" data-element=\"main\">\n<p>Notre Mid Tones Primer &amp; Undercoat est bas\u00e9 sur la couleur Bone. Elle ajoute une magnifique profondeur de couleur \u00e0 certaines de nos nuances les plus vendues.<\/p>\n<p>Fabriqu\u00e9s avec les m\u00eames ingr\u00e9dients naturels et pigments que nos couches de finition, nos appr\u00eats &amp; sous-couches constituent la base essentielle pour cr\u00e9er une finition riche, uniforme et durable<\/p>\n<\/div>\n<\/div>\n<p>Blanc compl\u00e9mentaire :\u00a0<a href=\"https:\/\/www.sorainstyles.com\/boutique\/produit\/au-lait-no-cb9\/\" target=\"_blank\" rel=\"noopener\">Au lait<\/a><\/p>\n<h3>3 exemples d&rsquo;harmonies de couleurs avec la teinte Roasted Macadamia &#8211; No.CB2<\/h3>\n<ul>\n<li>Charleston Gray No.243 &#8211; Skimming Stone No.241<\/li>\n<li>Charlotte&rsquo;s Locks No.268 &#8211; Tanner&rsquo;s Brown No.255<\/li>\n<li>Liquorice No.CB10 &#8211; Au Lait No.CB9<\/li>\n<\/ul>\n<h3>Information produit<\/h3>\n<h4>A base d&rsquo;eau et sans danger pour les enfants<\/h4>\n<p>En 2010, Farrow &amp; Ball a \u00e9t\u00e9 les premiers du secteur \u00e0 passer \u00e0 une gamme de finitions \u00e9labor\u00e9es enti\u00e8rement \u00e0 base d\u2019eau. D&rsquo;ailleurs, ces finitions \u00e0 faible teneur en COV et pratiquement sans odeur sont faciles \u00e0 nettoyer sans recourir \u00e0 des solvants nocifs.<\/p>\n<h4>Finitions de qualit\u00e9<\/h4>\n<p>Tout d&rsquo;abord, chacune de nos couleurs est disponible dans une gamme de finitions de peinture d\u2019int\u00e9rieur et d\u2019ext\u00e9rieur. Ensuite, chaque finition est test\u00e9e de mani\u00e8re rigoureuse pour garantir un fini durable et une profondeur de couleur exceptionnelle. Par ailleurs, pour obtenir les meilleurs r\u00e9sultats, nous recommandons toujours d\u2019utiliser une Impression &amp; Sous-couche Farrow &amp; Ball &#8211; voir plus haut pour trouver la tonalit\u00e9 de couleur exacte pour cette peinture<\/p>\n<\/div>\n","protected":false},"excerpt":{"rendered":"<h3>Un neutre pierre chaleureux<\/h3>\n<p>Ce neutre offre une sensation de calme et de s\u00e9r\u00e9nit\u00e9, ce qui en fait un excellent choix pour cr\u00e9er une atmosph\u00e8re relaxante.<\/p>\n","protected":false},"featured_media":15197,"template":"","meta":{"_acf_changed":false,"_et_pb_use_builder":"","_et_pb_old_content":"","_et_gb_content_width":""},"product_brand":[],"product_cat":[823,331,329],"product_tag":[804,406,371,366,362,805],"class_list":{"0":"post-9911","1":"product","2":"type-product","3":"status-publish","4":"has-post-thumbnail","6":"product_cat-carte-blanche","7":"product_cat-clair","8":"product_cat-neutre","9":"product_tag-cb2","10":"product_tag-couleur","11":"product_tag-farrow","12":"product_tag-farrowball","13":"product_tag-peinture","14":"product_tag-roasted-macadamia","16":"first","17":"instock","18":"taxable","19":"shipping-taxable","20":"purchasable","21":"product-type-variable"},"acf":[],"_links":{"self":[{"href":"https:\/\/www.sorainstyles.com\/boutique\/wp-json\/wp\/v2\/product\/9911","targetHints":{"allow":["GET"]}}],"collection":[{"href":"https:\/\/www.sorainstyles.com\/boutique\/wp-json\/wp\/v2\/product"}],"about":[{"href":"https:\/\/www.sorainstyles.com\/boutique\/wp-json\/wp\/v2\/types\/product"}],"wp:featuredmedia":[{"embeddable":true,"href":"https:\/\/www.sorainstyles.com\/boutique\/wp-json\/wp\/v2\/media\/15197"}],"wp:attachment":[{"href":"https:\/\/www.sorainstyles.com\/boutique\/wp-json\/wp\/v2\/media?parent=9911"}],"wp:term":[{"taxonomy":"product_brand","embeddable":true,"href":"https:\/\/www.sorainstyles.com\/boutique\/wp-json\/wp\/v2\/product_brand?post=9911"},{"taxonomy":"product_cat","embeddable":true,"href":"https:\/\/www.sorainstyles.com\/boutique\/wp-json\/wp\/v2\/product_cat?post=9911"},{"taxonomy":"product_tag","embeddable":true,"href":"https:\/\/www.sorainstyles.com\/boutique\/wp-json\/wp\/v2\/product_tag?post=9911"}],"curies":[{"name":"wp","href":"https:\/\/api.w.org\/{rel}","templated":true}]}}