{"id":9895,"date":"2023-08-31T17:01:45","date_gmt":"2023-08-31T15:01:45","guid":{"rendered":"https:\/\/www.sorainstyles.com\/boutique\/?post_type=product&#038;p=9895"},"modified":"2025-09-18T14:14:00","modified_gmt":"2025-09-18T12:14:00","slug":"hog-plum-cb1","status":"publish","type":"product","link":"https:\/\/www.sorainstyles.com\/boutique\/produit\/hog-plum-cb1\/","title":{"rendered":"CB1 Hog Plum"},"content":{"rendered":"<h2>Hog Plum No.CB1 de chez Farrow &amp; Ball<\/h2>\n<h2>Un jaune p\u00e2le mais intense<\/h2>\n<div class=\"ui-textMD2\">\n<p>La teinte No.CB1 &#8211; Hog Plum est un <a href=\"https:\/\/www.ctendance.fr\/decoration\/jaune-couleurs-associer-deco\/\" target=\"_blank\" rel=\"noopener\">jaune<\/a> rappelant les fruits aigre-doux que l&rsquo;on trouve une Am\u00e9rique centrale et dans le Sud des \u00c9tats-Unis.<\/p>\n<p>Primer &amp; Undercoat recommand\u00e9e : <a href=\"https:\/\/www.sorainstyles.com\/boutique\/impressions-sous-couches-farrow-ball\/\" target=\"_blank\" rel=\"noopener\">White &amp; Light Tones<\/a><\/p>\n<p>Blanc compl\u00e9mentaire :\u00a0<a href=\"https:\/\/www.sorainstyles.com\/boutique\/produit\/au-lait-no-cb9\/\" target=\"_blank\" rel=\"noopener\">Au lait<\/a><\/p>\n<h3>3 exemples d&rsquo;harmonies de couleurs avec la teinte Hog Plum &#8211; No.CB1<\/h3>\n<ul>\n<li>Cardamom No.CB5 &#8211; Beverly No.310<\/li>\n<li>Green Blue No.84 &#8211; All White No.2005<\/li>\n<li>Inchyra Blue No.289 &#8211; Lobster No.CB7<\/li>\n<\/ul>\n<h3>Information produit<\/h3>\n<h4>A base d&rsquo;eau et sans danger pour les enfants<\/h4>\n<p>En 2010, Farrow &amp; Ball a \u00e9t\u00e9 les premiers du secteur \u00e0 passer \u00e0 une gamme de finitions \u00e9labor\u00e9es enti\u00e8rement \u00e0 base d\u2019eau. D&rsquo;ailleurs, ces finitions \u00e0 faible teneur en COV et pratiquement sans odeur sont faciles \u00e0 nettoyer sans recourir \u00e0 des solvants nocifs.<\/p>\n<h4>Finitions de qualit\u00e9<\/h4>\n<p>Tout d&rsquo;abord, chacune de nos couleurs est disponible dans une gamme de finitions de peinture d\u2019int\u00e9rieur et d\u2019ext\u00e9rieur. Ensuite, chaque finition est test\u00e9e de mani\u00e8re rigoureuse pour garantir un fini durable et une profondeur de couleur exceptionnelle. Par ailleurs, pour obtenir les meilleurs r\u00e9sultats, nous recommandons toujours d\u2019utiliser une Impression &amp; Sous-couche Farrow &amp; Ball &#8211; voir plus haut pour trouver la tonalit\u00e9 de couleur exacte pour cette peinture.<\/p>\n<\/div>\n","protected":false},"excerpt":{"rendered":"<h3>Un jaune p\u00e2le mais intense<\/h3>\n<p>Ce jaune a une chaleur subtile qui \u00e9voque la lumi\u00e8re du soleil et la convivialit\u00e9. Son aspect boueux lui conf\u00e8re une profondeur qui le distingue des jaunes plus vifs.<\/p>\n","protected":false},"featured_media":15040,"template":"","meta":{"_acf_changed":false,"_et_pb_use_builder":"","_et_pb_old_content":"","_et_gb_content_width":""},"product_brand":[],"product_cat":[823,339,98],"product_tag":[802,406,371,366,801,362],"class_list":{"0":"post-9895","1":"product","2":"type-product","3":"status-publish","4":"has-post-thumbnail","6":"product_cat-carte-blanche","7":"product_cat-jaune","8":"product_cat-moyen","9":"product_tag-cb1","10":"product_tag-couleur","11":"product_tag-farrow","12":"product_tag-farrowball","13":"product_tag-hog-plum","14":"product_tag-peinture","16":"first","17":"instock","18":"taxable","19":"shipping-taxable","20":"purchasable","21":"product-type-variable"},"acf":[],"_links":{"self":[{"href":"https:\/\/www.sorainstyles.com\/boutique\/wp-json\/wp\/v2\/product\/9895","targetHints":{"allow":["GET"]}}],"collection":[{"href":"https:\/\/www.sorainstyles.com\/boutique\/wp-json\/wp\/v2\/product"}],"about":[{"href":"https:\/\/www.sorainstyles.com\/boutique\/wp-json\/wp\/v2\/types\/product"}],"wp:featuredmedia":[{"embeddable":true,"href":"https:\/\/www.sorainstyles.com\/boutique\/wp-json\/wp\/v2\/media\/15040"}],"wp:attachment":[{"href":"https:\/\/www.sorainstyles.com\/boutique\/wp-json\/wp\/v2\/media?parent=9895"}],"wp:term":[{"taxonomy":"product_brand","embeddable":true,"href":"https:\/\/www.sorainstyles.com\/boutique\/wp-json\/wp\/v2\/product_brand?post=9895"},{"taxonomy":"product_cat","embeddable":true,"href":"https:\/\/www.sorainstyles.com\/boutique\/wp-json\/wp\/v2\/product_cat?post=9895"},{"taxonomy":"product_tag","embeddable":true,"href":"https:\/\/www.sorainstyles.com\/boutique\/wp-json\/wp\/v2\/product_tag?post=9895"}],"curies":[{"name":"wp","href":"https:\/\/api.w.org\/{rel}","templated":true}]}}