{"id":9864,"date":"2023-07-03T10:01:15","date_gmt":"2023-07-03T08:01:15","guid":{"rendered":"https:\/\/www.sorainstyles.com\/boutique\/?post_type=product&#038;p=9864"},"modified":"2025-03-10T12:59:43","modified_gmt":"2025-03-10T11:59:43","slug":"produit-test-ne-pas-acheter","status":"publish","type":"product","link":"https:\/\/www.sorainstyles.com\/boutique\/produit\/produit-test-ne-pas-acheter\/","title":{"rendered":"Produit test : ne pas acheter !"},"content":{"rendered":"<p>Ce produit est d\u00e9stin\u00e9 \u00e0 tester le paiement en ligne. Ce n&rsquo;est pas un \u00ab\u00a0vrai\u00a0\u00bb produit. Merci de ne pas en tenir compte.<\/p>\n","protected":false},"excerpt":{"rendered":"<p>Ce produit est d\u00e9stin\u00e9 \u00e0 tester le paiement en ligne. Ce n&rsquo;est pas un \u00ab\u00a0vrai\u00a0\u00bb produit. Merci de ne pas en tenir compte.<\/p>\n","protected":false},"featured_media":0,"template":"","meta":{"_acf_changed":false,"_et_pb_use_builder":"","_et_pb_old_content":"","_et_gb_content_width":""},"product_brand":[],"product_cat":[22],"product_tag":[],"class_list":{"0":"post-9864","1":"product","2":"type-product","3":"status-publish","5":"product_cat-non-classe","7":"first","8":"instock","9":"purchasable","10":"product-type-simple"},"acf":[],"_links":{"self":[{"href":"https:\/\/www.sorainstyles.com\/boutique\/wp-json\/wp\/v2\/product\/9864","targetHints":{"allow":["GET"]}}],"collection":[{"href":"https:\/\/www.sorainstyles.com\/boutique\/wp-json\/wp\/v2\/product"}],"about":[{"href":"https:\/\/www.sorainstyles.com\/boutique\/wp-json\/wp\/v2\/types\/product"}],"wp:attachment":[{"href":"https:\/\/www.sorainstyles.com\/boutique\/wp-json\/wp\/v2\/media?parent=9864"}],"wp:term":[{"taxonomy":"product_brand","embeddable":true,"href":"https:\/\/www.sorainstyles.com\/boutique\/wp-json\/wp\/v2\/product_brand?post=9864"},{"taxonomy":"product_cat","embeddable":true,"href":"https:\/\/www.sorainstyles.com\/boutique\/wp-json\/wp\/v2\/product_cat?post=9864"},{"taxonomy":"product_tag","embeddable":true,"href":"https:\/\/www.sorainstyles.com\/boutique\/wp-json\/wp\/v2\/product_tag?post=9864"}],"curies":[{"name":"wp","href":"https:\/\/api.w.org\/{rel}","templated":true}]}}