{"id":9438,"date":"2022-10-10T20:44:05","date_gmt":"2022-10-10T18:44:05","guid":{"rendered":"https:\/\/www.sorainstyles.com\/boutique\/?post_type=product&#038;p=9438"},"modified":"2024-05-04T15:06:53","modified_gmt":"2024-05-04T13:06:53","slug":"whirlybird-309-echantillon","status":"publish","type":"product","link":"https:\/\/www.sorainstyles.com\/boutique\/produit\/whirlybird-309-echantillon\/","title":{"rendered":"Whirlybird 309 \u00c9chantillon"},"content":{"rendered":"<h2>Un vert vivifiant<\/h2>\n<div class=\"ui-textMD2\">\n<p>L\u2019\u00e9chantillon No.309 <a href=\"https:\/\/www.sorainstyles.com\/boutique\/produit\/whirlybird-309\/\" target=\"_blank\" rel=\"noopener\">Whirlybird<\/a> est un <a href=\"https:\/\/www.cotemaison.fr\/couleurs\/diaporama\/peinture-verte-idees-murs-colores_31077.html\" target=\"_blank\" rel=\"noopener\">vert<\/a>\u00a0vivifiant. Il apporte de la gait\u00e9 dans n&rsquo;importe quelle pi\u00e8ce. En effet, c&rsquo;est une couleur particuli\u00e8rement lumineuse dans la lumi\u00e8re du matin.<\/p>\n<p><u>Attention, l\u2019\u00e9chantillon Whirlybird No.309 n\u2019est disponible uniquement en finition Estate Emulsion\u00a0au format 100 ml.<\/u><\/p>\n<h4>Pourquoi utiliser les pots \u00e9chantillons Farrow &amp; Ball ?<\/h4>\n<p>Tout simplement car c\u2019est la meilleure mani\u00e8re de tester les couleurs avant de vous lancer. Cela vous permet de voir la teinte r\u00e9elle in situ.<\/p>\n<p>Deuxi\u00e8mement, les pots d\u2019\u00e9chantillons vous aide \u00e0 limiter votre pr\u00e9s\u00e9lection de teintes. Ils vous permettent ensuite de confirmer ou non une teinte que vous auriez vu sur le nuancier.<\/p>\n<p><u>NB : les pots d\u2019\u00e9chantillons sont disponibles uniquement pour toutes les couleurs du nuancier actuel de Farrow &amp; Ball.<\/u><\/p>\n<h4>Comment utiliser les pots \u00e9chantillons Farrow &amp; Ball ?<\/h4>\n<h5>1. Peignez<\/h5>\n<p>Plut\u00f4t que d\u2019appliquer la peinture directement sur le mur, nous vous recommandons de passer deux couches de chacun de vos \u00e9chantillons de peinture sur des feuilles de papier ou de carton et de les laisser s\u00e9cher.<\/p>\n<h5>2. Positionnez<\/h5>\n<p>Placez vos feuilles dans la pi\u00e8ce que vous pr\u00e9voyez de peindre. D\u00e9placez-les \u00e0 diff\u00e9rents endroits de la pi\u00e8ce pour voir comment la couleur \u00e9volue au cours de la journ\u00e9e et selon le type de lumi\u00e8re.<\/p>\n<\/div>\n","protected":false},"excerpt":{"rendered":"<p>Un vert vivifiant L\u2019\u00e9chantillon No.309 Whirlybird est un vert\u00a0vivifiant. Il apporte de la gait\u00e9 dans n&rsquo;importe quelle pi\u00e8ce. En effet, c&rsquo;est une couleur particuli\u00e8rement lumineuse dans la lumi\u00e8re du matin. Attention, l\u2019\u00e9chantillon Whirlybird No.309 n\u2019est disponible uniquement en finition Estate Emulsion\u00a0au format 100 ml. Pourquoi utiliser les pots \u00e9chantillons Farrow &amp; Ball ? Tout simplement [&hellip;]<\/p>\n","protected":false},"featured_media":9422,"template":"","meta":{"_acf_changed":false,"_et_pb_use_builder":"","_et_pb_old_content":"","_et_gb_content_width":""},"product_brand":[],"product_cat":[349],"product_tag":[],"class_list":{"0":"post-9438","1":"product","2":"type-product","3":"status-publish","4":"has-post-thumbnail","6":"product_cat-pots-echantillons","8":"first","9":"instock","10":"taxable","11":"shipping-taxable","12":"purchasable","13":"product-type-simple"},"acf":[],"_links":{"self":[{"href":"https:\/\/www.sorainstyles.com\/boutique\/wp-json\/wp\/v2\/product\/9438","targetHints":{"allow":["GET"]}}],"collection":[{"href":"https:\/\/www.sorainstyles.com\/boutique\/wp-json\/wp\/v2\/product"}],"about":[{"href":"https:\/\/www.sorainstyles.com\/boutique\/wp-json\/wp\/v2\/types\/product"}],"wp:featuredmedia":[{"embeddable":true,"href":"https:\/\/www.sorainstyles.com\/boutique\/wp-json\/wp\/v2\/media\/9422"}],"wp:attachment":[{"href":"https:\/\/www.sorainstyles.com\/boutique\/wp-json\/wp\/v2\/media?parent=9438"}],"wp:term":[{"taxonomy":"product_brand","embeddable":true,"href":"https:\/\/www.sorainstyles.com\/boutique\/wp-json\/wp\/v2\/product_brand?post=9438"},{"taxonomy":"product_cat","embeddable":true,"href":"https:\/\/www.sorainstyles.com\/boutique\/wp-json\/wp\/v2\/product_cat?post=9438"},{"taxonomy":"product_tag","embeddable":true,"href":"https:\/\/www.sorainstyles.com\/boutique\/wp-json\/wp\/v2\/product_tag?post=9438"}],"curies":[{"name":"wp","href":"https:\/\/api.w.org\/{rel}","templated":true}]}}