{"id":9354,"date":"2022-10-04T21:18:18","date_gmt":"2022-10-04T19:18:18","guid":{"rendered":"https:\/\/www.sorainstyles.com\/boutique\/?post_type=product&#038;p=9354"},"modified":"2026-01-28T14:45:49","modified_gmt":"2026-01-28T13:45:49","slug":"whirlybird-309","status":"publish","type":"product","link":"https:\/\/www.sorainstyles.com\/boutique\/produit\/whirlybird-309\/","title":{"rendered":"Whirlybird 309"},"content":{"rendered":"<h1>Whirlybird &#8211; No.309 de chez Farrow &amp; Ball<\/h1>\n<h2>Un vert vivifiant<\/h2>\n<div class=\"ui-textMD2\">\n<p>Pour un espace gai, optez pour la teinte No.309 &#8211; Whirlybird, un vert vivifiant. Cette couleur est une version plus douce de Breakfast Room Green inspir\u00e9e par les graines ail\u00e9es papyrac\u00e9es tant aim\u00e9es par les jeunes jardiniers. Cette couleur est particuli\u00e8rement vivifiante dans la lumi\u00e8re du matin, et peut \u00eatre compl\u00e9t\u00e9e par <a href=\"https:\/\/www.farrow-ball.com\/fr\/couleurs\/Beverly\" target=\"_blank\" rel=\"noopener\">Beverly<\/a> et <a href=\"https:\/\/www.sorainstyles.com\/boutique\/produit\/james-white-2010\/\" target=\"_blank\" rel=\"noopener\">James White<\/a>.<\/p>\n<p>Primer &amp; Undercoat recommand\u00e9e : <a href=\"https:\/\/www.sorainstyles.com\/boutique\/appret-sous-couches\/\" target=\"_blank\" rel=\"noopener\">Mid Tones<\/a><\/p>\n<p>Blanc compl\u00e9mentaire :\u00a0<a href=\"https:\/\/www.sorainstyles.com\/boutique\/produit\/james-white-2010\/\">James White<\/a><\/p>\n<h3>4 exemples d&rsquo;harmonies de couleurs avec la teinte Whirlybird &#8211; No.309<\/h3>\n<ul>\n<li>James White No.2010 &#8211; All White No.2005<\/li>\n<li>Middleton Pink No.245 &#8211; Skylight No.205<\/li>\n<li>Breakfast Room Green No.81 &#8211; Oval Room Blue No.85<\/li>\n<li>Middleton Pink No.245 &#8211; Beverly No.310<\/li>\n<\/ul>\n<h3>Information produit<\/h3>\n<p>A base d&rsquo;eau et sans danger pour les enfants.<\/p>\n<div id=\"product-info-0-panel\" class=\"show-hide-panel__content\" role=\"region\" aria-labelledby=\"product-info-0-control\">\n<div class=\"show-hide-panel__content-inner\">\n<div class=\"product-information__content\">\n<p>En 2010, Farrow &amp; Ball a \u00e9t\u00e9 les premiers du secteur \u00e0 passer \u00e0 une gamme de finitions \u00e9labor\u00e9es enti\u00e8rement \u00e0 base d\u2019eau. Ces finitions \u00e0 faible teneur en COV et pratiquement sans odeur sont faciles \u00e0 nettoyer sans recourir \u00e0 des solvants nocifs.<\/p>\n<\/div>\n<\/div>\n<\/div>\n<p>&nbsp;<\/p>\n<\/div>\n","protected":false},"excerpt":{"rendered":"<h3>Un\u00a0vert vivifiant<\/h3>\n<p>Pour une ambiance joyeuse, choisissez ce vert vivifiant. Cette teinte \u00e9clatante s&rsquo;illumine sous la lumi\u00e8re du matin et s&rsquo;associe autant avec des teintes fonc\u00e9es que claires.<\/p>\n","protected":false},"featured_media":14640,"template":"","meta":{"_acf_changed":false,"_et_pb_use_builder":"","_et_pb_old_content":"","_et_gb_content_width":""},"product_brand":[],"product_cat":[143,360,98,92],"product_tag":[711,406,371,366,362,350,710],"class_list":{"0":"post-9354","1":"product","2":"type-product","3":"status-publish","4":"has-post-thumbnail","6":"product_cat-nuancier-actuel","7":"product_cat-les-11-nouvelles-couleurs","8":"product_cat-moyen","9":"product_cat-vert","10":"product_tag-711","11":"product_tag-couleur","12":"product_tag-farrow","13":"product_tag-farrowball","14":"product_tag-peinture","15":"product_tag-vert","16":"product_tag-whirlybird","18":"first","19":"instock","20":"taxable","21":"shipping-taxable","22":"purchasable","23":"product-type-variable"},"acf":[],"_links":{"self":[{"href":"https:\/\/www.sorainstyles.com\/boutique\/wp-json\/wp\/v2\/product\/9354","targetHints":{"allow":["GET"]}}],"collection":[{"href":"https:\/\/www.sorainstyles.com\/boutique\/wp-json\/wp\/v2\/product"}],"about":[{"href":"https:\/\/www.sorainstyles.com\/boutique\/wp-json\/wp\/v2\/types\/product"}],"wp:featuredmedia":[{"embeddable":true,"href":"https:\/\/www.sorainstyles.com\/boutique\/wp-json\/wp\/v2\/media\/14640"}],"wp:attachment":[{"href":"https:\/\/www.sorainstyles.com\/boutique\/wp-json\/wp\/v2\/media?parent=9354"}],"wp:term":[{"taxonomy":"product_brand","embeddable":true,"href":"https:\/\/www.sorainstyles.com\/boutique\/wp-json\/wp\/v2\/product_brand?post=9354"},{"taxonomy":"product_cat","embeddable":true,"href":"https:\/\/www.sorainstyles.com\/boutique\/wp-json\/wp\/v2\/product_cat?post=9354"},{"taxonomy":"product_tag","embeddable":true,"href":"https:\/\/www.sorainstyles.com\/boutique\/wp-json\/wp\/v2\/product_tag?post=9354"}],"curies":[{"name":"wp","href":"https:\/\/api.w.org\/{rel}","templated":true}]}}