{"id":9315,"date":"2022-10-04T19:29:21","date_gmt":"2022-10-04T17:29:21","guid":{"rendered":"https:\/\/www.sorainstyles.com\/boutique\/?post_type=product&#038;p=9315"},"modified":"2026-02-03T16:37:18","modified_gmt":"2026-02-03T15:37:18","slug":"tailor-tack-302","status":"publish","type":"product","link":"https:\/\/www.sorainstyles.com\/boutique\/produit\/tailor-tack-302\/","title":{"rendered":"Tailor Tack 302"},"content":{"rendered":"<h1>Tailor Tack &#8211; No. 302<\/h1>\n<h2>Le rose le plus l\u00e9ger et d\u00e9licat<\/h2>\n<div class=\"ui-textMD2\">\n<p>La teinte No.302 &#8211; Tailor Tack est le rose le plus l\u00e9ger et le plus d\u00e9licat de nos roses. Cette charmante couleur est celle des surfilages utilis\u00e9es dans les ateliers de Haute Couture. Elle est certes d\u00e9licate, mais elle a un caract\u00e8re bien tremp\u00e9. En effet, elle est suffisamment color\u00e9e pour cr\u00e9er un contraste avec le blanc. Elle se marie \u00e0 merveille avec des trouvailles vintage ou des touches industrielles, ce qui lui permet de s\u2019adapter tant \u00e0 des <a href=\"https:\/\/www.cotemaison.fr\/maison-famille\/deco-en-provence-maison-traditionnelle-en-pierre_23813.html\" target=\"_blank\" rel=\"noopener\">d\u00e9corations traditionnelles<\/a> que modernes.<\/p>\n<p>Primer &amp; Undercoat recommand\u00e9e : <a href=\"https:\/\/www.sorainstyles.com\/boutique\/appret-sous-couches\/\" target=\"_blank\" rel=\"noopener\">White &amp; Light Tones<\/a><\/p>\n<p>Blanc compl\u00e9mentaire :\u00a0<a href=\"https:\/\/www.sorainstyles.com\/boutique\/produit\/wimborne-white-239\/\">Wimborne White<\/a><\/p>\n<h3>3 exemples d&rsquo;harmonies de couleurs avec la teinte Tailor Tack &#8211; No.302<\/h3>\n<ul>\n<li>Wimborne White No.239 &#8211; All White No.2005<\/li>\n<li>Pale Powder No.204 &#8211; Skimming Stone No.241<\/li>\n<li>Setting Plaster No.231 &#8211; Pink Ground No.202<\/li>\n<\/ul>\n<h3>Information produit<\/h3>\n<p>A base d&rsquo;eau et sans danger pour les enfants.<\/p>\n<p>En 2010, Farrow &amp; Ball a \u00e9t\u00e9 les premiers du secteur \u00e0 passer \u00e0 une gamme de finitions \u00e9labor\u00e9es enti\u00e8rement \u00e0 base d\u2019eau. Ces finitions \u00e0 faible teneur en COV et pratiquement sans odeur sont faciles \u00e0 nettoyer sans recourir \u00e0 des solvants nocifs.<\/p>\n<\/div>\n","protected":false},"excerpt":{"rendered":"<h3>Tailor Tack 302 &#8211; Le\u00a0rose le plus l\u00e9ger et d\u00e9licat<\/h3>\n<p>Notre rose le plus l\u00e9ger et d\u00e9licat offre suffisamment de caract\u00e8re pour contraster avec un blanc. Il s&rsquo;harmonise aussi bien avec des pi\u00e8ces vintage qu&rsquo;avec des \u00e9l\u00e9ments industriels, s&rsquo;adaptant \u00e0 la fois aux d\u00e9cors traditionnels et modernes.<\/p>\n","protected":false},"featured_media":14649,"template":"","meta":{"_acf_changed":false,"_et_pb_use_builder":"","_et_pb_old_content":"","_et_gb_content_width":""},"product_brand":[],"product_cat":[360,331,143,81,110],"product_tag":[371,363,362,364],"class_list":{"0":"post-9315","1":"product","2":"type-product","3":"status-publish","4":"has-post-thumbnail","6":"product_cat-les-11-nouvelles-couleurs","7":"product_cat-clair","8":"product_cat-nuancier-actuel","9":"product_cat-peintures-de-finition","10":"product_cat-rouge","11":"product_tag-farrow","12":"product_tag-farrowandball","13":"product_tag-peinture","14":"product_tag-tailortack","16":"first","17":"instock","18":"taxable","19":"shipping-taxable","20":"purchasable","21":"product-type-variable"},"acf":[],"_links":{"self":[{"href":"https:\/\/www.sorainstyles.com\/boutique\/wp-json\/wp\/v2\/product\/9315","targetHints":{"allow":["GET"]}}],"collection":[{"href":"https:\/\/www.sorainstyles.com\/boutique\/wp-json\/wp\/v2\/product"}],"about":[{"href":"https:\/\/www.sorainstyles.com\/boutique\/wp-json\/wp\/v2\/types\/product"}],"wp:featuredmedia":[{"embeddable":true,"href":"https:\/\/www.sorainstyles.com\/boutique\/wp-json\/wp\/v2\/media\/14649"}],"wp:attachment":[{"href":"https:\/\/www.sorainstyles.com\/boutique\/wp-json\/wp\/v2\/media?parent=9315"}],"wp:term":[{"taxonomy":"product_brand","embeddable":true,"href":"https:\/\/www.sorainstyles.com\/boutique\/wp-json\/wp\/v2\/product_brand?post=9315"},{"taxonomy":"product_cat","embeddable":true,"href":"https:\/\/www.sorainstyles.com\/boutique\/wp-json\/wp\/v2\/product_cat?post=9315"},{"taxonomy":"product_tag","embeddable":true,"href":"https:\/\/www.sorainstyles.com\/boutique\/wp-json\/wp\/v2\/product_tag?post=9315"}],"curies":[{"name":"wp","href":"https:\/\/api.w.org\/{rel}","templated":true}]}}