{"id":9260,"date":"2022-10-02T21:21:03","date_gmt":"2022-10-02T19:21:03","guid":{"rendered":"https:\/\/www.sorainstyles.com\/boutique\/?post_type=product&#038;p=9260"},"modified":"2025-09-30T15:37:22","modified_gmt":"2025-09-30T13:37:22","slug":"kittiwake-307","status":"publish","type":"product","link":"https:\/\/www.sorainstyles.com\/boutique\/produit\/kittiwake-307\/","title":{"rendered":"Kittiwake 307"},"content":{"rendered":"<h1>Kittiwake &#8211; No.307 de chez Farrow &amp; Ball<\/h1>\n<h2>Un bleu pur et froid<\/h2>\n<div class=\"ui-textMD2\">\n<p>La teinte No.307 Kittiwake est un bleu froid qui rappelle la couleur des ailes des oiseaux de mer volant en plein soleil. Kittiwake se situe entre Parma Gray et Lulworth Blue, une touche de noir la rend plus chaleureuse et apaisante. Cette teinte est parfaite pour les espaces de vie et reste r\u00e9solument bleue sous toutes les lumi\u00e8res. Elle se marie \u00e9galement parfaitement \u00e0 l\u2019inox, si bien qu\u2019elle est magnifique dans les <a href=\"https:\/\/www.cotemaison.fr\/cuisine\/diaporama\/plus-de-25-modeles-de-cuisine-a-suivre-la-nouvelle-selection_2921.html\" target=\"_blank\" rel=\"noopener\">cuisines contemporaines<\/a>. Ce bleu sophistiqu\u00e9 est mis en valeur par <a href=\"https:\/\/www.sorainstyles.com\/boutique\/produit\/wine-dark-308\/\" target=\"_blank\" rel=\"noopener\">Wine Dark<\/a> et <a href=\"https:\/\/www.sorainstyles.com\/boutique\/produit\/borrowed-light-235\/\" target=\"_blank\" rel=\"noopener\">Borrowed Light<\/a>.<\/p>\n<p>Primer &amp; Undercoat recommand\u00e9e : <a href=\"https:\/\/www.sorainstyles.com\/boutique\/appret-sous-couches\/\" target=\"_blank\" rel=\"noopener\">White &amp; Light Tones<\/a><\/p>\n<p>Blanc compl\u00e9mentaire :\u00a0<a href=\"https:\/\/www.sorainstyles.com\/boutique\/produit\/strong-white-2001\/\" target=\"_blank\" rel=\"noopener\">Strong White<\/a><\/p>\n<h3>3 exemples d&rsquo;harmonies de couleurs avec la teinte Kittiwake &#8211; No.307<\/h3>\n<ul>\n<li>Strong White No.2001 &#8211; Blackened No.2011<\/li>\n<li>Calamine No.230 &#8211; Sulking Room Pink No.295<\/li>\n<li>Cornforth White No.228 &#8211; Wine Dark No.308<\/li>\n<\/ul>\n<h3>Information produit<\/h3>\n<p>A base d&rsquo;eau et sans danger pour les enfants.<\/p>\n<p>En 2010, nous avons \u00e9t\u00e9 les premiers du secteur \u00e0 passer \u00e0 une gamme de finitions \u00e9labor\u00e9es enti\u00e8rement \u00e0 base d\u2019eau. Ces finitions \u00e0 faible teneur en COV et pratiquement sans odeur sont faciles \u00e0 nettoyer sans recourir \u00e0 des solvants nocifs.<\/p>\n<\/div>\n","protected":false},"excerpt":{"rendered":"<h3>Un bleu pur et froid<\/h3>\n<p>Kittiwake, un bleu froid est enrichi d&rsquo;une touche de noir, il apporte chaleur et apaisement, parfait pour les espaces de vie. Ce bleu reste vibrant sous toutes les lumi\u00e8res et se marie superbement \u00e0 l&rsquo;inox, id\u00e9al par exemple pour les cuisines modernes.<\/p>\n","protected":false},"featured_media":14646,"template":"","meta":{"_acf_changed":false,"_et_pb_use_builder":"","_et_pb_old_content":"","_et_gb_content_width":""},"product_brand":[],"product_cat":[330,360,98,143],"product_tag":[378,371,363,377,362],"class_list":{"0":"post-9260","1":"product","2":"type-product","3":"status-publish","4":"has-post-thumbnail","6":"product_cat-bleu","7":"product_cat-les-11-nouvelles-couleurs","8":"product_cat-moyen","9":"product_cat-nuancier-actuel","10":"product_tag-378","11":"product_tag-farrow","12":"product_tag-farrowandball","13":"product_tag-kittiwake","14":"product_tag-peinture","16":"first","17":"instock","18":"taxable","19":"shipping-taxable","20":"purchasable","21":"product-type-variable"},"acf":[],"_links":{"self":[{"href":"https:\/\/www.sorainstyles.com\/boutique\/wp-json\/wp\/v2\/product\/9260","targetHints":{"allow":["GET"]}}],"collection":[{"href":"https:\/\/www.sorainstyles.com\/boutique\/wp-json\/wp\/v2\/product"}],"about":[{"href":"https:\/\/www.sorainstyles.com\/boutique\/wp-json\/wp\/v2\/types\/product"}],"wp:featuredmedia":[{"embeddable":true,"href":"https:\/\/www.sorainstyles.com\/boutique\/wp-json\/wp\/v2\/media\/14646"}],"wp:attachment":[{"href":"https:\/\/www.sorainstyles.com\/boutique\/wp-json\/wp\/v2\/media?parent=9260"}],"wp:term":[{"taxonomy":"product_brand","embeddable":true,"href":"https:\/\/www.sorainstyles.com\/boutique\/wp-json\/wp\/v2\/product_brand?post=9260"},{"taxonomy":"product_cat","embeddable":true,"href":"https:\/\/www.sorainstyles.com\/boutique\/wp-json\/wp\/v2\/product_cat?post=9260"},{"taxonomy":"product_tag","embeddable":true,"href":"https:\/\/www.sorainstyles.com\/boutique\/wp-json\/wp\/v2\/product_tag?post=9260"}],"curies":[{"name":"wp","href":"https:\/\/api.w.org\/{rel}","templated":true}]}}