{"id":9225,"date":"2022-10-02T18:49:48","date_gmt":"2022-10-02T16:49:48","guid":{"rendered":"https:\/\/www.sorainstyles.com\/boutique\/?post_type=product&#038;p=9225"},"modified":"2025-10-21T14:34:48","modified_gmt":"2025-10-21T12:34:48","slug":"eddy-301","status":"publish","type":"product","link":"https:\/\/www.sorainstyles.com\/boutique\/produit\/eddy-301\/","title":{"rendered":"Eddy 301"},"content":{"rendered":"<h1>Eddy &#8211; No.301 de chez Farrow &amp; Ball<\/h1>\n<h2>Un vert calme et doux<\/h2>\n<div class=\"ui-textMD2\">\n<p>La teinte No.301 &#8211; Eddy est un vert doux nomm\u00e9 d&rsquo;apr\u00e8s les courants circulaires qui cr\u00e9ent un jacuzzi naturel, pour le bonheur des nageurs intr\u00e9pides. Cette teinte cr\u00e9e un lien parfait avec la nature, et est id\u00e9ale dans un salon de jardin ou combin\u00e9e \u00e0 des <a href=\"https:\/\/www.cotemaison.fr\/inspirations\/diaporama\/matieres-naturelles-paille-raphia-rotin-bois-s-invitent-dans-la-decoration_31652.html\" target=\"_blank\" rel=\"noopener\">mat\u00e9riaux naturels<\/a>. Eddy apporte une bouff\u00e9e d\u2019air frais, et est aussi le choix parfait pour des espaces calmes et relaxants. Elle a une teinte d\u00e9licate sans toutefois devenir pastel, et se situe \u00e0 l\u2019extr\u00e9mit\u00e9 la plus claire de la famille de <a href=\"https:\/\/www.sorainstyles.com\/boutique\/produit\/french-gray-18\/\" target=\"_blank\" rel=\"noopener\">French Gray<\/a> et <a href=\"https:\/\/www.sorainstyles.com\/boutique\/produit\/treron-292\/\" target=\"_blank\" rel=\"noopener\">Treron<\/a>.<\/p>\n<p>Primer &amp; Undercoat recommand\u00e9e : <a href=\"https:\/\/www.sorainstyles.com\/boutique\/categorie-produit\/appret-sous-couches\/white-and-light-tones\/\" target=\"_blank\" rel=\"noopener\">White and Light Tones<\/a><\/p>\n<p>Blanc compl\u00e9mentaire :\u00a0<a href=\"https:\/\/www.sorainstyles.com\/boutique\/produit\/school-house-white-291\/\" target=\"_blank\" rel=\"noopener\">School House White<\/a><\/p>\n<h3>4 exemples d&rsquo;harmonies de couleurs avec la teinte Eddy &#8211; No.301<\/h3>\n<ul>\n<li>School House White No.291 &#8211; Wimborne White No.239<\/li>\n<li>Stirabout No.300 &#8211; Blanc de Chine No.9814<\/li>\n<li>French Gray No.18 &#8211; Treron No.292<\/li>\n<li>Tailor Tack No.302 &#8211; Beverly No.310<\/li>\n<\/ul>\n<\/div>\n","protected":false},"excerpt":{"rendered":"<h3>Un vert calme et doux<\/h3>\n<p>Eddy, un vert doux cr\u00e9e une harmonie parfaite avec la nature, id\u00e9al pour une pi\u00e8ce situ\u00e9e vers le jardin ou associ\u00e9 \u00e0 des mat\u00e9riaux naturels. Frais et apaisant, il apporte une touche de s\u00e9r\u00e9nit\u00e9 sans devenir pastel, et s&rsquo;inscrit dans les nuances les plus claires de notre gamme de vert de gris.<\/p>\n<p>Sous-couche recommand\u00e9e :\u00a0<a href=\"https:\/\/www.sorainstyles.com\/boutique\/categorie-produit\/appret-sous-couches\/white-and-light-tones\/\" target=\"_blank\" rel=\"noopener\">White and Light Tones<\/a><\/p>\n","protected":false},"featured_media":14648,"template":"","meta":{"_acf_changed":false,"_et_pb_use_builder":"","_et_pb_old_content":"","_et_gb_content_width":""},"product_brand":[],"product_cat":[143,331,360,92],"product_tag":[381,367,371,366,362],"class_list":{"0":"post-9225","1":"product","2":"type-product","3":"status-publish","4":"has-post-thumbnail","6":"product_cat-nuancier-actuel","7":"product_cat-clair","8":"product_cat-les-11-nouvelles-couleurs","9":"product_cat-vert","10":"product_tag-381","11":"product_tag-eddy","12":"product_tag-farrow","13":"product_tag-farrowball","14":"product_tag-peinture","16":"first","17":"instock","18":"taxable","19":"shipping-taxable","20":"purchasable","21":"product-type-variable"},"acf":[],"_links":{"self":[{"href":"https:\/\/www.sorainstyles.com\/boutique\/wp-json\/wp\/v2\/product\/9225","targetHints":{"allow":["GET"]}}],"collection":[{"href":"https:\/\/www.sorainstyles.com\/boutique\/wp-json\/wp\/v2\/product"}],"about":[{"href":"https:\/\/www.sorainstyles.com\/boutique\/wp-json\/wp\/v2\/types\/product"}],"wp:featuredmedia":[{"embeddable":true,"href":"https:\/\/www.sorainstyles.com\/boutique\/wp-json\/wp\/v2\/media\/14648"}],"wp:attachment":[{"href":"https:\/\/www.sorainstyles.com\/boutique\/wp-json\/wp\/v2\/media?parent=9225"}],"wp:term":[{"taxonomy":"product_brand","embeddable":true,"href":"https:\/\/www.sorainstyles.com\/boutique\/wp-json\/wp\/v2\/product_brand?post=9225"},{"taxonomy":"product_cat","embeddable":true,"href":"https:\/\/www.sorainstyles.com\/boutique\/wp-json\/wp\/v2\/product_cat?post=9225"},{"taxonomy":"product_tag","embeddable":true,"href":"https:\/\/www.sorainstyles.com\/boutique\/wp-json\/wp\/v2\/product_tag?post=9225"}],"curies":[{"name":"wp","href":"https:\/\/api.w.org\/{rel}","templated":true}]}}