{"id":8783,"date":"2022-02-23T11:13:21","date_gmt":"2022-02-23T10:13:21","guid":{"rendered":"https:\/\/www.sorainstyles.com\/boutique\/?post_type=product&#038;p=8783"},"modified":"2025-10-21T10:52:25","modified_gmt":"2025-10-21T08:52:25","slug":"wall-ceilling-primer-undercoat","status":"publish","type":"product","link":"https:\/\/www.sorainstyles.com\/boutique\/produit\/wall-ceilling-primer-undercoat\/","title":{"rendered":"Wall &amp; Ceiling Primer &amp; Undercoat"},"content":{"rendered":"<div class=\"et_pb_module et_pb_wc_title et_pb_wc_title_0_tb_body et_pb_bg_layout_light\">\n<div class=\"et_pb_module_inner\">\n<p><strong>D\u00e9sormais disponible en 750 ml<\/strong><\/p>\n<p>Notre Wall &amp; Ceiling Primer est d\u00e9sormais disponible en pots de 750 ml. Une contenance id\u00e9ale pour les petits espaces, les projets \u00e0 r\u00e9aliser en un week-end et les retouches.<\/p>\n<h3>Disponible en 4 couleurs<\/h3>\n<p>Chez Farrow &amp; Ball, nous avons 4 couleurs de sous-couches. La couleur de votre sous-couche d\u00e9pendra de la couleur s\u00e9lectionn\u00e9e. En effet, cela a pour but d&rsquo;augmenter l&rsquo;intensit\u00e9 de la couleur choisie.<\/p>\n<h4>White &amp; Light Tones<\/h4>\n<p>Des blancs classiques aux bleus doux et m\u00eame aux jaunes soleil, notre White &amp; Light Tones Primer &amp; Undercoat cr\u00e9e une base merveilleuse pour nos nuances les plus claires. Cet appr\u00eat, qui couvre les imperfections de votre surface et ajoute une profondeur de couleur suppl\u00e9mentaire, est bas\u00e9 sur notre couleur la plus simple, All White.<\/p>\n<h4>Mid Tones<\/h4>\n<div class=\"product-details-container\">\n<div class=\"product attribute description\">\n<div data-content-type=\"row\" data-appearance=\"contained\" data-element=\"main\">\n<div data-enable-parallax=\"0\" data-parallax-speed=\"0.5\" data-background-images=\"{}\" data-background-type=\"image\" data-video-loop=\"true\" data-video-play-only-visible=\"true\" data-video-lazy-load=\"true\" data-video-fallback-src=\"\" data-element=\"inner\" data-pb-style=\"T2N64UR\">\n<div data-content-type=\"text\" data-appearance=\"default\" data-element=\"main\">\n<p>L&rsquo;utilisation de notre Mid Tones Primer &amp; Undercoat bas\u00e9 sur la couleur Bone ajoute une magnifique profondeur de couleur \u00e0 certaines de nos nuances les plus vendues. Que vous peigniez vos murs en Whirlybird, votre porte d&rsquo;entr\u00e9e en French Grey ou vos plinthes en Sulking Room Pink, un bon appr\u00eat est la premi\u00e8re \u00e9tape essentielle de votre transformation.<\/p>\n<h4>Dark Tones<\/h4>\n<div class=\"product-details-container\">\n<div class=\"product attribute description\">\n<div data-content-type=\"row\" data-appearance=\"contained\" data-element=\"main\">\n<div data-enable-parallax=\"0\" data-parallax-speed=\"0.5\" data-background-images=\"{}\" data-background-type=\"image\" data-video-loop=\"true\" data-video-play-only-visible=\"true\" data-video-lazy-load=\"true\" data-video-fallback-src=\"\" data-element=\"inner\" data-pb-style=\"MRHKFSQ\">\n<div data-content-type=\"text\" data-appearance=\"default\" data-element=\"main\">\n<p>Quand on veut des couleurs sombres, plus c\u2019est fonc\u00e9, mieux c\u2019est. Ainsi, pour un fini irr\u00e9sistible, associez les nuances fonc\u00e9es \u00e0 notre Dark Tones Primer &amp; Undercoat. La combinaison de cet appr\u00eat bas\u00e9 sur la couleur de Down Pipe avec votre couche de finition cr\u00e9e une richesse in\u00e9gal\u00e9e et fait toute la diff\u00e9rence.<\/p>\n<h4>Red &amp; Warm Tones<\/h4>\n<div class=\"product-details-container\">\n<div class=\"product attribute description\">\n<div data-content-type=\"row\" data-appearance=\"contained\" data-element=\"main\">\n<div data-enable-parallax=\"0\" data-parallax-speed=\"0.5\" data-background-images=\"{}\" data-background-type=\"image\" data-video-loop=\"true\" data-video-play-only-visible=\"true\" data-video-lazy-load=\"true\" data-video-fallback-src=\"\" data-element=\"inner\" data-pb-style=\"QGK122W\">\n<div data-content-type=\"text\" data-appearance=\"default\" data-element=\"main\">\n<p>Notre Red &amp; Warm Tones Primer &amp; Undercoat est la premi\u00e8re \u00e9tape parfaite vers des combinaisons de couleurs vraiment cosy. Bas\u00e9 sur la teinte Porphyry Pink, il donne aux couches de finition un aspect encore plus riche, pour mettre encore plus en valeur la nuance choisie. Avec des nuances comme Red Earth, Rangwali ou Brinjal, vous \u00eates s\u00fbr d\u2019obtenir un fini v\u00e9ritablement chaleureux.<\/p>\n<\/div>\n<\/div>\n<\/div>\n<\/div>\n<\/div>\n<\/div>\n<\/div>\n<\/div>\n<\/div>\n<\/div>\n<\/div>\n<\/div>\n<\/div>\n<\/div>\n<\/div>\n<\/div>\n<\/div>\n","protected":false},"excerpt":{"rendered":"<div class=\"et_pb_module et_pb_wc_title et_pb_wc_title_0_tb_body et_pb_bg_layout_light\">\n<div class=\"et_pb_module_inner\">\n<h2>Sous-couche pour mur et plafond<\/h2>\n<\/div>\n<\/div>\n<p>Notre sous-couche Wall &amp; Ceiling Primer &amp; Undercoat est con\u00e7ue pour \u00eatre utilis\u00e9e avant la finition\u00a0<strong><em>Estate Emulsion,<\/em><\/strong>\u00a0<strong><em>Modern Emulsion <\/em><\/strong><em>ou<\/em><strong><em> Dead Flat.<\/em><\/strong><\/p>\n","protected":false},"featured_media":8494,"template":"","meta":{"_acf_changed":false,"_et_pb_use_builder":"","_et_pb_old_content":"","_et_gb_content_width":""},"product_brand":[],"product_cat":[276,346,348,347,345],"product_tag":[],"class_list":{"0":"post-8783","1":"product","2":"type-product","3":"status-publish","4":"has-post-thumbnail","6":"product_cat-appret-sous-couches","7":"product_cat-dark-tones","8":"product_cat-mid-tones","9":"product_cat-red-and-warm-tones","10":"product_cat-white-and-light-tones","12":"first","13":"instock","14":"taxable","15":"shipping-taxable","16":"purchasable","17":"product-type-variable"},"acf":[],"_links":{"self":[{"href":"https:\/\/www.sorainstyles.com\/boutique\/wp-json\/wp\/v2\/product\/8783","targetHints":{"allow":["GET"]}}],"collection":[{"href":"https:\/\/www.sorainstyles.com\/boutique\/wp-json\/wp\/v2\/product"}],"about":[{"href":"https:\/\/www.sorainstyles.com\/boutique\/wp-json\/wp\/v2\/types\/product"}],"wp:featuredmedia":[{"embeddable":true,"href":"https:\/\/www.sorainstyles.com\/boutique\/wp-json\/wp\/v2\/media\/8494"}],"wp:attachment":[{"href":"https:\/\/www.sorainstyles.com\/boutique\/wp-json\/wp\/v2\/media?parent=8783"}],"wp:term":[{"taxonomy":"product_brand","embeddable":true,"href":"https:\/\/www.sorainstyles.com\/boutique\/wp-json\/wp\/v2\/product_brand?post=8783"},{"taxonomy":"product_cat","embeddable":true,"href":"https:\/\/www.sorainstyles.com\/boutique\/wp-json\/wp\/v2\/product_cat?post=8783"},{"taxonomy":"product_tag","embeddable":true,"href":"https:\/\/www.sorainstyles.com\/boutique\/wp-json\/wp\/v2\/product_tag?post=8783"}],"curies":[{"name":"wp","href":"https:\/\/api.w.org\/{rel}","templated":true}]}}