{"id":8745,"date":"2022-02-20T21:30:59","date_gmt":"2022-02-20T20:30:59","guid":{"rendered":"https:\/\/www.sorainstyles.com\/boutique\/?post_type=product&#038;p=8745"},"modified":"2024-11-06T15:50:06","modified_gmt":"2024-11-06T14:50:06","slug":"wood-floor-primer-undercoat","status":"publish","type":"product","link":"https:\/\/www.sorainstyles.com\/boutique\/produit\/wood-floor-primer-undercoat\/","title":{"rendered":"Wood Primer &amp; Undercoat"},"content":{"rendered":"<p>Il est important de choisir la tonalit\u00e9 correcte de <a href=\"https:\/\/www.sorainstyles.com\/boutique\/appret-sous-couches\/\" target=\"_blank\" rel=\"noopener\">Primer &amp; Undercoat<\/a> parmi nos quatre couleurs.<\/p>\n<h3>Disponible en 4 couleurs<\/h3>\n<p>Chez Farrow &amp; Ball, nous avons 4 couleurs de sous-couches. La couleur de votre sous-couche d\u00e9pendra de la couleur s\u00e9lectionn\u00e9e. En effet, cela a pour but d\u2019augmenter l\u2019intensit\u00e9 de la couleur choisie.<\/p>\n<h4>White &amp; Light Tones<\/h4>\n<p>Des blancs classiques aux bleus doux et m\u00eame aux jaunes soleil, notre White &amp; Light Tones Primer &amp; Undercoat cr\u00e9e une base merveilleuse pour nos nuances les plus claires. Cet appr\u00eat, qui couvre les imperfections de votre surface et ajoute une profondeur de couleur suppl\u00e9mentaire, est bas\u00e9 sur notre couleur la plus simple, All White.<\/p>\n<h4>Mid Tones<\/h4>\n<div class=\"product-details-container\">\n<div class=\"product attribute description\">\n<div data-content-type=\"row\" data-appearance=\"contained\" data-element=\"main\">\n<div data-enable-parallax=\"0\" data-parallax-speed=\"0.5\" data-background-images=\"{}\" data-background-type=\"image\" data-video-loop=\"true\" data-video-play-only-visible=\"true\" data-video-lazy-load=\"true\" data-video-fallback-src=\"\" data-element=\"inner\" data-pb-style=\"T2N64UR\">\n<div data-content-type=\"text\" data-appearance=\"default\" data-element=\"main\">\n<p>L\u2019utilisation de notre Mid Tones Primer &amp; Undercoat bas\u00e9 sur la couleur Bone ajoute une magnifique profondeur de couleur \u00e0 certaines de nos nuances les plus vendues. Un bon appr\u00eat est la premi\u00e8re \u00e9tape essentielle de votre transformation.<\/p>\n<h4>Dark Tones<\/h4>\n<div class=\"product-details-container\">\n<div class=\"product attribute description\">\n<div data-content-type=\"row\" data-appearance=\"contained\" data-element=\"main\">\n<div data-enable-parallax=\"0\" data-parallax-speed=\"0.5\" data-background-images=\"{}\" data-background-type=\"image\" data-video-loop=\"true\" data-video-play-only-visible=\"true\" data-video-lazy-load=\"true\" data-video-fallback-src=\"\" data-element=\"inner\" data-pb-style=\"MRHKFSQ\">\n<div data-content-type=\"text\" data-appearance=\"default\" data-element=\"main\">\n<p>Quand on veut des couleurs sombres, plus c\u2019est fonc\u00e9, mieux c\u2019est. Ainsi, pour un fini irr\u00e9sistible, associez les nuances fonc\u00e9es \u00e0 notre Dark Tones Primer &amp; Undercoat. La combinaison de cet appr\u00eat bas\u00e9 sur la couleur de Down Pipe avec votre couche de finition cr\u00e9e une richesse in\u00e9gal\u00e9e et fait toute la diff\u00e9rence.<\/p>\n<h4>Red &amp; Warm Tones<\/h4>\n<div class=\"product-details-container\">\n<div class=\"product attribute description\">\n<div data-content-type=\"row\" data-appearance=\"contained\" data-element=\"main\">\n<div data-enable-parallax=\"0\" data-parallax-speed=\"0.5\" data-background-images=\"{}\" data-background-type=\"image\" data-video-loop=\"true\" data-video-play-only-visible=\"true\" data-video-lazy-load=\"true\" data-video-fallback-src=\"\" data-element=\"inner\" data-pb-style=\"QGK122W\">\n<div data-content-type=\"text\" data-appearance=\"default\" data-element=\"main\">\n<p>Notre Red &amp; Warm Tones Primer &amp; Undercoat est la premi\u00e8re \u00e9tape parfaite vers des combinaisons de couleurs vraiment cosy. Bas\u00e9 sur la teinte Porphyry Pink, il donne aux couches de finition un aspect encore plus riche. Cela permet de mettre encore plus en valeur la nuance choisie. Avec des nuances comme Red Earth, Rangwali ou Brinjal, vous \u00eates s\u00fbr d\u2019obtenir un fini v\u00e9ritablement chaleureux.<\/p>\n<\/div>\n<\/div>\n<\/div>\n<\/div>\n<\/div>\n<\/div>\n<\/div>\n<\/div>\n<\/div>\n<\/div>\n<\/div>\n<\/div>\n<\/div>\n<\/div>\n<\/div>\n","protected":false},"excerpt":{"rendered":"<h2>Sous-couche pour boiserie<\/h2>\n<p><span class=\"TextRun SCXW107020381 BCX0\" lang=\"FR-FR\" xml:lang=\"FR-FR\" data-contrast=\"auto\"><span class=\"NormalTextRun SCXW107020381 BCX0\" data-ccp-charstyle=\"normaltextrun\" data-ccp-charstyle-defn=\"{&quot;ObjectId&quot;:&quot;49cdffee-23ab-47e2-a462-4fd9feda1d57|25&quot;,&quot;ClassId&quot;:1073872969,&quot;Properties&quot;:[469775450,&quot;normaltextrun&quot;,201340122,&quot;1&quot;,134233614,&quot;true&quot;,469778129,&quot;normaltextrun&quot;,335572020,&quot;1&quot;,469778324,&quot;Default Paragraph Font&quot;]}\">Notre Wood Primer &amp;\u00a0<\/span><span class=\"NormalTextRun SpellingErrorV2Themed SCXW107020381 BCX0\" data-ccp-charstyle=\"normaltextrun\">Undercoat<\/span><span class=\"NormalTextRun SCXW107020381 BCX0\" data-ccp-charstyle=\"normaltextrun\">\u00a0est con\u00e7u pour \u00eatre utilis\u00e9 sur le bois int\u00e9rieur et ext\u00e9rieur nu ou d\u00e9j\u00e0 peint, y compris sur les lames de plancher et les n\u0153uds. Il cr\u00e9e une base lisse et protectrice pour nos finitions\u00a0<\/span><span class=\"NormalTextRun SpellingErrorV2Themed SCXW107020381 BCX0\" data-ccp-charstyle=\"normaltextrun\">Eggshell<\/span><span class=\"NormalTextRun SCXW107020381 BCX0\" data-ccp-charstyle=\"normaltextrun\">, Full Gloss ou Dead\u00a0<\/span><span class=\"NormalTextRun SpellingErrorV2Themed SCXW107020381 BCX0\" data-ccp-charstyle=\"normaltextrun\">Flat<\/span><\/span><span class=\"TextRun SCXW107020381 BCX0\" lang=\"FR-FR\" xml:lang=\"FR-FR\" data-contrast=\"auto\"><span class=\"NormalTextRun SCXW107020381 BCX0\" data-ccp-charstyle=\"normaltextrun\">. Disponible en quatre teintes pour compl\u00e9ter votre couche de finition, pour un fini durable et riche en couleurs.<\/span><\/span><\/p>\n","protected":false},"featured_media":10177,"template":"","meta":{"_acf_changed":false,"_et_pb_use_builder":"","_et_pb_old_content":"","_et_gb_content_width":""},"product_brand":[],"product_cat":[276,346,348,347,345],"product_tag":[],"class_list":{"0":"post-8745","1":"product","2":"type-product","3":"status-publish","4":"has-post-thumbnail","6":"product_cat-appret-sous-couches","7":"product_cat-dark-tones","8":"product_cat-mid-tones","9":"product_cat-red-and-warm-tones","10":"product_cat-white-and-light-tones","12":"first","13":"instock","14":"taxable","15":"shipping-taxable","16":"purchasable","17":"product-type-variable"},"acf":[],"_links":{"self":[{"href":"https:\/\/www.sorainstyles.com\/boutique\/wp-json\/wp\/v2\/product\/8745","targetHints":{"allow":["GET"]}}],"collection":[{"href":"https:\/\/www.sorainstyles.com\/boutique\/wp-json\/wp\/v2\/product"}],"about":[{"href":"https:\/\/www.sorainstyles.com\/boutique\/wp-json\/wp\/v2\/types\/product"}],"wp:featuredmedia":[{"embeddable":true,"href":"https:\/\/www.sorainstyles.com\/boutique\/wp-json\/wp\/v2\/media\/10177"}],"wp:attachment":[{"href":"https:\/\/www.sorainstyles.com\/boutique\/wp-json\/wp\/v2\/media?parent=8745"}],"wp:term":[{"taxonomy":"product_brand","embeddable":true,"href":"https:\/\/www.sorainstyles.com\/boutique\/wp-json\/wp\/v2\/product_brand?post=8745"},{"taxonomy":"product_cat","embeddable":true,"href":"https:\/\/www.sorainstyles.com\/boutique\/wp-json\/wp\/v2\/product_cat?post=8745"},{"taxonomy":"product_tag","embeddable":true,"href":"https:\/\/www.sorainstyles.com\/boutique\/wp-json\/wp\/v2\/product_tag?post=8745"}],"curies":[{"name":"wp","href":"https:\/\/api.w.org\/{rel}","templated":true}]}}