{"id":8739,"date":"2022-02-20T21:16:13","date_gmt":"2022-02-20T20:16:13","guid":{"rendered":"https:\/\/www.sorainstyles.com\/boutique\/?post_type=product&#038;p=8739"},"modified":"2024-11-06T15:50:47","modified_gmt":"2024-11-06T14:50:47","slug":"metal-primer-undercoat","status":"publish","type":"product","link":"https:\/\/www.sorainstyles.com\/boutique\/produit\/metal-primer-undercoat\/","title":{"rendered":"Metal Primer &amp; Undercoat"},"content":{"rendered":"<p><span style=\"color: #333333; font-size: 22px;\">Metal Primer &amp; Undercoat : disponible en 4 couleurs<\/span><\/p>\n<div class=\"product-details-container\">\n<div class=\"product attribute description\">\n<div data-content-type=\"row\" data-appearance=\"contained\" data-element=\"main\">\n<div data-enable-parallax=\"0\" data-parallax-speed=\"0.5\" data-background-images=\"{}\" data-background-type=\"image\" data-video-loop=\"true\" data-video-play-only-visible=\"true\" data-video-lazy-load=\"true\" data-video-fallback-src=\"\" data-element=\"inner\" data-pb-style=\"T2N64UR\">\n<div data-content-type=\"text\" data-appearance=\"default\" data-element=\"main\">\n<div class=\"product-details-container\">\n<div class=\"product attribute description\">\n<div data-content-type=\"row\" data-appearance=\"contained\" data-element=\"main\">\n<div data-enable-parallax=\"0\" data-parallax-speed=\"0.5\" data-background-images=\"{}\" data-background-type=\"image\" data-video-loop=\"true\" data-video-play-only-visible=\"true\" data-video-lazy-load=\"true\" data-video-fallback-src=\"\" data-element=\"inner\" data-pb-style=\"MRHKFSQ\">\n<div data-content-type=\"text\" data-appearance=\"default\" data-element=\"main\">\n<div class=\"product-details-container\">\n<div class=\"product attribute description\">\n<div data-content-type=\"row\" data-appearance=\"contained\" data-element=\"main\">\n<div data-enable-parallax=\"0\" data-parallax-speed=\"0.5\" data-background-images=\"{}\" data-background-type=\"image\" data-video-loop=\"true\" data-video-play-only-visible=\"true\" data-video-lazy-load=\"true\" data-video-fallback-src=\"\" data-element=\"inner\" data-pb-style=\"QGK122W\">\n<div data-content-type=\"text\" data-appearance=\"default\" data-element=\"main\">\n<p>Chez Farrow &amp; Ball, nous avons 4 couleurs de sous-couches. La couleur de votre sous-couche d\u00e9pendra de la couleur s\u00e9lectionn\u00e9e. En effet, cela a pour but d\u2019augmenter l\u2019intensit\u00e9 de la couleur choisie.<\/p>\n<h4>White &amp; Light Tones<\/h4>\n<p>Des blancs classiques aux bleus doux et m\u00eame aux jaunes soleil, notre White &amp; Light Tones Primer &amp; Undercoat cr\u00e9e une base merveilleuse pour nos nuances les plus claires. Cet appr\u00eat, couvre les imperfections de votre surface et ajoute une profondeur de couleur suppl\u00e9mentaire. Elle est bas\u00e9e sur notre couleur la plus simple, All White.<\/p>\n<h4>Mid Tones<\/h4>\n<div class=\"product-details-container\">\n<div class=\"product attribute description\">\n<div data-content-type=\"row\" data-appearance=\"contained\" data-element=\"main\">\n<div data-enable-parallax=\"0\" data-parallax-speed=\"0.5\" data-background-images=\"{}\" data-background-type=\"image\" data-video-loop=\"true\" data-video-play-only-visible=\"true\" data-video-lazy-load=\"true\" data-video-fallback-src=\"\" data-element=\"inner\" data-pb-style=\"T2N64UR\">\n<div data-content-type=\"text\" data-appearance=\"default\" data-element=\"main\">\n<p>L\u2019utilisation de notre Mid Tones Primer &amp; Undercoat ajoute une magnifique profondeur de couleur \u00e0 certaines de nos nuances les plus vendues. Que vous peigniez vos murs en Whirlybird ou vos plinthes en Sulking Room Pink, un bon appr\u00eat est la premi\u00e8re \u00e9tape essentielle de votre transformation.<\/p>\n<h4>Dark Tones<\/h4>\n<div class=\"product-details-container\">\n<div class=\"product attribute description\">\n<div data-content-type=\"row\" data-appearance=\"contained\" data-element=\"main\">\n<div data-enable-parallax=\"0\" data-parallax-speed=\"0.5\" data-background-images=\"{}\" data-background-type=\"image\" data-video-loop=\"true\" data-video-play-only-visible=\"true\" data-video-lazy-load=\"true\" data-video-fallback-src=\"\" data-element=\"inner\" data-pb-style=\"MRHKFSQ\">\n<div data-content-type=\"text\" data-appearance=\"default\" data-element=\"main\">\n<p>Quand on veut des couleurs sombres, plus c\u2019est fonc\u00e9, mieux c\u2019est. Ainsi, pour un fini irr\u00e9sistible, associez les nuances fonc\u00e9es \u00e0 notre Dark Tones Primer &amp; Undercoat. La combinaison de cet appr\u00eat est bas\u00e9 sur la couleur de Down Pipe. Cela cr\u00e9e une richesse in\u00e9gal\u00e9e et fait toute la diff\u00e9rence pour l&rsquo;application de votre finition ensuite.<\/p>\n<h4>Red &amp; Warm Tones<\/h4>\n<div class=\"product-details-container\">\n<div class=\"product attribute description\">\n<div data-content-type=\"row\" data-appearance=\"contained\" data-element=\"main\">\n<div data-enable-parallax=\"0\" data-parallax-speed=\"0.5\" data-background-images=\"{}\" data-background-type=\"image\" data-video-loop=\"true\" data-video-play-only-visible=\"true\" data-video-lazy-load=\"true\" data-video-fallback-src=\"\" data-element=\"inner\" data-pb-style=\"QGK122W\">\n<div data-content-type=\"text\" data-appearance=\"default\" data-element=\"main\">\n<p>Notre Red &amp; Warm Tones Primer &amp; Undercoat est la premi\u00e8re \u00e9tape parfaite vers des combinaisons de couleurs vraiment cosy. Bas\u00e9 sur la teinte Porphyry Pink, il donne aux couches de finition un aspect encore plus riche. Cela permet de mettre encore plus en valeur la teinte choisie. Avec des nuances comme Red Earth, Rangwali ou Brinjal, vous \u00eates s\u00fbr d\u2019obtenir un fini v\u00e9ritablement chaleureux.<\/p>\n<\/div>\n<\/div>\n<\/div>\n<\/div>\n<\/div>\n<\/div>\n<\/div>\n<\/div>\n<\/div>\n<\/div>\n<\/div>\n<\/div>\n<\/div>\n<\/div>\n<\/div>\n<\/div>\n<\/div>\n<\/div>\n<\/div>\n<\/div>\n<\/div>\n<\/div>\n<\/div>\n<\/div>\n<\/div>\n<\/div>\n<\/div>\n<\/div>\n<\/div>\n<\/div>\n","protected":false},"excerpt":{"rendered":"<h2>Sous-couche pour m\u00e9tal<\/h2>\n<p>Notre Metal Primer &amp; Undercoat est un appr\u00eat anti-rouille pour toutes les surfaces en m\u00e9tal ferreux nu. Il permet de cr\u00e9er une base lisse sur les portails, les garde-fous, les meubles de jardin, les radiateurs et les goutti\u00e8res en m\u00e9tal. C&rsquo;est un produit \u00e0 appliquer en amont de la <a href=\"https:\/\/www.sorainstyles.com\/boutique\/\" target=\"_blank\" rel=\"noopener\">finition<\/a> Modern Eggshell, l\u2019Exterior Eggshell, l\u2019Estate Eggshell, le Full Gloss ou le Dead Flat.<\/p>\n<div class=\"product-details-container\">\n<div class=\"product attribute description\">\n<div data-content-type=\"row\" data-appearance=\"contained\" data-element=\"main\">\n<div data-enable-parallax=\"0\" data-parallax-speed=\"0.5\" data-background-images=\"{}\" data-background-type=\"image\" data-video-loop=\"true\" data-video-play-only-visible=\"true\" data-video-lazy-load=\"true\" data-video-fallback-src=\"\" data-element=\"inner\" data-pb-style=\"T2N64UR\">\n<div data-content-type=\"text\" data-appearance=\"default\" data-element=\"main\">\n<div class=\"product-details-container\">\n<div class=\"product attribute description\">\n<div data-content-type=\"row\" data-appearance=\"contained\" data-element=\"main\">\n<div data-enable-parallax=\"0\" data-parallax-speed=\"0.5\" data-background-images=\"{}\" data-background-type=\"image\" data-video-loop=\"true\" data-video-play-only-visible=\"true\" data-video-lazy-load=\"true\" data-video-fallback-src=\"\" data-element=\"inner\" data-pb-style=\"MRHKFSQ\">\n<div data-content-type=\"text\" data-appearance=\"default\" data-element=\"main\">\n<div class=\"product-details-container\">\n<div class=\"product attribute description\">\n<div data-content-type=\"row\" data-appearance=\"contained\" data-element=\"main\">\n<div data-enable-parallax=\"0\" data-parallax-speed=\"0.5\" data-background-images=\"{}\" data-background-type=\"image\" data-video-loop=\"true\" data-video-play-only-visible=\"true\" data-video-lazy-load=\"true\" data-video-fallback-src=\"\" data-element=\"inner\" data-pb-style=\"QGK122W\">\n<div data-content-type=\"text\" data-appearance=\"default\" data-element=\"main\">\n<p>&nbsp;<\/p>\n<\/div>\n<\/div>\n<\/div>\n<\/div>\n<\/div>\n<\/div>\n<\/div>\n<\/div>\n<\/div>\n<\/div>\n<\/div>\n<\/div>\n<\/div>\n<\/div>\n<\/div>\n","protected":false},"featured_media":10179,"template":"","meta":{"_acf_changed":false,"_et_pb_use_builder":"","_et_pb_old_content":"","_et_gb_content_width":""},"product_brand":[],"product_cat":[276,346,348,22,347,345],"product_tag":[],"class_list":{"0":"post-8739","1":"product","2":"type-product","3":"status-publish","4":"has-post-thumbnail","6":"product_cat-appret-sous-couches","7":"product_cat-dark-tones","8":"product_cat-mid-tones","9":"product_cat-non-classe","10":"product_cat-red-and-warm-tones","11":"product_cat-white-and-light-tones","13":"first","14":"instock","15":"taxable","16":"shipping-taxable","17":"purchasable","18":"product-type-variable"},"acf":[],"_links":{"self":[{"href":"https:\/\/www.sorainstyles.com\/boutique\/wp-json\/wp\/v2\/product\/8739","targetHints":{"allow":["GET"]}}],"collection":[{"href":"https:\/\/www.sorainstyles.com\/boutique\/wp-json\/wp\/v2\/product"}],"about":[{"href":"https:\/\/www.sorainstyles.com\/boutique\/wp-json\/wp\/v2\/types\/product"}],"wp:featuredmedia":[{"embeddable":true,"href":"https:\/\/www.sorainstyles.com\/boutique\/wp-json\/wp\/v2\/media\/10179"}],"wp:attachment":[{"href":"https:\/\/www.sorainstyles.com\/boutique\/wp-json\/wp\/v2\/media?parent=8739"}],"wp:term":[{"taxonomy":"product_brand","embeddable":true,"href":"https:\/\/www.sorainstyles.com\/boutique\/wp-json\/wp\/v2\/product_brand?post=8739"},{"taxonomy":"product_cat","embeddable":true,"href":"https:\/\/www.sorainstyles.com\/boutique\/wp-json\/wp\/v2\/product_cat?post=8739"},{"taxonomy":"product_tag","embeddable":true,"href":"https:\/\/www.sorainstyles.com\/boutique\/wp-json\/wp\/v2\/product_tag?post=8739"}],"curies":[{"name":"wp","href":"https:\/\/api.w.org\/{rel}","templated":true}]}}