{"id":8233,"date":"2021-12-20T18:53:34","date_gmt":"2021-12-20T17:53:34","guid":{"rendered":"https:\/\/www.sorainstyles.com\/boutique\/produit\/treron-292-sp\/"},"modified":"2024-05-16T09:53:26","modified_gmt":"2024-05-16T07:53:26","slug":"treron-292-sp","status":"publish","type":"product","link":"https:\/\/www.sorainstyles.com\/boutique\/produit\/treron-292-sp\/","title":{"rendered":"Treron 292 \u00c9chantillon"},"content":{"rendered":"<h2>Un vert gris sombre<\/h2>\n<div class=\"ui-textMD2\">\n<p>L\u2019\u00e9chantillon <a href=\"https:\/\/www.sorainstyles.com\/boutique\/produit\/treron-292\/\" target=\"_blank\" rel=\"noopener\">No.292 Treron<\/a> est un <a href=\"https:\/\/www.westwing.fr\/inspiration\/tendances\/couleurs-tendances\/comment-adopter-la-couleur-vert-de-gris\/\" target=\"_blank\" rel=\"noopener\">vert<\/a> d&rsquo;une profondeur remarquable. Cette couleur intemporelle est adapt\u00e9e aussi bien \u00e0 une entr\u00e9e qu&rsquo;\u00e0 un salon ou une chambre.<\/p>\n<\/div>\n<div class=\"ui-textMD2\">\n<p><u>Attention, l\u2019\u00e9chantillon Treron No.292 n\u2019est disponible uniquement en finition Estate Emulsion\u00a0au format 100 ml.<\/u><\/p>\n<h4>Pourquoi utiliser les pots \u00e9chantillons Farrow &amp; Ball ?<\/h4>\n<p>Tout simplement car c\u2019est la meilleure mani\u00e8re de tester les couleurs avant de vous lancer. Cela vous permet de voir la teinte r\u00e9elle in situ.<\/p>\n<p>Deuxi\u00e8mement, les pots d\u2019\u00e9chantillons vous aide \u00e0 limiter votre pr\u00e9s\u00e9lection de teintes. Ils vous permettent ensuite de confirmer ou non une teinte que vous auriez vu sur le nuancier.<\/p>\n<p><u>NB : les pots d\u2019\u00e9chantillons sont disponibles uniquement pour toutes les couleurs du nuancier actuel de Farrow &amp; Ball.<\/u><\/p>\n<h4>Comment utiliser les pots \u00e9chantillons Farrow &amp; Ball ?<\/h4>\n<h5>1. Peignez<\/h5>\n<p>Plut\u00f4t que d\u2019appliquer la peinture directement sur le mur, nous vous recommandons de passer deux couches de chacun de vos \u00e9chantillons de peinture sur des feuilles de papier ou de carton et de les laisser s\u00e9cher.<\/p>\n<h5>2. Positionnez<\/h5>\n<p>Placez vos feuilles dans la pi\u00e8ce que vous pr\u00e9voyez de peindre. D\u00e9placez-les \u00e0 diff\u00e9rents endroits de la pi\u00e8ce pour voir comment la couleur \u00e9volue au cours de la journ\u00e9e et selon le type de lumi\u00e8re.<\/p>\n<\/div>\n","protected":false},"excerpt":{"rendered":"<p>Un vert gris sombre L\u2019\u00e9chantillon No.292 Treron est un vert d&rsquo;une profondeur remarquable. Cette couleur intemporelle est adapt\u00e9e aussi bien \u00e0 une entr\u00e9e qu&rsquo;\u00e0 un salon ou une chambre. Attention, l\u2019\u00e9chantillon Treron No.292 n\u2019est disponible uniquement en finition Estate Emulsion\u00a0au format 100 ml. Pourquoi utiliser les pots \u00e9chantillons Farrow &amp; Ball ? Tout simplement car [&hellip;]<\/p>\n","protected":false},"featured_media":7739,"template":"","meta":{"_acf_changed":false,"_et_pb_use_builder":"","_et_pb_old_content":"","_et_gb_content_width":""},"product_brand":[],"product_cat":[349],"product_tag":[],"class_list":{"0":"post-8233","1":"product","2":"type-product","3":"status-publish","4":"has-post-thumbnail","6":"product_cat-pots-echantillons","8":"first","9":"instock","10":"taxable","11":"shipping-taxable","12":"purchasable","13":"product-type-variable"},"acf":[],"_links":{"self":[{"href":"https:\/\/www.sorainstyles.com\/boutique\/wp-json\/wp\/v2\/product\/8233","targetHints":{"allow":["GET"]}}],"collection":[{"href":"https:\/\/www.sorainstyles.com\/boutique\/wp-json\/wp\/v2\/product"}],"about":[{"href":"https:\/\/www.sorainstyles.com\/boutique\/wp-json\/wp\/v2\/types\/product"}],"wp:featuredmedia":[{"embeddable":true,"href":"https:\/\/www.sorainstyles.com\/boutique\/wp-json\/wp\/v2\/media\/7739"}],"wp:attachment":[{"href":"https:\/\/www.sorainstyles.com\/boutique\/wp-json\/wp\/v2\/media?parent=8233"}],"wp:term":[{"taxonomy":"product_brand","embeddable":true,"href":"https:\/\/www.sorainstyles.com\/boutique\/wp-json\/wp\/v2\/product_brand?post=8233"},{"taxonomy":"product_cat","embeddable":true,"href":"https:\/\/www.sorainstyles.com\/boutique\/wp-json\/wp\/v2\/product_cat?post=8233"},{"taxonomy":"product_tag","embeddable":true,"href":"https:\/\/www.sorainstyles.com\/boutique\/wp-json\/wp\/v2\/product_tag?post=8233"}],"curies":[{"name":"wp","href":"https:\/\/api.w.org\/{rel}","templated":true}]}}