{"id":8075,"date":"2021-12-20T18:51:59","date_gmt":"2021-12-20T17:51:59","guid":{"rendered":"https:\/\/www.sorainstyles.com\/boutique\/produit\/strong-white-2001-sp\/"},"modified":"2024-05-03T10:30:37","modified_gmt":"2024-05-03T08:30:37","slug":"strong-white-2001-sp","status":"publish","type":"product","link":"https:\/\/www.sorainstyles.com\/boutique\/produit\/strong-white-2001-sp\/","title":{"rendered":"Strong White 2001 \u00c9chantillon"},"content":{"rendered":"<div class=\"et_pb_module et_pb_wc_title et_pb_wc_title_0_tb_body et_pb_bg_layout_light\">\n<div class=\"et_pb_module_inner\">\n<h1>Strong White 2001\u00a0\u00c9chantillon<\/h1>\n<\/div>\n<\/div>\n<div class=\"et_pb_module et_pb_wc_description et_pb_wc_description_0_tb_body et_pb_bg_layout_light  et_pb_text_align_left\">\n<div class=\"et_pb_module_inner\">\n<h2>Un blanc \u00e0 base de gris<\/h2>\n<div class=\"ui-textMD2\">\n<p>L\u2019\u00e9chantillon No.2001 <a href=\"https:\/\/www.sorainstyles.com\/boutique\/produit\/strong-white-2001\/\" target=\"_blank\" rel=\"noopener\">Strong White<\/a>\u00a0est\u00a0un blanc frais \u00e0 la fois intense et solide. Cette couleur a des tons\u00a0sous-jacents <a href=\"https:\/\/pause-maison.ouest-france.fr\/gris-anthracite-deco\/\" target=\"_blank\" rel=\"noopener\">gris<\/a> clairs tr\u00e8s urbains qui injectent une touche contemporaine aux demeures d\u2019\u00e9poque, tout en s&rsquo;accordant \u00e0 merveille aux d\u00e9cors des habitations modernes.<\/p>\n<p><u>Attention, l\u2019\u00e9chantillon Templeton Pink No.303 n\u2019est disponible uniquement en finition Estate Emulsion\u00a0au format 100 ml.<\/u><\/p>\n<h4>Pourquoi utiliser les pots \u00e9chantillons Farrow &amp; Ball ?<\/h4>\n<p>Tout simplement car c\u2019est la meilleure mani\u00e8re de tester les couleurs avant de vous lancer. Cela vous permet de voir la teinte r\u00e9elle in situ.<\/p>\n<p>Deuxi\u00e8mement, les pots d\u2019\u00e9chantillons vous aide \u00e0 limiter votre pr\u00e9s\u00e9lection de teintes. Ils vous permettent ensuite de confirmer ou non une teinte que vous auriez vu sur le nuancier.<\/p>\n<p><u>NB : les pots d\u2019\u00e9chantillons sont disponibles uniquement pour toutes les couleurs du nuancier actuel de Farrow &amp; Ball.<\/u><\/p>\n<h4>Comment utiliser les pots \u00e9chantillons Farrow &amp; Ball ?<\/h4>\n<h5>1. Peignez<\/h5>\n<p>Plut\u00f4t que d\u2019appliquer la peinture directement sur le mur, nous vous recommandons de passer deux couches de chacun de vos \u00e9chantillons de peinture sur des feuilles de papier ou de carton et de les laisser s\u00e9cher.<\/p>\n<h5>2. Positionnez<\/h5>\n<p>Placez vos feuilles dans la pi\u00e8ce que vous pr\u00e9voyez de peindre. D\u00e9placez-les \u00e0 diff\u00e9rents endroits de la pi\u00e8ce pour voir comment la couleur \u00e9volue au cours de la journ\u00e9e et selon le type de lumi\u00e8re.<\/p>\n<\/div>\n<\/div>\n<\/div>\n<p>&nbsp;<\/p>\n","protected":false},"excerpt":{"rendered":"<p>Strong White 2001\u00a0\u00c9chantillon Un blanc \u00e0 base de gris L\u2019\u00e9chantillon No.2001 Strong White\u00a0est\u00a0un blanc frais \u00e0 la fois intense et solide. Cette couleur a des tons\u00a0sous-jacents gris clairs tr\u00e8s urbains qui injectent une touche contemporaine aux demeures d\u2019\u00e9poque, tout en s&rsquo;accordant \u00e0 merveille aux d\u00e9cors des habitations modernes. Attention, l\u2019\u00e9chantillon Templeton Pink No.303 n\u2019est disponible [&hellip;]<\/p>\n","protected":false},"featured_media":7755,"template":"","meta":{"_acf_changed":false,"_et_pb_use_builder":"","_et_pb_old_content":"","_et_gb_content_width":""},"product_brand":[],"product_cat":[349],"product_tag":[],"class_list":{"0":"post-8075","1":"product","2":"type-product","3":"status-publish","4":"has-post-thumbnail","6":"product_cat-pots-echantillons","8":"first","9":"instock","10":"taxable","11":"shipping-taxable","12":"purchasable","13":"product-type-variable"},"acf":[],"_links":{"self":[{"href":"https:\/\/www.sorainstyles.com\/boutique\/wp-json\/wp\/v2\/product\/8075","targetHints":{"allow":["GET"]}}],"collection":[{"href":"https:\/\/www.sorainstyles.com\/boutique\/wp-json\/wp\/v2\/product"}],"about":[{"href":"https:\/\/www.sorainstyles.com\/boutique\/wp-json\/wp\/v2\/types\/product"}],"wp:featuredmedia":[{"embeddable":true,"href":"https:\/\/www.sorainstyles.com\/boutique\/wp-json\/wp\/v2\/media\/7755"}],"wp:attachment":[{"href":"https:\/\/www.sorainstyles.com\/boutique\/wp-json\/wp\/v2\/media?parent=8075"}],"wp:term":[{"taxonomy":"product_brand","embeddable":true,"href":"https:\/\/www.sorainstyles.com\/boutique\/wp-json\/wp\/v2\/product_brand?post=8075"},{"taxonomy":"product_cat","embeddable":true,"href":"https:\/\/www.sorainstyles.com\/boutique\/wp-json\/wp\/v2\/product_cat?post=8075"},{"taxonomy":"product_tag","embeddable":true,"href":"https:\/\/www.sorainstyles.com\/boutique\/wp-json\/wp\/v2\/product_tag?post=8075"}],"curies":[{"name":"wp","href":"https:\/\/api.w.org\/{rel}","templated":true}]}}