{"id":7240,"date":"2021-12-07T21:06:09","date_gmt":"2021-12-07T20:06:09","guid":{"rendered":"https:\/\/www.sorainstyles.com\/boutique\/produit\/pinceau-masonry-exterieur-4-fb-9-9cm\/"},"modified":"2023-03-10T16:34:43","modified_gmt":"2023-03-10T15:34:43","slug":"pinceau-masonry-exterieur-4-fb-9-9cm","status":"publish","type":"product","link":"https:\/\/www.sorainstyles.com\/boutique\/produit\/pinceau-masonry-exterieur-4-fb-9-9cm\/","title":{"rendered":"PINCEAU MASONRY EXTERIEUR (4&Prime;) F&amp;B 9.9CM"},"content":{"rendered":"<p>Notre pinceau haut de gamme est sp\u00e9cialement con\u00e7u pour \u00eatre utilis\u00e9 avec nos peintures \u00e0 base d\u2019eau. Les poils synth\u00e9tiques fins permettent de r\u00e9duire les traces de pinceau, ce qui vous garantit une application fluide et homog\u00e8ne. De plus, ces poils ne se d\u00e9forment pas. Dans le cadre de l\u2019engagement continu de Farrow &amp; Ball envers la protection de l\u2019environnement, la poign\u00e9e en bouleau est approuv\u00e9e par le FSC (Forest Stewardship Council) et la virole est en acier recycl\u00e9. Autres tailles disponibles : <a href=\"https:\/\/www.sorainstyles.com\/boutique\/produit\/pinceau-1-petit-fb-2-5cm\/\" target=\"_blank\" rel=\"noopener\">25 mm<\/a> et <a href=\"https:\/\/www.sorainstyles.com\/boutique\/produit\/pinceau-1-5-moyen-fb-3-75cm\/\" target=\"_blank\" rel=\"noopener\">38 mm<\/a>.<\/p>\n","protected":false},"excerpt":{"rendered":"<p>Notre pinceau haut de gamme est sp\u00e9cialement con\u00e7u pour \u00eatre utilis\u00e9 avec nos peintures \u00e0 base d\u2019eau. Les poils synth\u00e9tiques fins permettent de r\u00e9duire les traces de pinceau, ce qui vous garantit une application fluide et homog\u00e8ne. De plus, ces poils ne se d\u00e9forment pas. Dans le cadre de l\u2019engagement continu de Farrow &amp; Ball [&hellip;]<\/p>\n","protected":false},"featured_media":9147,"template":"","meta":{"_acf_changed":false,"_et_pb_use_builder":"","_et_pb_old_content":"","_et_gb_content_width":""},"product_brand":[],"product_cat":[311],"product_tag":[],"class_list":{"0":"post-7240","1":"product","2":"type-product","3":"status-publish","4":"has-post-thumbnail","6":"product_cat-pinceaux-rouleaux","8":"first","9":"instock","10":"taxable","11":"shipping-taxable","12":"purchasable","13":"product-type-simple"},"acf":[],"_links":{"self":[{"href":"https:\/\/www.sorainstyles.com\/boutique\/wp-json\/wp\/v2\/product\/7240","targetHints":{"allow":["GET"]}}],"collection":[{"href":"https:\/\/www.sorainstyles.com\/boutique\/wp-json\/wp\/v2\/product"}],"about":[{"href":"https:\/\/www.sorainstyles.com\/boutique\/wp-json\/wp\/v2\/types\/product"}],"wp:featuredmedia":[{"embeddable":true,"href":"https:\/\/www.sorainstyles.com\/boutique\/wp-json\/wp\/v2\/media\/9147"}],"wp:attachment":[{"href":"https:\/\/www.sorainstyles.com\/boutique\/wp-json\/wp\/v2\/media?parent=7240"}],"wp:term":[{"taxonomy":"product_brand","embeddable":true,"href":"https:\/\/www.sorainstyles.com\/boutique\/wp-json\/wp\/v2\/product_brand?post=7240"},{"taxonomy":"product_cat","embeddable":true,"href":"https:\/\/www.sorainstyles.com\/boutique\/wp-json\/wp\/v2\/product_cat?post=7240"},{"taxonomy":"product_tag","embeddable":true,"href":"https:\/\/www.sorainstyles.com\/boutique\/wp-json\/wp\/v2\/product_tag?post=7240"}],"curies":[{"name":"wp","href":"https:\/\/api.w.org\/{rel}","templated":true}]}}