{"id":7233,"date":"2021-12-07T21:06:03","date_gmt":"2021-12-07T20:06:03","guid":{"rendered":"https:\/\/www.sorainstyles.com\/boutique\/produit\/pinceau-biseaut-1-5-moyen-fb-3-75cm\/"},"modified":"2025-09-16T11:52:17","modified_gmt":"2025-09-16T09:52:17","slug":"pinceau-biseaute-1-5-moyen-fb-3-75cm","status":"publish","type":"product","link":"https:\/\/www.sorainstyles.com\/boutique\/produit\/pinceau-biseaute-1-5-moyen-fb-3-75cm\/","title":{"rendered":"PINCEAU BISEAUTE (1.5&Prime;) MOYEN F&amp;B 3.75CM"},"content":{"rendered":"<p>Notre pinceau biseaut\u00e9 haute qualit\u00e9 37 mm (1,5\u2019\u2019) est con\u00e7u pour travailler en harmonie avec nos peintures \u00e0 base d\u2019eau. Les poils synth\u00e9tiques fins contribuent \u00e0 r\u00e9duire les traces de <a href=\"https:\/\/www.sorainstyles.com\/boutique\/california-collection-2\/\" target=\"_blank\" rel=\"noopener\">pinceau<\/a>. Ils assurent ainsi une application fluide et homog\u00e8ne et pr\u00e9servant la forme du pinceau. Dans le cadre de l\u2019engagement de Farrow &amp; Ball envers la protection de l\u2019environnement, la poign\u00e9e en bouleau est issue d\u2019une fili\u00e8re \u00e9coresponsable et la virole est en acier recycl\u00e9.<\/p>\n","protected":false},"excerpt":{"rendered":"<p>Notre pinceau biseaut\u00e9 haut de gamme de 37 mm est sp\u00e9cialement con\u00e7u pour \u00eatre utilis\u00e9 avec nos peintures \u00e0 base d\u2019eau. Les poils synth\u00e9tiques fins permettent de r\u00e9duire les traces de pinceau, ce qui vous garantit une application fluide et homog\u00e8ne.<\/p>\n","protected":false},"featured_media":8732,"template":"","meta":{"_acf_changed":false,"_et_pb_use_builder":"","_et_pb_old_content":"","_et_gb_content_width":""},"product_brand":[],"product_cat":[311],"product_tag":[],"class_list":{"0":"post-7233","1":"product","2":"type-product","3":"status-publish","4":"has-post-thumbnail","6":"product_cat-pinceaux-rouleaux","8":"first","9":"instock","10":"taxable","11":"shipping-taxable","12":"purchasable","13":"product-type-simple"},"acf":[],"_links":{"self":[{"href":"https:\/\/www.sorainstyles.com\/boutique\/wp-json\/wp\/v2\/product\/7233","targetHints":{"allow":["GET"]}}],"collection":[{"href":"https:\/\/www.sorainstyles.com\/boutique\/wp-json\/wp\/v2\/product"}],"about":[{"href":"https:\/\/www.sorainstyles.com\/boutique\/wp-json\/wp\/v2\/types\/product"}],"wp:featuredmedia":[{"embeddable":true,"href":"https:\/\/www.sorainstyles.com\/boutique\/wp-json\/wp\/v2\/media\/8732"}],"wp:attachment":[{"href":"https:\/\/www.sorainstyles.com\/boutique\/wp-json\/wp\/v2\/media?parent=7233"}],"wp:term":[{"taxonomy":"product_brand","embeddable":true,"href":"https:\/\/www.sorainstyles.com\/boutique\/wp-json\/wp\/v2\/product_brand?post=7233"},{"taxonomy":"product_cat","embeddable":true,"href":"https:\/\/www.sorainstyles.com\/boutique\/wp-json\/wp\/v2\/product_cat?post=7233"},{"taxonomy":"product_tag","embeddable":true,"href":"https:\/\/www.sorainstyles.com\/boutique\/wp-json\/wp\/v2\/product_tag?post=7233"}],"curies":[{"name":"wp","href":"https:\/\/api.w.org\/{rel}","templated":true}]}}