{"id":7229,"date":"2021-12-07T21:06:00","date_gmt":"2021-12-07T20:06:00","guid":{"rendered":"https:\/\/www.sorainstyles.com\/boutique\/produit\/bac-peinture-fb-plastique-noir\/"},"modified":"2025-09-16T12:43:40","modified_gmt":"2025-09-16T10:43:40","slug":"bac-peinture-fb-plastique-noir","status":"publish","type":"product","link":"https:\/\/www.sorainstyles.com\/boutique\/produit\/bac-peinture-fb-plastique-noir\/","title":{"rendered":"BAC PEINTURE F&amp;B PLASTIQUE NOIR"},"content":{"rendered":"<p>Bac \u00e0 rouleau de 229 mm, facile \u00e0 nettoyer. Con\u00e7u pour \u00eatre utilis\u00e9 avec notre <a href=\"https:\/\/www.sorainstyles.com\/boutique\/produit\/monture-fb-22-5x3-75-cm-9\/\" target=\"_blank\" rel=\"noopener\">monture<\/a> et <a href=\"https:\/\/www.sorainstyles.com\/boutique\/produit\/manch-fb-standard-22-5x3-75cm\/\" target=\"_blank\" rel=\"noopener\">manchon<\/a> de rouleau haut de gamme. (Chacun \u00e9tant vendus s\u00e9par\u00e9ment).<\/p>\n","protected":false},"excerpt":{"rendered":"<div class=\"product attribute description\">\n<div class=\"value\">\n<div data-content-type=\"row\" data-appearance=\"contained\" data-element=\"main\">\n<div data-enable-parallax=\"0\" data-parallax-speed=\"0.5\" data-background-images=\"{}\" data-background-type=\"image\" data-video-loop=\"true\" data-video-play-only-visible=\"true\" data-video-lazy-load=\"true\" data-video-fallback-src=\"\" data-element=\"inner\" data-pb-style=\"VV86XGV\">\n<div data-content-type=\"text\" data-appearance=\"default\" data-element=\"main\">\n<p>Notre bac \u00e0 rouleau de 229 mm, facile \u00e0 nettoyer, est con\u00e7u pour \u00eatre utilis\u00e9 avec notre poign\u00e9e et manchon de rouleau haut de gamme (chacun \u00e9tant vendus s\u00e9par\u00e9ment).<\/p>\n<\/div>\n<\/div>\n<\/div>\n<\/div>\n<\/div>\n","protected":false},"featured_media":14995,"template":"","meta":{"_acf_changed":false,"_et_pb_use_builder":"","_et_pb_old_content":"","_et_gb_content_width":""},"product_brand":[],"product_cat":[311],"product_tag":[],"class_list":{"0":"post-7229","1":"product","2":"type-product","3":"status-publish","4":"has-post-thumbnail","6":"product_cat-pinceaux-rouleaux","8":"first","9":"instock","10":"taxable","11":"shipping-taxable","12":"purchasable","13":"product-type-simple"},"acf":[],"_links":{"self":[{"href":"https:\/\/www.sorainstyles.com\/boutique\/wp-json\/wp\/v2\/product\/7229","targetHints":{"allow":["GET"]}}],"collection":[{"href":"https:\/\/www.sorainstyles.com\/boutique\/wp-json\/wp\/v2\/product"}],"about":[{"href":"https:\/\/www.sorainstyles.com\/boutique\/wp-json\/wp\/v2\/types\/product"}],"wp:featuredmedia":[{"embeddable":true,"href":"https:\/\/www.sorainstyles.com\/boutique\/wp-json\/wp\/v2\/media\/14995"}],"wp:attachment":[{"href":"https:\/\/www.sorainstyles.com\/boutique\/wp-json\/wp\/v2\/media?parent=7229"}],"wp:term":[{"taxonomy":"product_brand","embeddable":true,"href":"https:\/\/www.sorainstyles.com\/boutique\/wp-json\/wp\/v2\/product_brand?post=7229"},{"taxonomy":"product_cat","embeddable":true,"href":"https:\/\/www.sorainstyles.com\/boutique\/wp-json\/wp\/v2\/product_cat?post=7229"},{"taxonomy":"product_tag","embeddable":true,"href":"https:\/\/www.sorainstyles.com\/boutique\/wp-json\/wp\/v2\/product_tag?post=7229"}],"curies":[{"name":"wp","href":"https:\/\/api.w.org\/{rel}","templated":true}]}}