{"id":3584,"date":"2021-12-07T20:09:51","date_gmt":"2021-12-07T19:09:51","guid":{"rendered":"https:\/\/www.sorainstyles.com\/boutique\/produit\/grove-green-g17\/"},"modified":"2025-10-03T10:11:28","modified_gmt":"2025-10-03T08:11:28","slug":"grove-green-g17","status":"publish","type":"product","link":"https:\/\/www.sorainstyles.com\/boutique\/produit\/grove-green-g17\/","title":{"rendered":"Grove Green G17"},"content":{"rendered":"<h1>Archive Collection : Grove Green No.G17<\/h1>\n<h2>Un vert naturel profond<\/h2>\n<p>Issu de l\u2019anglais ancien, le nom de ce vert profond vient des anciens \u00eelots de for\u00eat dont \u00e9tait parsem\u00e9 le paysage des \u00celes britanniques. La teinte No.G17 &#8211; Grove Green est l\u00e9g\u00e8rement plus bleu que Duck Green. En effet, il cr\u00e9e des espaces \u00e0 l\u2019atmosph\u00e8re \u00e9l\u00e9gante et <a href=\"https:\/\/www.cotemaison.fr\/inspirations\/diaporama\/nouveau-rustique-nos-idees-pour-une-deco-authentique_33441.html\" target=\"_blank\" rel=\"noopener\">authentique<\/a>.<\/p>\n<p>Primer &amp; Undercoat recommand\u00e9e: <a href=\"https:\/\/www.sorainstyles.com\/boutique\/categorie-produit\/appret-sous-couches\/dark-tones\/\" target=\"_blank\" rel=\"noopener\">Dark Tones<\/a><\/p>\n<p>Blanc compl\u00e9mentaire:\u00a0<a href=\"https:\/\/www.sorainstyles.com\/boutique\/produit\/old-white-4\/\" target=\"_blank\" rel=\"noopener\">Old White<\/a><\/p>\n<h3>Exemple d&rsquo;harmonie avec la teinte Grove Green &#8211; No.G17<\/h3>\n<ul>\n<li>Mouse&rsquo;s Back No.40 &#8211; India Yellow No.66<\/li>\n<\/ul>\n<h3>Information produit<\/h3>\n<h4>A base d&rsquo;eau et sans danger pour les enfants.<\/h4>\n<p>En 2010, Farrow &amp; Ball a \u00e9t\u00e9 les premiers du secteur \u00e0 passer \u00e0 une gamme de finitions \u00e9labor\u00e9es enti\u00e8rement \u00e0 base d\u2019eau. Ces finitions \u00e0 faible teneur en COV et pratiquement sans odeur sont faciles \u00e0 nettoyer sans recourir \u00e0 des solvants nocifs.<\/p>\n<h4>Finitions de qualit\u00e9<\/h4>\n<p>Chacune de nos couleurs est disponible dans une gamme de finitions de peinture d\u2019int\u00e9rieur et d\u2019ext\u00e9rieur. Chaque finition est test\u00e9e de mani\u00e8re rigoureuse pour garantir un fini durable et une profondeur de couleur exceptionnelle. Pour obtenir les meilleurs r\u00e9sultats, nous recommandons toujours d\u2019utiliser une Impression &amp; Sous-couche Farrow &amp; Ball &#8211; voir plus haut pour trouver la tonalit\u00e9 de couleur exacte pour cette peinture.<\/p>\n<p>&nbsp;<\/p>\n","protected":false},"excerpt":{"rendered":"<h3>Un vert naturel profond<\/h3>\n<p>Ce vert profond avec de subtils sous-tons bleut\u00e9s cr\u00e9e des espaces \u00e9l\u00e9gants et authentiques.<\/p>\n<p>Sous-couche recommand\u00e9e : <a href=\"https:\/\/www.sorainstyles.com\/boutique\/categorie-produit\/appret-sous-couches\/dark-tones\/\" target=\"_blank\" rel=\"noopener\">Dark Tones<\/a><\/p>\n","protected":false},"featured_media":14134,"template":"","meta":{"_acf_changed":false,"_et_pb_use_builder":"","_et_pb_old_content":"","_et_gb_content_width":""},"product_brand":[],"product_cat":[343,341,96,278,81],"product_tag":[],"class_list":{"0":"post-3584","1":"product","2":"type-product","3":"status-publish","4":"has-post-thumbnail","6":"product_cat-archive","7":"product_cat-fonce-luminosite","8":"product_cat-fonce","9":"product_cat-garden-collection","10":"product_cat-peintures-de-finition","12":"first","13":"instock","14":"taxable","15":"shipping-taxable","16":"purchasable","17":"product-type-variable"},"acf":[],"_links":{"self":[{"href":"https:\/\/www.sorainstyles.com\/boutique\/wp-json\/wp\/v2\/product\/3584","targetHints":{"allow":["GET"]}}],"collection":[{"href":"https:\/\/www.sorainstyles.com\/boutique\/wp-json\/wp\/v2\/product"}],"about":[{"href":"https:\/\/www.sorainstyles.com\/boutique\/wp-json\/wp\/v2\/types\/product"}],"wp:featuredmedia":[{"embeddable":true,"href":"https:\/\/www.sorainstyles.com\/boutique\/wp-json\/wp\/v2\/media\/14134"}],"wp:attachment":[{"href":"https:\/\/www.sorainstyles.com\/boutique\/wp-json\/wp\/v2\/media?parent=3584"}],"wp:term":[{"taxonomy":"product_brand","embeddable":true,"href":"https:\/\/www.sorainstyles.com\/boutique\/wp-json\/wp\/v2\/product_brand?post=3584"},{"taxonomy":"product_cat","embeddable":true,"href":"https:\/\/www.sorainstyles.com\/boutique\/wp-json\/wp\/v2\/product_cat?post=3584"},{"taxonomy":"product_tag","embeddable":true,"href":"https:\/\/www.sorainstyles.com\/boutique\/wp-json\/wp\/v2\/product_tag?post=3584"}],"curies":[{"name":"wp","href":"https:\/\/api.w.org\/{rel}","templated":true}]}}