{"id":3581,"date":"2021-12-07T20:09:50","date_gmt":"2021-12-07T19:09:50","guid":{"rendered":"https:\/\/www.sorainstyles.com\/boutique\/produit\/beetle-black-g16\/"},"modified":"2025-10-03T10:19:21","modified_gmt":"2025-10-03T08:19:21","slug":"beetle-black-g16","status":"publish","type":"product","link":"https:\/\/www.sorainstyles.com\/boutique\/produit\/beetle-black-g16\/","title":{"rendered":"Beetle Black G16"},"content":{"rendered":"<h1>Archive Collection : Beetle Black No.G16<\/h1>\n<h2>Un gris fonc\u00e9 \u00e9l\u00e9gant<\/h2>\n<p>La teinte No.G16 &#8211; Beetle Black est un <a href=\"https:\/\/www.cotemaison.fr\/couleurs\/couleur-gris-peinture-gris-clair-gris-anthracite_11682.html\" target=\"_blank\" rel=\"noopener\">gris<\/a> \u00e9l\u00e9gant et sobre qui s\u2019inspire de l\u2019\u00e9clat caract\u00e9ristique des \u00e9lytres. En effet, c&rsquo;est l\u2019enveloppe entourant les ailes, qui donnent aux col\u00e9opt\u00e8res ail\u00e9s un aspect cuirass\u00e9 et lisse.<\/p>\n<p>Primer &amp; Undercoat recommand\u00e9e: <a href=\"https:\/\/www.sorainstyles.com\/boutique\/categorie-produit\/appret-sous-couches\/dark-tones\/\" target=\"_blank\" rel=\"noopener\">Dark Tones<\/a><\/p>\n<p>Blanc compl\u00e9mentaire:\u00a0<a href=\"https:\/\/www.sorainstyles.com\/boutique\/produit\/old-white-4\/\" target=\"_blank\" rel=\"noopener\">Old White<\/a><\/p>\n<h3>Exemple d&rsquo;harmonie de couleur avec la teinte Beetle Black No.G16<\/h3>\n<ul>\n<li>Preference Red No.297 &#8211; Grate Black No.9920<\/li>\n<\/ul>\n<h3>Information produit<\/h3>\n<h4>A base d&rsquo;eau et sans danger pour les enfants.<\/h4>\n<p>En 2010, nous avons \u00e9t\u00e9 les premiers du secteur \u00e0 passer \u00e0 une gamme de finitions \u00e9labor\u00e9es enti\u00e8rement \u00e0 base d\u2019eau. Ces finitions \u00e0 faible teneur en COV et pratiquement sans odeur sont faciles \u00e0 nettoyer sans recourir \u00e0 des solvants nocifs.<\/p>\n<h4>Finitions de qualit\u00e9<\/h4>\n<p>Chacune de nos couleurs est disponible dans une gamme de finitions de peinture d\u2019int\u00e9rieur et d\u2019ext\u00e9rieur. Chaque finition est test\u00e9e de mani\u00e8re rigoureuse pour garantir un fini durable et une profondeur de couleur exceptionnelle. Pour obtenir les meilleurs r\u00e9sultats, nous recommandons toujours d\u2019utiliser une Impression &amp; Sous-couche Farrow &amp; Ball &#8211; voir plus haut pour trouver la tonalit\u00e9 de couleur exacte pour cette peinture.<\/p>\n","protected":false},"excerpt":{"rendered":"<h3>Un gris fonc\u00e9 \u00e9l\u00e9gant<\/h3>\n<p>Cette teinte est un gris charbonneux tr\u00e8s intense, presque noir. Elle peut \u00eatre utilis\u00e9e comme couleur d\u2019accent ou, pour les plus audacieux, appliqu\u00e9e sur une pi\u00e8ce enti\u00e8re.<\/p>\n<p>Sous-couche recommand\u00e9e : <a href=\"https:\/\/www.sorainstyles.com\/boutique\/categorie-produit\/appret-sous-couches\/dark-tones\/\" target=\"_blank\" rel=\"noopener\">Dark Tones<\/a><\/p>\n","protected":false},"featured_media":14040,"template":"","meta":{"_acf_changed":false,"_et_pb_use_builder":"","_et_pb_old_content":"","_et_gb_content_width":""},"product_brand":[],"product_cat":[343,341,96,278,81],"product_tag":[389,371,366,390,362],"class_list":{"0":"post-3581","1":"product","2":"type-product","3":"status-publish","4":"has-post-thumbnail","6":"product_cat-archive","7":"product_cat-fonce-luminosite","8":"product_cat-fonce","9":"product_cat-garden-collection","10":"product_cat-peintures-de-finition","11":"product_tag-beetle-black","12":"product_tag-farrow","13":"product_tag-farrowball","14":"product_tag-g16","15":"product_tag-peinture","17":"first","18":"instock","19":"taxable","20":"shipping-taxable","21":"purchasable","22":"product-type-variable"},"acf":[],"_links":{"self":[{"href":"https:\/\/www.sorainstyles.com\/boutique\/wp-json\/wp\/v2\/product\/3581","targetHints":{"allow":["GET"]}}],"collection":[{"href":"https:\/\/www.sorainstyles.com\/boutique\/wp-json\/wp\/v2\/product"}],"about":[{"href":"https:\/\/www.sorainstyles.com\/boutique\/wp-json\/wp\/v2\/types\/product"}],"wp:featuredmedia":[{"embeddable":true,"href":"https:\/\/www.sorainstyles.com\/boutique\/wp-json\/wp\/v2\/media\/14040"}],"wp:attachment":[{"href":"https:\/\/www.sorainstyles.com\/boutique\/wp-json\/wp\/v2\/media?parent=3581"}],"wp:term":[{"taxonomy":"product_brand","embeddable":true,"href":"https:\/\/www.sorainstyles.com\/boutique\/wp-json\/wp\/v2\/product_brand?post=3581"},{"taxonomy":"product_cat","embeddable":true,"href":"https:\/\/www.sorainstyles.com\/boutique\/wp-json\/wp\/v2\/product_cat?post=3581"},{"taxonomy":"product_tag","embeddable":true,"href":"https:\/\/www.sorainstyles.com\/boutique\/wp-json\/wp\/v2\/product_tag?post=3581"}],"curies":[{"name":"wp","href":"https:\/\/api.w.org\/{rel}","templated":true}]}}