{"id":3578,"date":"2021-12-07T20:09:46","date_gmt":"2021-12-07T19:09:46","guid":{"rendered":"https:\/\/www.sorainstyles.com\/boutique\/produit\/singed-red-g15\/"},"modified":"2025-10-19T17:36:30","modified_gmt":"2025-10-19T15:36:30","slug":"singed-red-g15","status":"publish","type":"product","link":"https:\/\/www.sorainstyles.com\/boutique\/produit\/singed-red-g15\/","title":{"rendered":"Singed Red G15"},"content":{"rendered":"<h2>Archive Collection : Singed Red &#8211; No.G15 de chez Farrow &amp; Ball<\/h2>\n<h2>Un rouge rouille<\/h2>\n<p>Avec sa teneur \u00e9lev\u00e9e en pigments bruns, la teinte No.G15 Singed Red est une version l\u00e9g\u00e8rement plus prononc\u00e9e de Picture Gallery Red et cr\u00e9e une ambiance accueillante et <a href=\"https:\/\/www.cotemaison.fr\/inspirations\/diaporama\/comment-rendre-une-entree-chaleureuse_34856.html\" target=\"_blank\" rel=\"noopener\">chaleureuse<\/a> partout o\u00f9 elle se trouve.<\/p>\n<p>Primer &amp; Undercoat recommand\u00e9e: <a href=\"https:\/\/www.sorainstyles.com\/boutique\/categorie-produit\/appret-sous-couches\/red-and-warm-tones\/\" target=\"_blank\" rel=\"noopener\">Red and Warm Tones<\/a><\/p>\n<p>Blanc compl\u00e9mentaire:\u00a0<a href=\"https:\/\/www.sorainstyles.com\/boutique\/produit\/oxford-stone-264\/\" target=\"_blank\" rel=\"noopener\">Oxford Stone<\/a><\/p>\n<h3>Exemple d&rsquo;harmonie de couleur avec la teinte Singed Red &#8211; No.G15<\/h3>\n<ul>\n<li>Studio Green No.93 &#8211; Double Cream No.9907<\/li>\n<\/ul>\n<h3>Information produit<\/h3>\n<h4>A base d&rsquo;eau et sans danger pour les enfants<\/h4>\n<p>En 2010, Farrow &amp; Ball a \u00e9t\u00e9 les premiers du secteur \u00e0 passer \u00e0 une gamme de finitions \u00e9labor\u00e9es enti\u00e8rement \u00e0 base d\u2019eau. Ces finitions \u00e0 faible teneur en COV et pratiquement sans odeur sont faciles \u00e0 nettoyer sans recourir \u00e0 des solvants nocifs.<\/p>\n<h4>Finitions de qualit\u00e9<\/h4>\n<p>Chacune de nos couleurs est disponible dans une gamme de finitions de peinture d\u2019int\u00e9rieur et d\u2019ext\u00e9rieur. Chaque finition est test\u00e9e de mani\u00e8re rigoureuse pour garantir un fini durable et une profondeur de couleur exceptionnelle. Pour obtenir les meilleurs r\u00e9sultats, nous recommandons toujours d\u2019utiliser une Impression &amp; Sous-couche Farrow &amp; Ball &#8211; voir plus haut pour trouver la tonalit\u00e9 de couleur exacte pour cette peinture.<\/p>\n","protected":false},"excerpt":{"rendered":"<h3>Un rouge rouille<\/h3>\n<p>Cette couleur est un rouge terreux qui conserve une chaleur agr\u00e9able, quel que soit l\u2019\u00e9clairage de la pi\u00e8ce.<\/p>\n<p>Sous-couche recommand\u00e9e : <a href=\"https:\/\/www.sorainstyles.com\/boutique\/categorie-produit\/appret-sous-couches\/red-and-warm-tones\/\" target=\"_blank\" rel=\"noopener\">Red and Warm Tones<\/a><\/p>\n","protected":false},"featured_media":14112,"template":"","meta":{"_acf_changed":false,"_et_pb_use_builder":"","_et_pb_old_content":"","_et_gb_content_width":""},"product_brand":[],"product_cat":[343,341,278,81,110],"product_tag":[371,363,391,362,351,392],"class_list":{"0":"post-3578","1":"product","2":"type-product","3":"status-publish","4":"has-post-thumbnail","6":"product_cat-archive","7":"product_cat-fonce-luminosite","8":"product_cat-garden-collection","9":"product_cat-peintures-de-finition","10":"product_cat-rouge","11":"product_tag-farrow","12":"product_tag-farrowandball","13":"product_tag-g15","14":"product_tag-peinture","15":"product_tag-rouge","16":"product_tag-singed-red","18":"first","19":"instock","20":"taxable","21":"shipping-taxable","22":"purchasable","23":"product-type-variable"},"acf":[],"_links":{"self":[{"href":"https:\/\/www.sorainstyles.com\/boutique\/wp-json\/wp\/v2\/product\/3578","targetHints":{"allow":["GET"]}}],"collection":[{"href":"https:\/\/www.sorainstyles.com\/boutique\/wp-json\/wp\/v2\/product"}],"about":[{"href":"https:\/\/www.sorainstyles.com\/boutique\/wp-json\/wp\/v2\/types\/product"}],"wp:featuredmedia":[{"embeddable":true,"href":"https:\/\/www.sorainstyles.com\/boutique\/wp-json\/wp\/v2\/media\/14112"}],"wp:attachment":[{"href":"https:\/\/www.sorainstyles.com\/boutique\/wp-json\/wp\/v2\/media?parent=3578"}],"wp:term":[{"taxonomy":"product_brand","embeddable":true,"href":"https:\/\/www.sorainstyles.com\/boutique\/wp-json\/wp\/v2\/product_brand?post=3578"},{"taxonomy":"product_cat","embeddable":true,"href":"https:\/\/www.sorainstyles.com\/boutique\/wp-json\/wp\/v2\/product_cat?post=3578"},{"taxonomy":"product_tag","embeddable":true,"href":"https:\/\/www.sorainstyles.com\/boutique\/wp-json\/wp\/v2\/product_tag?post=3578"}],"curies":[{"name":"wp","href":"https:\/\/api.w.org\/{rel}","templated":true}]}}