{"id":3566,"date":"2021-12-07T20:09:27","date_gmt":"2021-12-07T19:09:27","guid":{"rendered":"https:\/\/www.sorainstyles.com\/boutique\/produit\/bothy-blue-g11\/"},"modified":"2025-09-30T16:11:34","modified_gmt":"2025-09-30T14:11:34","slug":"bothy-blue-g11","status":"publish","type":"product","link":"https:\/\/www.sorainstyles.com\/boutique\/produit\/bothy-blue-g11\/","title":{"rendered":"Bothy Blue G11"},"content":{"rendered":"<h2>Archive Collection : Bothy Blue &#8211; No.G11<\/h2>\n<h2>Un bleu azur<\/h2>\n<p>Ce bleu dynamique se base sur un pigment d\u2019outremer, synth\u00e9tis\u00e9 en 1826 pour \u00eatre utilis\u00e9 dans l\u2019abri du jardinier de Calke Abbey, dans le Derbyshire. Avec son style affirm\u00e9, la teinte No.G11 &#8211; Bothy Blue est une couleur parfaite pour les <a href=\"https:\/\/www.cotemaison.fr\/cuisine\/diaporama\/cuisine-moderne-et-conviviale_30129.html\" target=\"_blank\" rel=\"noopener\">pi\u00e8ces conviviales<\/a>.<\/p>\n<p>Primer &amp; Undercoat recommand\u00e9e:\u00a0<a href=\"https:\/\/www.sorainstyles.com\/boutique\/impressions-sous-couches-farrow-ball\/\">Dark Tones<\/a><\/p>\n<p>Blanc compl\u00e9mentaire:\u00a0<a href=\"https:\/\/www.sorainstyles.com\/boutique\/produit\/school-house-white-291\/\" target=\"_blank\" rel=\"noopener\">School House White<\/a><\/p>\n<h3>Exemple d&rsquo;harmonie de couleurs avec la teinte Bothy Blue &#8211; No.G11<\/h3>\n<ul>\n<li>Arsenic No.214 &#8211; Nancy&rsquo;s Blushes No.278<\/li>\n<\/ul>\n<h3>Information produit<\/h3>\n<h4>A base d&rsquo;eau et sans danger pour les enfants.<\/h4>\n<p>En 2010, Farrow &amp; Ball a \u00e9t\u00e9 les premiers du secteur \u00e0 passer \u00e0 une gamme de finitions \u00e9labor\u00e9es enti\u00e8rement \u00e0 base d\u2019eau. Ces finitions \u00e0 faible teneur en COV et pratiquement sans odeur sont faciles \u00e0 nettoyer sans recourir \u00e0 des solvants nocifs.<\/p>\n<h4>Finitions de qualit\u00e9<\/h4>\n<p>Chacune de nos couleurs est disponible dans une gamme de finitions de peinture d\u2019int\u00e9rieur et d\u2019ext\u00e9rieur. Chaque finition est test\u00e9e de mani\u00e8re rigoureuse pour garantir un fini durable et une profondeur de couleur exceptionnelle. Pour obtenir les meilleurs r\u00e9sultats, nous recommandons toujours d\u2019utiliser une Impression &amp; Sous-couche Farrow &amp; Ball &#8211; voir plus haut pour trouver la tonalit\u00e9 de couleur exacte pour cette peinture.<\/p>\n","protected":false},"excerpt":{"rendered":"<h3>Un bleu azur<\/h3>\n<p>Bothy Blue est un bleu dynamique, d\u00e9riv\u00e9 d&rsquo;un pigment d\u2019outremer, qui ajoute un style affirm\u00e9 et est id\u00e9al pour les pi\u00e8ces conviviales.<\/p>\n<p>Sous-couche recommand\u00e9e : <a href=\"https:\/\/www.sorainstyles.com\/boutique\/categorie-produit\/appret-sous-couches\/dark-tones\/\" target=\"_blank\" rel=\"noopener\">Dark Tones<\/a><\/p>\n","protected":false},"featured_media":14056,"template":"","meta":{"_acf_changed":false,"_et_pb_use_builder":"","_et_pb_old_content":"","_et_gb_content_width":""},"product_brand":[],"product_cat":[343,330,278,98,81],"product_tag":[],"class_list":{"0":"post-3566","1":"product","2":"type-product","3":"status-publish","4":"has-post-thumbnail","6":"product_cat-archive","7":"product_cat-bleu","8":"product_cat-garden-collection","9":"product_cat-moyen","10":"product_cat-peintures-de-finition","12":"first","13":"instock","14":"taxable","15":"shipping-taxable","16":"purchasable","17":"product-type-variable"},"acf":[],"_links":{"self":[{"href":"https:\/\/www.sorainstyles.com\/boutique\/wp-json\/wp\/v2\/product\/3566","targetHints":{"allow":["GET"]}}],"collection":[{"href":"https:\/\/www.sorainstyles.com\/boutique\/wp-json\/wp\/v2\/product"}],"about":[{"href":"https:\/\/www.sorainstyles.com\/boutique\/wp-json\/wp\/v2\/types\/product"}],"wp:featuredmedia":[{"embeddable":true,"href":"https:\/\/www.sorainstyles.com\/boutique\/wp-json\/wp\/v2\/media\/14056"}],"wp:attachment":[{"href":"https:\/\/www.sorainstyles.com\/boutique\/wp-json\/wp\/v2\/media?parent=3566"}],"wp:term":[{"taxonomy":"product_brand","embeddable":true,"href":"https:\/\/www.sorainstyles.com\/boutique\/wp-json\/wp\/v2\/product_brand?post=3566"},{"taxonomy":"product_cat","embeddable":true,"href":"https:\/\/www.sorainstyles.com\/boutique\/wp-json\/wp\/v2\/product_cat?post=3566"},{"taxonomy":"product_tag","embeddable":true,"href":"https:\/\/www.sorainstyles.com\/boutique\/wp-json\/wp\/v2\/product_tag?post=3566"}],"curies":[{"name":"wp","href":"https:\/\/api.w.org\/{rel}","templated":true}]}}