{"id":3560,"date":"2021-12-07T20:09:21","date_gmt":"2021-12-07T19:09:21","guid":{"rendered":"https:\/\/www.sorainstyles.com\/boutique\/produit\/coppice-blue-g9\/"},"modified":"2025-10-19T17:32:49","modified_gmt":"2025-10-19T15:32:49","slug":"coppice-blue-g9","status":"publish","type":"product","link":"https:\/\/www.sorainstyles.com\/boutique\/produit\/coppice-blue-g9\/","title":{"rendered":"Coppice Blue G9"},"content":{"rendered":"<h1>Archive Collection : Coppice Blue &#8211; No.G9 de chez Farrow &amp; Ball<\/h1>\n<h2>Un bleu canard riche et profond<\/h2>\n<p>Pendant plus de 100 ans, les peintres ont utilis\u00e9 ce bleu canard pour sublimer les jardins de Snowshill Manor, dans le Gloucestershire.<br data-start=\"201\" data-end=\"204\" \/>Ses tonalit\u00e9s vertes mettent en valeur la chaleur dor\u00e9e de la pierre typique des Cotswolds.\u00a0La teinte No.G9 &#8211; Coppice Blue apporte caract\u00e8re et \u00e9l\u00e9gance aux halls d\u2019entr\u00e9e et aux s\u00e9jours contemporains.<\/p>\n<p>Primer &amp; Undercoat recommand\u00e9e: <a href=\"https:\/\/www.sorainstyles.com\/boutique\/categorie-produit\/appret-sous-couches\/white-and-light-tones\/\" target=\"_blank\" rel=\"noopener\">White and Light Tones<\/a><\/p>\n<p>Blanc compl\u00e9mentaire:\u00a0<a href=\"https:\/\/www.sorainstyles.com\/boutique\/produit\/old-white-4\/\" target=\"_blank\" rel=\"noopener\">Old White<\/a><\/p>\n<h3>Exemple d&rsquo;harmonie de couleur avec la teinte Coppice Blue &#8211; No.G9<\/h3>\n<ul>\n<li>Smoked Trout No.60 &#8211; Mahogany No.36<\/li>\n<\/ul>\n<h3>Information produit<\/h3>\n<h4>A base d&rsquo;eau et sans danger pour les enfants.<\/h4>\n<p>En 2010, Farrow &amp; Ball a \u00e9t\u00e9 les premiers du secteur \u00e0 passer \u00e0 une gamme de finitions \u00e9labor\u00e9es enti\u00e8rement \u00e0 base d\u2019eau. En effet, ces finitions \u00e0 faible teneur en COV et pratiquement sans odeur sont faciles \u00e0 nettoyer sans recourir \u00e0 des solvants nocifs.<\/p>\n<h4>Finitions de qualit\u00e9<\/h4>\n<p>Tout d&rsquo;abord, chacune de nos couleurs est disponible dans une gamme de finitions de peinture d\u2019int\u00e9rieur et d\u2019ext\u00e9rieur. Ensuite, chaque finition est test\u00e9e de mani\u00e8re rigoureuse pour garantir un fini durable et une profondeur de couleur exceptionnelle. Enfin, pour obtenir les meilleurs r\u00e9sultats, nous recommandons toujours d\u2019utiliser une Impression &amp; Sous-couche Farrow &amp; Ball &#8211; voir plus haut pour trouver la tonalit\u00e9 de couleur exacte pour cette peinture.<\/p>\n","protected":false},"excerpt":{"rendered":"<h3>Un bleu canard riche et profond<\/h3>\n<p>Coppice Blue est un bleu canard somptueux qui s\u2019int\u00e8gre parfaitement dans les int\u00e9rieurs au style industriel.<\/p>\n<p>Sous-couche recommand\u00e9e : <a href=\"https:\/\/www.sorainstyles.com\/boutique\/categorie-produit\/appret-sous-couches\/white-and-light-tones\/\" target=\"_blank\" rel=\"noopener\">White and Light Tones<\/a><\/p>\n","protected":false},"featured_media":14063,"template":"","meta":{"_acf_changed":false,"_et_pb_use_builder":"","_et_pb_old_content":"","_et_gb_content_width":""},"product_brand":[],"product_cat":[343,330,341,278,81],"product_tag":[],"class_list":{"0":"post-3560","1":"product","2":"type-product","3":"status-publish","4":"has-post-thumbnail","6":"product_cat-archive","7":"product_cat-bleu","8":"product_cat-fonce-luminosite","9":"product_cat-garden-collection","10":"product_cat-peintures-de-finition","12":"first","13":"instock","14":"taxable","15":"shipping-taxable","16":"purchasable","17":"product-type-variable"},"acf":[],"_links":{"self":[{"href":"https:\/\/www.sorainstyles.com\/boutique\/wp-json\/wp\/v2\/product\/3560","targetHints":{"allow":["GET"]}}],"collection":[{"href":"https:\/\/www.sorainstyles.com\/boutique\/wp-json\/wp\/v2\/product"}],"about":[{"href":"https:\/\/www.sorainstyles.com\/boutique\/wp-json\/wp\/v2\/types\/product"}],"wp:featuredmedia":[{"embeddable":true,"href":"https:\/\/www.sorainstyles.com\/boutique\/wp-json\/wp\/v2\/media\/14063"}],"wp:attachment":[{"href":"https:\/\/www.sorainstyles.com\/boutique\/wp-json\/wp\/v2\/media?parent=3560"}],"wp:term":[{"taxonomy":"product_brand","embeddable":true,"href":"https:\/\/www.sorainstyles.com\/boutique\/wp-json\/wp\/v2\/product_brand?post=3560"},{"taxonomy":"product_cat","embeddable":true,"href":"https:\/\/www.sorainstyles.com\/boutique\/wp-json\/wp\/v2\/product_cat?post=3560"},{"taxonomy":"product_tag","embeddable":true,"href":"https:\/\/www.sorainstyles.com\/boutique\/wp-json\/wp\/v2\/product_tag?post=3560"}],"curies":[{"name":"wp","href":"https:\/\/api.w.org\/{rel}","templated":true}]}}