{"id":3557,"date":"2021-12-07T20:09:19","date_gmt":"2021-12-07T19:09:19","guid":{"rendered":"https:\/\/www.sorainstyles.com\/boutique\/produit\/barrow-blue-g8\/"},"modified":"2025-10-19T17:30:38","modified_gmt":"2025-10-19T15:30:38","slug":"barrow-blue-g8","status":"publish","type":"product","link":"https:\/\/www.sorainstyles.com\/boutique\/produit\/barrow-blue-g8\/","title":{"rendered":"Barrow Blue G8"},"content":{"rendered":"<h1>Archive Collection : Barrow Blue &#8211; No.G8 de chez Farrow &amp; Ball<\/h1>\n<h2>Un bleu-gris d\u00e9lav\u00e9<\/h2>\n<p>La teinte No. G8 &#8211; Barrow Blue est un bleu-gris changeant. C&rsquo;est un clin d\u2019\u0153il aux salopettes d\u00e9lav\u00e9es des jardiniers, cette teinte offre un d\u00e9licieux ancrage et cr\u00e9e une atmosph\u00e8re similaire \u00e0 celle obtenue avec De Nimes plus clair et Inchyra Blue plus <a href=\"https:\/\/www.cotemaison.fr\/peintures-carrelages-papier-peint\/peinture-couleur-foncee-noir-rouge-gris-violet_23894.html#:~:text=La%20couleur%20sombre%20r%C3%A9duit%20l,moutarde%2C%20anthracite%2Fcorail).\" target=\"_blank\" rel=\"noopener\">fonc\u00e9<\/a>.<\/p>\n<p>Primer &amp; Undercoat recommand\u00e9e: <a href=\"https:\/\/www.sorainstyles.com\/boutique\/categorie-produit\/appret-sous-couches\/dark-tones\/\" target=\"_blank\" rel=\"noopener\">Dark Tones<\/a><\/p>\n<p>Blanc compl\u00e9mentaire:\u00a0<a href=\"https:\/\/www.farrow-ball.com\/fr\/couleurs\/off-white\" target=\"_blank\" rel=\"noopener\">Off-White<\/a><\/p>\n<h3>Exemple d&rsquo;harmonie de couleur avec la teinte Coppice Blue &#8211; No.G9<\/h3>\n<ul>\n<li>Oval Room Blue No.85 &#8211; Light Blue No.22<\/li>\n<\/ul>\n<h3>Information produit<\/h3>\n<p>A base d&rsquo;eau et sans danger pour les enfants<\/p>\n<p>En 2010, Farrow &amp; Ball a \u00e9t\u00e9 les premiers du secteur \u00e0 passer \u00e0 une gamme de finitions \u00e9labor\u00e9es enti\u00e8rement \u00e0 base d\u2019eau. En effet, ces finitions \u00e0 faible teneur en COV et pratiquement sans odeur sont faciles \u00e0 nettoyer sans recourir \u00e0 des solvants nocifs.<\/p>\n<p>Finitions de qualit\u00e9<\/p>\n<p>Tout d&rsquo;abord, chacune de nos couleurs est disponible dans une gamme de finitions de peinture d\u2019int\u00e9rieur et d\u2019ext\u00e9rieur. Ensuite, chaque finition est test\u00e9e de mani\u00e8re rigoureuse pour garantir un fini durable et une profondeur de couleur exceptionnelle. Enfin, pour obtenir les meilleurs r\u00e9sultats, nous recommandons toujours d\u2019utiliser une Impression &amp; Sous-couche Farrow &amp; Ball &#8211; voir plus haut pour trouver la tonalit\u00e9 de couleur exacte pour cette peinture.<\/p>\n<p>&nbsp;<\/p>\n<p>&nbsp;<\/p>\n","protected":false},"excerpt":{"rendered":"<h3>Un bleu-gris d\u00e9lav\u00e9<\/h3>\n<p>Ce bleu-gris changeant apportera une ambiance \u00e0 la fois sophistiqu\u00e9e et chaleureuse \u00e0 votre int\u00e9rieur.<\/p>\n<p>Sous-couche recommand\u00e9e : <a href=\"https:\/\/www.sorainstyles.com\/boutique\/categorie-produit\/appret-sous-couches\/dark-tones\/\" target=\"_blank\" rel=\"noopener\">Dark Tones<\/a><\/p>\n","protected":false},"featured_media":14059,"template":"","meta":{"_acf_changed":false,"_et_pb_use_builder":"","_et_pb_old_content":"","_et_gb_content_width":""},"product_brand":[],"product_cat":[343,330,278,98,81],"product_tag":[402,371,363,403,362],"class_list":{"0":"post-3557","1":"product","2":"type-product","3":"status-publish","4":"has-post-thumbnail","6":"product_cat-archive","7":"product_cat-bleu","8":"product_cat-garden-collection","9":"product_cat-moyen","10":"product_cat-peintures-de-finition","11":"product_tag-barrow-blue","12":"product_tag-farrow","13":"product_tag-farrowandball","14":"product_tag-g8","15":"product_tag-peinture","17":"first","18":"instock","19":"taxable","20":"shipping-taxable","21":"purchasable","22":"product-type-variable"},"acf":[],"_links":{"self":[{"href":"https:\/\/www.sorainstyles.com\/boutique\/wp-json\/wp\/v2\/product\/3557","targetHints":{"allow":["GET"]}}],"collection":[{"href":"https:\/\/www.sorainstyles.com\/boutique\/wp-json\/wp\/v2\/product"}],"about":[{"href":"https:\/\/www.sorainstyles.com\/boutique\/wp-json\/wp\/v2\/types\/product"}],"wp:featuredmedia":[{"embeddable":true,"href":"https:\/\/www.sorainstyles.com\/boutique\/wp-json\/wp\/v2\/media\/14059"}],"wp:attachment":[{"href":"https:\/\/www.sorainstyles.com\/boutique\/wp-json\/wp\/v2\/media?parent=3557"}],"wp:term":[{"taxonomy":"product_brand","embeddable":true,"href":"https:\/\/www.sorainstyles.com\/boutique\/wp-json\/wp\/v2\/product_brand?post=3557"},{"taxonomy":"product_cat","embeddable":true,"href":"https:\/\/www.sorainstyles.com\/boutique\/wp-json\/wp\/v2\/product_cat?post=3557"},{"taxonomy":"product_tag","embeddable":true,"href":"https:\/\/www.sorainstyles.com\/boutique\/wp-json\/wp\/v2\/product_tag?post=3557"}],"curies":[{"name":"wp","href":"https:\/\/api.w.org\/{rel}","templated":true}]}}