{"id":3545,"date":"2021-12-07T20:09:08","date_gmt":"2021-12-07T19:09:08","guid":{"rendered":"https:\/\/www.sorainstyles.com\/boutique\/produit\/templa-white-g4\/"},"modified":"2025-10-04T10:45:41","modified_gmt":"2025-10-04T08:45:41","slug":"templa-white-g4","status":"publish","type":"product","link":"https:\/\/www.sorainstyles.com\/boutique\/produit\/templa-white-g4\/","title":{"rendered":"Templa White G4"},"content":{"rendered":"<h1>Archive Collection : Templa White &#8211; No.G4 de chez Farrow &amp; Ball<\/h1>\n<h2>Un cr\u00e8me aux nuances de miel<\/h2>\n<p>Ce cr\u00e8me p\u00e2le aux <a href=\"https:\/\/www.cotemaison.fr\/couleurs\/diaporama\/couleur-cognac-ses-nuances-rechauffent-nos-interieurs-cet-automne_34002.html\" target=\"_blank\" rel=\"noopener\">nuances de miel<\/a> \u00e9tait souvent utilis\u00e9 sur les murs \u00e0 l\u2019int\u00e9rieur et \u00e0 l\u2019ext\u00e9rieur des constructions de jardins et des temples, courants au d\u00e9but du 18e si\u00e8cle. Dans notre palette, la teinte No.G4 &#8211; Templa White se place entre Farrow&rsquo;s Cream et Dorset Cream.<\/p>\n<p>Primer &amp; Undercoat recommand\u00e9e: <a href=\"https:\/\/www.sorainstyles.com\/boutique\/impressions-sous-couches-farrow-ball\/\" target=\"_blank\" rel=\"noopener\">Mid Tones<\/a><\/p>\n<p>Blanc compl\u00e9mentaire: <a href=\"https:\/\/www.sorainstyles.com\/boutique\/produit\/new-white-59\/\" target=\"_blank\" rel=\"noopener\">New White<\/a><\/p>\n<h3>Exemple d&rsquo;harmonie de couleur avec la teinte Templa White &#8211; No.G4<\/h3>\n<ul>\n<li>Salon Drab No.290 &#8211; Entrance Hall Pink No.61<\/li>\n<\/ul>\n<h3>Information produit<\/h3>\n<h4>A base d&rsquo;eau et sans danger pour les enfants<\/h4>\n<p>En 2010, Farrow &amp; Ball a \u00e9t\u00e9 les premiers du secteur \u00e0 passer \u00e0 une gamme de finitions \u00e9labor\u00e9es enti\u00e8rement \u00e0 base d\u2019eau. En effet, ces finitions \u00e0 faible teneur en COV et pratiquement sans odeur sont faciles \u00e0 nettoyer sans recourir \u00e0 des solvants nocifs.<\/p>\n<h4>Finitions de qualit\u00e9<\/h4>\n<p>Tout d&rsquo;abord, chacune de nos couleurs est disponible dans une gamme de finitions de peinture d\u2019int\u00e9rieur et d\u2019ext\u00e9rieur. Ensuite, chaque finition est test\u00e9e de mani\u00e8re rigoureuse pour garantir un fini durable et une profondeur de couleur exceptionnelle. Enfin, pour obtenir les meilleurs r\u00e9sultats, nous recommandons toujours d\u2019utiliser une Impression &amp; Sous-couche Farrow &amp; Ball &#8211; voir plus haut pour trouver la tonalit\u00e9 de couleur exacte pour cette peinture.<\/p>\n","protected":false},"excerpt":{"rendered":"<h3>Un cr\u00e8me aux nuances de miel<\/h3>\n<p>Ce cr\u00e8me p\u00e2le aux nuances de miel cr\u00e9e une ambiance chaleureuse et cocooning dans n\u2019importe quel espace de votre maison.<\/p>\n<p>Sous-couche recommand\u00e9e : <a href=\"https:\/\/www.sorainstyles.com\/boutique\/categorie-produit\/appret-sous-couches\/mid-tones\/\" target=\"_blank\" rel=\"noopener\">Mid Tones<\/a><\/p>\n","protected":false},"featured_media":14154,"template":"","meta":{"_acf_changed":false,"_et_pb_use_builder":"","_et_pb_old_content":"","_et_gb_content_width":""},"product_brand":[],"product_cat":[343,331,278,329,81],"product_tag":[],"class_list":{"0":"post-3545","1":"product","2":"type-product","3":"status-publish","4":"has-post-thumbnail","6":"product_cat-archive","7":"product_cat-clair","8":"product_cat-garden-collection","9":"product_cat-neutre","10":"product_cat-peintures-de-finition","12":"first","13":"instock","14":"taxable","15":"shipping-taxable","16":"purchasable","17":"product-type-variable"},"acf":[],"_links":{"self":[{"href":"https:\/\/www.sorainstyles.com\/boutique\/wp-json\/wp\/v2\/product\/3545","targetHints":{"allow":["GET"]}}],"collection":[{"href":"https:\/\/www.sorainstyles.com\/boutique\/wp-json\/wp\/v2\/product"}],"about":[{"href":"https:\/\/www.sorainstyles.com\/boutique\/wp-json\/wp\/v2\/types\/product"}],"wp:featuredmedia":[{"embeddable":true,"href":"https:\/\/www.sorainstyles.com\/boutique\/wp-json\/wp\/v2\/media\/14154"}],"wp:attachment":[{"href":"https:\/\/www.sorainstyles.com\/boutique\/wp-json\/wp\/v2\/media?parent=3545"}],"wp:term":[{"taxonomy":"product_brand","embeddable":true,"href":"https:\/\/www.sorainstyles.com\/boutique\/wp-json\/wp\/v2\/product_brand?post=3545"},{"taxonomy":"product_cat","embeddable":true,"href":"https:\/\/www.sorainstyles.com\/boutique\/wp-json\/wp\/v2\/product_cat?post=3545"},{"taxonomy":"product_tag","embeddable":true,"href":"https:\/\/www.sorainstyles.com\/boutique\/wp-json\/wp\/v2\/product_tag?post=3545"}],"curies":[{"name":"wp","href":"https:\/\/api.w.org\/{rel}","templated":true}]}}