{"id":3542,"date":"2021-12-07T20:09:06","date_gmt":"2021-12-07T19:09:06","guid":{"rendered":"https:\/\/www.sorainstyles.com\/boutique\/produit\/vitty-green-g3\/"},"modified":"2025-10-04T10:55:16","modified_gmt":"2025-10-04T08:55:16","slug":"vitty-green-g3","status":"publish","type":"product","link":"https:\/\/www.sorainstyles.com\/boutique\/produit\/vitty-green-g3\/","title":{"rendered":"Vitty Green G3"},"content":{"rendered":"<h1>Archive Collection : Vitty Green &#8211; No.G3 de chez Farrow &amp; Ball<\/h1>\n<h2>Un vert de gris subtile<\/h2>\n<p>La teinte No.G3 &#8211; Vitty Green est une version plus <a href=\"https:\/\/www.cotemaison.fr\/couleurs\/couleur-gris-peinture-gris-clair-gris-anthracite_11682.html\" target=\"_blank\" rel=\"noopener\">grise<\/a> de Blue Grey. Elle tire son nom du mot &lsquo;vitty&rsquo; du dialecte du Dorset, qui signifie &lsquo;propre et propre&rsquo;. Il m\u00e9rite peut-\u00eatre mieux ce nom lorsqu&rsquo;il est combin\u00e9 avec All White, cr\u00e9ant une palette graphique, nette et propre.<\/p>\n<p>Primer &amp; Undercoat recommand\u00e9e: <a href=\"https:\/\/www.sorainstyles.com\/boutique\/categorie-produit\/appret-sous-couches\/mid-tones\/\" target=\"_blank\" rel=\"noopener\">Mid Tones<\/a><\/p>\n<p>Blanc compl\u00e9mentaire: <a href=\"https:\/\/www.sorainstyles.com\/boutique\/produit\/slipper-satin-2004\/\">Slipper Satin<\/a><\/p>\n<h3>Exemple d&rsquo;harmonie de couleur avec la teinte Vitty Green &#8211; No.G3<\/h3>\n<ul>\n<li>Pigeon No.25 &#8211; Off-Black No.57<\/li>\n<\/ul>\n<h3>Information produit<\/h3>\n<h4>A base d&rsquo;eau et sans danger pour les enfants<\/h4>\n<p>En 2010, Farrow &amp; Ball a \u00e9t\u00e9 les premiers du secteur \u00e0 passer \u00e0 une gamme de finitions \u00e9labor\u00e9es enti\u00e8rement \u00e0 base d\u2019eau. En effet, ces finitions \u00e0 faible teneur en COV et pratiquement sans odeur sont faciles \u00e0 nettoyer sans recourir \u00e0 des solvants nocifs.<\/p>\n<h4>Finitions de qualit\u00e9<\/h4>\n<p>Tout d&rsquo;abord, chacune de nos couleurs est disponible dans une gamme de finitions de peinture d\u2019int\u00e9rieur et d\u2019ext\u00e9rieur. Ensuite, chaque finition est test\u00e9e de mani\u00e8re rigoureuse pour garantir un fini durable et une profondeur de couleur exceptionnelle. Enfin, pour obtenir les meilleurs r\u00e9sultats, nous recommandons toujours d\u2019utiliser une Impression &amp; Sous-couche Farrow &amp; Ball &#8211; voir plus haut pour trouver la tonalit\u00e9 de couleur exacte pour cette peinture.<\/p>\n","protected":false},"excerpt":{"rendered":"<h3>Un vert de gris subtile<\/h3>\n<p>Ce vert peut appara\u00eetre tant\u00f4t gris, tant\u00f4t plus vert, selon l\u2019\u00e9clairage et l\u2019exposition de la pi\u00e8ce, et il \u00e9voluera tout au long de la journ\u00e9e.<\/p>\n<p>Sous-couche recommand\u00e9e : <a href=\"https:\/\/www.sorainstyles.com\/boutique\/categorie-produit\/appret-sous-couches\/mid-tones\/\" target=\"_blank\" rel=\"noopener\">Mid Tones<\/a><\/p>\n","protected":false},"featured_media":14161,"template":"","meta":{"_acf_changed":false,"_et_pb_use_builder":"","_et_pb_old_content":"","_et_gb_content_width":""},"product_brand":[],"product_cat":[343,278,98,329,81],"product_tag":[406,371,366,408,362,407],"class_list":{"0":"post-3542","1":"product","2":"type-product","3":"status-publish","4":"has-post-thumbnail","6":"product_cat-archive","7":"product_cat-garden-collection","8":"product_cat-moyen","9":"product_cat-neutre","10":"product_cat-peintures-de-finition","11":"product_tag-couleur","12":"product_tag-farrow","13":"product_tag-farrowball","14":"product_tag-g3","15":"product_tag-peinture","16":"product_tag-vitty-green","18":"first","19":"instock","20":"taxable","21":"shipping-taxable","22":"purchasable","23":"product-type-variable"},"acf":[],"_links":{"self":[{"href":"https:\/\/www.sorainstyles.com\/boutique\/wp-json\/wp\/v2\/product\/3542","targetHints":{"allow":["GET"]}}],"collection":[{"href":"https:\/\/www.sorainstyles.com\/boutique\/wp-json\/wp\/v2\/product"}],"about":[{"href":"https:\/\/www.sorainstyles.com\/boutique\/wp-json\/wp\/v2\/types\/product"}],"wp:featuredmedia":[{"embeddable":true,"href":"https:\/\/www.sorainstyles.com\/boutique\/wp-json\/wp\/v2\/media\/14161"}],"wp:attachment":[{"href":"https:\/\/www.sorainstyles.com\/boutique\/wp-json\/wp\/v2\/media?parent=3542"}],"wp:term":[{"taxonomy":"product_brand","embeddable":true,"href":"https:\/\/www.sorainstyles.com\/boutique\/wp-json\/wp\/v2\/product_brand?post=3542"},{"taxonomy":"product_cat","embeddable":true,"href":"https:\/\/www.sorainstyles.com\/boutique\/wp-json\/wp\/v2\/product_cat?post=3542"},{"taxonomy":"product_tag","embeddable":true,"href":"https:\/\/www.sorainstyles.com\/boutique\/wp-json\/wp\/v2\/product_tag?post=3542"}],"curies":[{"name":"wp","href":"https:\/\/api.w.org\/{rel}","templated":true}]}}