{"id":3539,"date":"2021-12-07T20:09:03","date_gmt":"2021-12-07T19:09:03","guid":{"rendered":"https:\/\/www.sorainstyles.com\/boutique\/produit\/turret-white-g2\/"},"modified":"2025-10-04T11:06:36","modified_gmt":"2025-10-04T09:06:36","slug":"turret-white-g2","status":"publish","type":"product","link":"https:\/\/www.sorainstyles.com\/boutique\/produit\/turret-white-g2\/","title":{"rendered":"Turret White G2"},"content":{"rendered":"<h1>Archive Collection : Turret White No.G2 de chez Farrow &amp; Ball<\/h1>\n<h2>Un blanc gr\u00e8ge<\/h2>\n<p>La teinte No.G2 &#8211; Turret White est un <a href=\"https:\/\/www.cotemaison.fr\/maison-famille\/diaporama\/une-maison-de-famille-en-50-nuances-de-blanc_33797.html\" target=\"_blank\" rel=\"noopener\">blanc<\/a> interm\u00e9diaire. Il est plus chaud que les neutres de notre groupe de neutres traditionnels, ce qui en fait le compagnon parfait de Stony Ground. Utilis\u00e9s ensemble, ils cr\u00e9ent un style discr\u00e8tement raffin\u00e9 qui est facile \u00e0 vivre.<\/p>\n<p>Primer &amp; Undercoat recommand\u00e9e: <a href=\"https:\/\/www.sorainstyles.com\/boutique\/categorie-produit\/appret-sous-couches\/white-and-light-tones\/\" target=\"_blank\" rel=\"noopener\">White and Light Tones<\/a><\/p>\n<p>Blanc compl\u00e9mentaire: <a href=\"https:\/\/www.sorainstyles.com\/boutique\/produit\/pointing-2003\/\" target=\"_blank\" rel=\"noopener\">Pointing<\/a><\/p>\n<h3>Exemple d&rsquo;harmonie de couleur avec la teinte Turret White &#8211; No.G2<\/h3>\n<ul>\n<li>Stony Ground No.211 &#8211; Treron No.292<\/li>\n<\/ul>\n<h3>Information produit<\/h3>\n<h4>A base d&rsquo;eau et sans danger pour les enfants<\/h4>\n<p>En 2010, Farrow &amp; Ball a \u00e9t\u00e9 les premiers du secteur \u00e0 passer \u00e0 une gamme de finitions \u00e9labor\u00e9es enti\u00e8rement \u00e0 base d\u2019eau. En effet, ces finitions \u00e0 faible teneur en COV et pratiquement sans odeur sont faciles \u00e0 nettoyer sans recourir \u00e0 des solvants nocifs.<\/p>\n<h4>Finitions de qualit\u00e9<\/h4>\n<p>Tout d&rsquo;abord, chacune de nos couleurs est disponible dans une gamme de finitions de peinture d\u2019int\u00e9rieur et d\u2019ext\u00e9rieur. Ensuite, chaque finition est test\u00e9e de mani\u00e8re rigoureuse pour garantir un fini durable et une profondeur de couleur exceptionnelle. Enfin, pour obtenir les meilleurs r\u00e9sultats, nous recommandons toujours d\u2019utiliser une Impression &amp; Sous-couche Farrow &amp; Ball &#8211; voir plus haut pour trouver la tonalit\u00e9 de couleur exacte pour cette peinture.<\/p>\n","protected":false},"excerpt":{"rendered":"<h3>Un blanc gr\u00e8ge<\/h3>\n<p>Turret White est un blanc interm\u00e9diaire, plus chaud que les autres, qui s&rsquo;associe parfaitement avec des teintes gr\u00e8ges pour un style raffin\u00e9 et cocooning.<\/p>\n<p>Sous-couche recommand\u00e9e : <a href=\"https:\/\/www.sorainstyles.com\/boutique\/categorie-produit\/appret-sous-couches\/white-and-light-tones\/\" target=\"_blank\" rel=\"noopener\">White and Light Tones<\/a><\/p>\n","protected":false},"featured_media":14176,"template":"","meta":{"_acf_changed":false,"_et_pb_use_builder":"","_et_pb_old_content":"","_et_gb_content_width":""},"product_brand":[],"product_cat":[343,331,278,329,81],"product_tag":[406,371,366,410,362,409],"class_list":{"0":"post-3539","1":"product","2":"type-product","3":"status-publish","4":"has-post-thumbnail","6":"product_cat-archive","7":"product_cat-clair","8":"product_cat-garden-collection","9":"product_cat-neutre","10":"product_cat-peintures-de-finition","11":"product_tag-couleur","12":"product_tag-farrow","13":"product_tag-farrowball","14":"product_tag-g2","15":"product_tag-peinture","16":"product_tag-turret-white","18":"first","19":"instock","20":"taxable","21":"shipping-taxable","22":"purchasable","23":"product-type-variable"},"acf":[],"_links":{"self":[{"href":"https:\/\/www.sorainstyles.com\/boutique\/wp-json\/wp\/v2\/product\/3539","targetHints":{"allow":["GET"]}}],"collection":[{"href":"https:\/\/www.sorainstyles.com\/boutique\/wp-json\/wp\/v2\/product"}],"about":[{"href":"https:\/\/www.sorainstyles.com\/boutique\/wp-json\/wp\/v2\/types\/product"}],"wp:featuredmedia":[{"embeddable":true,"href":"https:\/\/www.sorainstyles.com\/boutique\/wp-json\/wp\/v2\/media\/14176"}],"wp:attachment":[{"href":"https:\/\/www.sorainstyles.com\/boutique\/wp-json\/wp\/v2\/media?parent=3539"}],"wp:term":[{"taxonomy":"product_brand","embeddable":true,"href":"https:\/\/www.sorainstyles.com\/boutique\/wp-json\/wp\/v2\/product_brand?post=3539"},{"taxonomy":"product_cat","embeddable":true,"href":"https:\/\/www.sorainstyles.com\/boutique\/wp-json\/wp\/v2\/product_cat?post=3539"},{"taxonomy":"product_tag","embeddable":true,"href":"https:\/\/www.sorainstyles.com\/boutique\/wp-json\/wp\/v2\/product_tag?post=3539"}],"curies":[{"name":"wp","href":"https:\/\/api.w.org\/{rel}","templated":true}]}}