{"id":3490,"date":"2021-12-07T20:07:55","date_gmt":"2021-12-07T19:07:55","guid":{"rendered":"https:\/\/www.sorainstyles.com\/boutique\/produit\/preference-red-297\/"},"modified":"2025-10-19T17:20:52","modified_gmt":"2025-10-19T15:20:52","slug":"preference-red-297","status":"publish","type":"product","link":"https:\/\/www.sorainstyles.com\/boutique\/produit\/preference-red-297\/","title":{"rendered":"Preference Red 297"},"content":{"rendered":"<h1 class=\"product-hero__title\">Preference Red &#8211; No.297 de chez Farrow &amp; Ball<\/h1>\n<h2>Un rouge riche et profond<\/h2>\n<p>La teinte No.297 &#8211; Preference Red, est le rouge le plus riche et le plus profond de toute la gamme Farrow &amp; Ball. Son appellation rend hommage \u00e0 notre nom commercial d\u2019origine, \u00ab Preference Paints \u00bb. Il peut \u00eatre utilis\u00e9 avec tous nos Neutres Chaleureux, mais ressort particuli\u00e8rement bien en combinaison avec Paean Black ou Sulking Room Pink. C\u2019est le <a href=\"https:\/\/www.cotemaison.fr\/insolite\/diaporama\/la-maison-rouge-se-devoile-entre-palmiers-yuccas-et-lianes-de-floride_34585.html\" target=\"_blank\" rel=\"noopener\">rouge<\/a> pr\u00e9f\u00e9r\u00e9 des foyers modernes !<\/p>\n<p>Primer &amp; Undercoat recommand\u00e9e: <a href=\"https:\/\/www.sorainstyles.com\/boutique\/categorie-produit\/appret-sous-couches\/red-and-warm-tones\/\" target=\"_blank\" rel=\"noopener\">Red and Warm Tones<\/a><\/p>\n<p>Blanc compl\u00e9mentaire : <a href=\"https:\/\/www.sorainstyles.com\/boutique\/produit\/joas-white-226\/\" target=\"_blank\" rel=\"noopener\">Joa&rsquo;s White<\/a><\/p>\n<h3>4 exemple d&rsquo;harmonies de couleurs avec la teinte Preference Red &#8211; No.297<\/h3>\n<ul>\n<li>Stirabout No.300 &#8211; Pointing No.2003<\/li>\n<li>Pink Ground No.202 &#8211; Bamboozle No.304<\/li>\n<li>Jitney No.293 &#8211; London Clay No.244<\/li>\n<li>Green Smoke No.47 &#8211; Mahogany No.36<\/li>\n<\/ul>\n<h3>Information produit<\/h3>\n<h4>A base d&rsquo;eau et sans danger pour les enfants<\/h4>\n<p>En 2010, Farrow &amp; Ball a \u00e9t\u00e9 les premiers du secteur \u00e0 passer \u00e0 une gamme de finitions \u00e9labor\u00e9es enti\u00e8rement \u00e0 base d\u2019eau. En effet, ces finitions \u00e0 faible teneur en COV et pratiquement sans odeur sont faciles \u00e0 nettoyer sans recourir \u00e0 des solvants nocifs.<\/p>\n<h4>Finitions de qualit\u00e9<\/h4>\n<p>Tout d&rsquo;abord, chacune de nos couleurs est disponible dans une gamme de finitions de peinture d\u2019int\u00e9rieur et d\u2019ext\u00e9rieur. Ensuite, chaque finition est test\u00e9e de mani\u00e8re rigoureuse pour garantir un fini durable et une profondeur de couleur exceptionnelle. Enfin, pour obtenir les meilleurs r\u00e9sultats, nous recommandons toujours d\u2019utiliser une Impression &amp; Sous-couche Farrow &amp; Ball &#8211; voir plus haut pour trouver la tonalit\u00e9 de couleur exacte pour cette peinture.<\/p>\n<p>&nbsp;<\/p>\n","protected":false},"excerpt":{"rendered":"<h3>Un rouge riche et profond<\/h3>\n<p>Ce rouge est le plus riche et le plus profond de toute notre gamme de peinture Farrow &amp; Ball. Il se marie parfaitement bien avec des teintes plus claires mais \u00e9galement plus fonc\u00e9es.<\/p>\n<p>Sous-couche recommand\u00e9e : <a href=\"https:\/\/www.sorainstyles.com\/boutique\/categorie-produit\/appret-sous-couches\/red-and-warm-tones\/\" target=\"_blank\" rel=\"noopener\">Red and Warm Tones<\/a><\/p>\n","protected":false},"featured_media":14240,"template":"","meta":{"_acf_changed":false,"_et_pb_use_builder":"","_et_pb_old_content":"","_et_gb_content_width":""},"product_brand":[],"product_cat":[196,143,81,110],"product_tag":[417,406,371,415,362,416,351],"class_list":{"0":"post-3490","1":"product","2":"type-product","3":"status-publish","4":"has-post-thumbnail","6":"product_cat-intense","7":"product_cat-nuancier-actuel","8":"product_cat-peintures-de-finition","9":"product_cat-rouge","10":"product_tag-417","11":"product_tag-couleur","12":"product_tag-farrow","13":"product_tag-farrow-ball","14":"product_tag-peinture","15":"product_tag-preference-red","16":"product_tag-rouge","18":"first","19":"instock","20":"taxable","21":"shipping-taxable","22":"purchasable","23":"product-type-variable"},"acf":[],"_links":{"self":[{"href":"https:\/\/www.sorainstyles.com\/boutique\/wp-json\/wp\/v2\/product\/3490","targetHints":{"allow":["GET"]}}],"collection":[{"href":"https:\/\/www.sorainstyles.com\/boutique\/wp-json\/wp\/v2\/product"}],"about":[{"href":"https:\/\/www.sorainstyles.com\/boutique\/wp-json\/wp\/v2\/types\/product"}],"wp:featuredmedia":[{"embeddable":true,"href":"https:\/\/www.sorainstyles.com\/boutique\/wp-json\/wp\/v2\/media\/14240"}],"wp:attachment":[{"href":"https:\/\/www.sorainstyles.com\/boutique\/wp-json\/wp\/v2\/media?parent=3490"}],"wp:term":[{"taxonomy":"product_brand","embeddable":true,"href":"https:\/\/www.sorainstyles.com\/boutique\/wp-json\/wp\/v2\/product_brand?post=3490"},{"taxonomy":"product_cat","embeddable":true,"href":"https:\/\/www.sorainstyles.com\/boutique\/wp-json\/wp\/v2\/product_cat?post=3490"},{"taxonomy":"product_tag","embeddable":true,"href":"https:\/\/www.sorainstyles.com\/boutique\/wp-json\/wp\/v2\/product_tag?post=3490"}],"curies":[{"name":"wp","href":"https:\/\/api.w.org\/{rel}","templated":true}]}}