{"id":3487,"date":"2021-12-07T20:07:53","date_gmt":"2021-12-07T19:07:53","guid":{"rendered":"https:\/\/www.sorainstyles.com\/boutique\/produit\/rangwali-296\/"},"modified":"2025-10-15T10:41:03","modified_gmt":"2025-10-15T08:41:03","slug":"rangwali-296","status":"publish","type":"product","link":"https:\/\/www.sorainstyles.com\/boutique\/produit\/rangwali-296\/","title":{"rendered":"Rangwali 296"},"content":{"rendered":"<h1>Rangwali &#8211; No.296 de chez Farrow &amp; Ball<\/h1>\n<h2>Un rose aventurier<\/h2>\n<p>La teinte No.296 &#8211; Rangwali est la plus aventuri\u00e8re de nos <a href=\"https:\/\/www.cotemaison.fr\/inspirations\/tendance-deco-le-rose-envahit-la-maison_28606.html\" target=\"_blank\" rel=\"noopener\">roses<\/a>. Cette couleur est incroyablement chaleureuse et doit son nom \u00e0 Holi, la f\u00eate des couleurs indienne, durant laquelle des poudres aux couleurs vives sont jet\u00e9es en l\u2019air avec enthousiasme. Bien qu\u2019il soit lumineux, il a aussi une profondeur de couleur unique obtenue par l\u2019ajout d\u2019une petite dose de pigment noir.<\/p>\n<p>Primer &amp; Undercoat recommand\u00e9e: <a href=\"https:\/\/www.sorainstyles.com\/boutique\/categorie-produit\/appret-sous-couches\/red-and-warm-tones\/\" target=\"_blank\" rel=\"noopener\">Red and Warm Tones<\/a><\/p>\n<p>Blanc compl\u00e9mentaire : <a href=\"https:\/\/www.sorainstyles.com\/boutique\/produit\/great-white-2006\/\">Great White<\/a><\/p>\n<h3>4 exemples d&rsquo;harmonies de couleurs avec la teinte Rangwali &#8211; No.296<\/h3>\n<ul>\n<li>All White No.2005 &#8211; Templeton Pink No.303<\/li>\n<li>Skimming Stone No.241 &#8211; Dove Tale No.267<\/li>\n<li>Inchyra Blue No.289 &#8211; Tanner&rsquo;s Brown No.255<\/li>\n<li>Railings No.31 &#8211; Preference Red No.297<\/li>\n<\/ul>\n<h3>Information produit<\/h3>\n<h4>A base d&rsquo;eau et sans danger pour les enfants<\/h4>\n<p>En 2010, Farrow &amp; Ball a \u00e9t\u00e9 les premiers du secteur \u00e0 passer \u00e0 une gamme de finitions \u00e9labor\u00e9es enti\u00e8rement \u00e0 base d\u2019eau. En effet, ces finitions \u00e0 faible teneur en COV et pratiquement sans odeur sont faciles \u00e0 nettoyer sans recourir \u00e0 des solvants nocifs.<\/p>\n<h4>Finitions de qualit\u00e9<\/h4>\n<p>Tout d&rsquo;abord, chacune de nos couleurs est disponible dans une gamme de finitions de peinture d\u2019int\u00e9rieur et d\u2019ext\u00e9rieur. Ensuite, chaque finition est test\u00e9e de mani\u00e8re rigoureuse pour garantir un fini durable et une profondeur de couleur exceptionnelle. Enfin, pour obtenir les meilleurs r\u00e9sultats, nous recommandons toujours d\u2019utiliser une Impression &amp; Sous-couche Farrow &amp; Ball &#8211; voir plus haut pour trouver la tonalit\u00e9 de couleur exacte pour cette peinture.<\/p>\n","protected":false},"excerpt":{"rendered":"<h3>Un rose exotique et audacieux<\/h3>\n<p>Couleur exotique, joyeuse et pleine d\u2019\u00e9nergie, Rangwali est assur\u00e9ment notre rose le plus audacieux et lumineux. Sa profondeur de couleur est due \u00e0 une touche de pigment noir, id\u00e9al pour apporter une \u00e9nergie conviviale \u00e0 tout espace.<\/p>\n<p>Sous-couche recommand\u00e9e : <a href=\"https:\/\/www.sorainstyles.com\/boutique\/categorie-produit\/appret-sous-couches\/red-and-warm-tones\/\" target=\"_blank\" rel=\"noopener\">Red and Warm Tones<\/a><\/p>\n","protected":false},"featured_media":14244,"template":"","meta":{"_acf_changed":false,"_et_pb_use_builder":"","_et_pb_old_content":"","_et_gb_content_width":""},"product_brand":[],"product_cat":[98,143,81,110],"product_tag":[406,371,366,362,418,351],"class_list":{"0":"post-3487","1":"product","2":"type-product","3":"status-publish","4":"has-post-thumbnail","6":"product_cat-moyen","7":"product_cat-nuancier-actuel","8":"product_cat-peintures-de-finition","9":"product_cat-rouge","10":"product_tag-couleur","11":"product_tag-farrow","12":"product_tag-farrowball","13":"product_tag-peinture","14":"product_tag-rangwali","15":"product_tag-rouge","17":"first","18":"instock","19":"taxable","20":"shipping-taxable","21":"purchasable","22":"product-type-variable"},"acf":[],"_links":{"self":[{"href":"https:\/\/www.sorainstyles.com\/boutique\/wp-json\/wp\/v2\/product\/3487","targetHints":{"allow":["GET"]}}],"collection":[{"href":"https:\/\/www.sorainstyles.com\/boutique\/wp-json\/wp\/v2\/product"}],"about":[{"href":"https:\/\/www.sorainstyles.com\/boutique\/wp-json\/wp\/v2\/types\/product"}],"wp:featuredmedia":[{"embeddable":true,"href":"https:\/\/www.sorainstyles.com\/boutique\/wp-json\/wp\/v2\/media\/14244"}],"wp:attachment":[{"href":"https:\/\/www.sorainstyles.com\/boutique\/wp-json\/wp\/v2\/media?parent=3487"}],"wp:term":[{"taxonomy":"product_brand","embeddable":true,"href":"https:\/\/www.sorainstyles.com\/boutique\/wp-json\/wp\/v2\/product_brand?post=3487"},{"taxonomy":"product_cat","embeddable":true,"href":"https:\/\/www.sorainstyles.com\/boutique\/wp-json\/wp\/v2\/product_cat?post=3487"},{"taxonomy":"product_tag","embeddable":true,"href":"https:\/\/www.sorainstyles.com\/boutique\/wp-json\/wp\/v2\/product_tag?post=3487"}],"curies":[{"name":"wp","href":"https:\/\/api.w.org\/{rel}","templated":true}]}}