{"id":3484,"date":"2021-12-07T20:07:52","date_gmt":"2021-12-07T19:07:52","guid":{"rendered":"https:\/\/www.sorainstyles.com\/boutique\/produit\/sulking-room-pink-295\/"},"modified":"2025-10-15T10:45:41","modified_gmt":"2025-10-15T08:45:41","slug":"sulking-room-pink-295","status":"publish","type":"product","link":"https:\/\/www.sorainstyles.com\/boutique\/produit\/sulking-room-pink-295\/","title":{"rendered":"Sulking Room Pink 295"},"content":{"rendered":"<h1>Sulking Room Pink &#8211; No.295 de chez Farrow &amp; Ball<\/h1>\n<h2>Un rose romantique et nuanc\u00e9<\/h2>\n<p>Cette teinte d\u00e9licate, qui n\u2019a rien d\u2019un rose franc, est extr\u00eamement <a href=\"https:\/\/www.cotemaison.fr\/contemporain\/diaporama\/une-maison-chaleureuse-aux-accents-d-ailleurs_34893.html\" target=\"_blank\" rel=\"noopener\">chaleureuse<\/a>. Son aspect poudr\u00e9 lui conf\u00e8re toute sa douceur et la rend particuli\u00e8rement facile \u00e0 coordonner avec des couleurs compl\u00e9mentaires. La teinte No.295 &#8211; Sulking Room Pink \u00e9voque la teinte traditionnelle des boudoirs, une pi\u00e8ce dont le nom vient du fran\u00e7ais \u00ab bouder \u00bb (to sulk).<\/p>\n<p>Primer &amp; Undercoat recommand\u00e9e: <a href=\"https:\/\/www.sorainstyles.com\/boutique\/categorie-produit\/appret-sous-couches\/mid-tones\/\" target=\"_blank\" rel=\"noopener\">Mid Tones<\/a><\/p>\n<p>Blanc compl\u00e9mentaire : <a href=\"https:\/\/www.sorainstyles.com\/boutique\/produit\/skimming-stone-241\/\" target=\"_blank\" rel=\"noopener\">Skimming Stone<\/a><\/p>\n<h3>4 exemples d&rsquo;harmonies de couleurs avec la teinte Sulking Room Pink &#8211; No.295<\/h3>\n<ul>\n<li>School House White No.291 &#8211; Shadow White No.282<\/li>\n<li>Shaded White No.201 &#8211; Drop Cloth No.283<\/li>\n<li>Bancha No.298 &#8211; De Nimes No.299<\/li>\n<\/ul>\n<h3>Information produit<\/h3>\n<h4>A base d&rsquo;eau et sans danger pour les enfants<\/h4>\n<p>En 2010, Farrow &amp; Ball a \u00e9t\u00e9 les premiers du secteur \u00e0 passer \u00e0 une gamme de finitions \u00e9labor\u00e9es enti\u00e8rement \u00e0 base d\u2019eau. En effet, ces finitions \u00e0 faible teneur en COV et pratiquement sans odeur sont faciles \u00e0 nettoyer sans recourir \u00e0 des solvants nocifs.<\/p>\n<h4>Finitions de qualit\u00e9<\/h4>\n<p>Tout d&rsquo;abord, chacune de nos couleurs est disponible dans une gamme de finitions de peinture d\u2019int\u00e9rieur et d\u2019ext\u00e9rieur. Ensuite, chaque finition est test\u00e9e de mani\u00e8re rigoureuse pour garantir un fini durable et une profondeur de couleur exceptionnelle. Enfin, pour obtenir les meilleurs r\u00e9sultats, nous recommandons toujours d\u2019utiliser une Impression &amp; Sous-couche Farrow &amp; Ball &#8211; voir plus haut pour trouver la tonalit\u00e9 de couleur exacte pour cette peinture.<\/p>\n","protected":false},"excerpt":{"rendered":"<h3>Un rose romantique et nuanc\u00e9<\/h3>\n<p>Sulking Room Pink est une teinte d\u00e9licate et chaleureuse parfaite pour cr\u00e9er une atmosph\u00e8re douce et \u00e9l\u00e9gante. Son aspect poudr\u00e9 lui conf\u00e8re toute sa douceur et la rend particuli\u00e8rement facile \u00e0 coordonner avec des couleurs compl\u00e9mentaires.<\/p>\n<p>Sous-couche recommand\u00e9e : <a href=\"https:\/\/www.sorainstyles.com\/boutique\/categorie-produit\/appret-sous-couches\/mid-tones\/\" target=\"_blank\" rel=\"noopener\">Mid Tones<\/a><\/p>\n","protected":false},"featured_media":14256,"template":"","meta":{"_acf_changed":false,"_et_pb_use_builder":"","_et_pb_old_content":"","_et_gb_content_width":""},"product_brand":[],"product_cat":[98,143,81,110],"product_tag":[420,406,371,366,362,351,419],"class_list":{"0":"post-3484","1":"product","2":"type-product","3":"status-publish","4":"has-post-thumbnail","6":"product_cat-moyen","7":"product_cat-nuancier-actuel","8":"product_cat-peintures-de-finition","9":"product_cat-rouge","10":"product_tag-420","11":"product_tag-couleur","12":"product_tag-farrow","13":"product_tag-farrowball","14":"product_tag-peinture","15":"product_tag-rouge","16":"product_tag-sulking-room-pink","18":"first","19":"instock","20":"taxable","21":"shipping-taxable","22":"purchasable","23":"product-type-variable"},"acf":[],"_links":{"self":[{"href":"https:\/\/www.sorainstyles.com\/boutique\/wp-json\/wp\/v2\/product\/3484","targetHints":{"allow":["GET"]}}],"collection":[{"href":"https:\/\/www.sorainstyles.com\/boutique\/wp-json\/wp\/v2\/product"}],"about":[{"href":"https:\/\/www.sorainstyles.com\/boutique\/wp-json\/wp\/v2\/types\/product"}],"wp:featuredmedia":[{"embeddable":true,"href":"https:\/\/www.sorainstyles.com\/boutique\/wp-json\/wp\/v2\/media\/14256"}],"wp:attachment":[{"href":"https:\/\/www.sorainstyles.com\/boutique\/wp-json\/wp\/v2\/media?parent=3484"}],"wp:term":[{"taxonomy":"product_brand","embeddable":true,"href":"https:\/\/www.sorainstyles.com\/boutique\/wp-json\/wp\/v2\/product_brand?post=3484"},{"taxonomy":"product_cat","embeddable":true,"href":"https:\/\/www.sorainstyles.com\/boutique\/wp-json\/wp\/v2\/product_cat?post=3484"},{"taxonomy":"product_tag","embeddable":true,"href":"https:\/\/www.sorainstyles.com\/boutique\/wp-json\/wp\/v2\/product_tag?post=3484"}],"curies":[{"name":"wp","href":"https:\/\/api.w.org\/{rel}","templated":true}]}}