{"id":3475,"date":"2021-12-07T20:07:31","date_gmt":"2021-12-07T19:07:31","guid":{"rendered":"https:\/\/www.sorainstyles.com\/boutique\/produit\/treron-292\/"},"modified":"2025-10-15T15:04:56","modified_gmt":"2025-10-15T13:04:56","slug":"treron-292","status":"publish","type":"product","link":"https:\/\/www.sorainstyles.com\/boutique\/produit\/treron-292\/","title":{"rendered":"Treron 292"},"content":{"rendered":"<h1>Treron &#8211; No.292 de chez Farrow &amp; Ball<\/h1>\n<h2>Un vert gris sombre<\/h2>\n<p>Cette couleur intemporelle est une variante de notre Pigeon. Plus franchement verte que la teinte d\u2019origine, elle tient ainsi son nom d\u2019un volatile vert de la m\u00eame esp\u00e8ce. Classique, la teinte No.292 &#8211; Treron s\u2019av\u00e8re n\u00e9anmoins id\u00e9ale dans les cadres les plus <a href=\"https:\/\/www.cotemaison.fr\/salle-a-manger-salon\/diaporama\/30-idees-pour-un-salon-100-contemporain_4452.html\" target=\"_blank\" rel=\"noopener\">contemporains<\/a> qui font usage de nombreux mat\u00e9riaux naturels. C\u2019est la couleur accent parfaite pour notre French Gray comme pour nos Tons Neutres Traditionnels.<\/p>\n<p>Primer &amp; Undercoat recommand\u00e9e: <a href=\"https:\/\/www.sorainstyles.com\/boutique\/categorie-produit\/appret-sous-couches\/mid-tones\/\" target=\"_blank\" rel=\"noopener\">Mid Tones<\/a><\/p>\n<p>Blanc compl\u00e9mentaire : <a href=\"https:\/\/www.sorainstyles.com\/boutique\/produit\/off-white-3\/\">Off-White<\/a><\/p>\n<h3>4 exemples d&rsquo;harmonies de couleurs avec la teinte Treron &#8211; No.292<\/h3>\n<ul>\n<li>Slipper Satin No.2004 &#8211; Lime White No.1<\/li>\n<li>Off-White No.3 &#8211; Old White No.4<\/li>\n<li>Eddy No.301 &#8211; French Gray No.18<\/li>\n<li>Dead Salmon No.28 &#8211; Tanner&rsquo;s Brown<\/li>\n<\/ul>\n<h3>Information produit<\/h3>\n<h4>A base d&rsquo;eau et sans danger pour les enfants<\/h4>\n<p>En 2010, Farrow &amp; Ball a \u00e9t\u00e9 les premiers du secteur \u00e0 passer \u00e0 une gamme de finitions \u00e9labor\u00e9es enti\u00e8rement \u00e0 base d\u2019eau. En effet, ces finitions \u00e0 faible teneur en COV et pratiquement sans odeur sont faciles \u00e0 nettoyer sans recourir \u00e0 des solvants nocifs.<\/p>\n<h4>Finitions de qualit\u00e9<\/h4>\n<p>Tout d&rsquo;abord, chacune de nos couleurs est disponible dans une gamme de finitions de peinture d\u2019int\u00e9rieur et d\u2019ext\u00e9rieur. Ensuite, chaque finition est test\u00e9e de mani\u00e8re rigoureuse pour garantir un fini durable et une profondeur de couleur exceptionnelle. Enfin, pour obtenir les meilleurs r\u00e9sultats, nous recommandons toujours d\u2019utiliser une Impression &amp; Sous-couche Farrow &amp; Ball &#8211; voir plus haut pour trouver la tonalit\u00e9 de couleur exacte pour cette peinture.<\/p>\n","protected":false},"excerpt":{"rendered":"<h3>Un vert gris sombre<\/h3>\n<p>Treron, une variante plus verte de Pigeon, est une couleur intemporelle id\u00e9ale \u00e0 associer avec des mat\u00e9riaux naturels.<\/p>\n<p>Sous-couche recommand\u00e9e : <a href=\"https:\/\/www.sorainstyles.com\/boutique\/categorie-produit\/appret-sous-couches\/mid-tones\/\" target=\"_blank\" rel=\"noopener\">Mid Tones<\/a><\/p>\n","protected":false},"featured_media":14268,"template":"","meta":{"_acf_changed":false,"_et_pb_use_builder":"","_et_pb_old_content":"","_et_gb_content_width":""},"product_brand":[],"product_cat":[98,143,81,92],"product_tag":[470,406,371,366,362,469,350],"class_list":{"0":"post-3475","1":"product","2":"type-product","3":"status-publish","4":"has-post-thumbnail","6":"product_cat-moyen","7":"product_cat-nuancier-actuel","8":"product_cat-peintures-de-finition","9":"product_cat-vert","10":"product_tag-470","11":"product_tag-couleur","12":"product_tag-farrow","13":"product_tag-farrowball","14":"product_tag-peinture","15":"product_tag-treron","16":"product_tag-vert","18":"first","19":"instock","20":"taxable","21":"shipping-taxable","22":"purchasable","23":"product-type-variable"},"acf":[],"_links":{"self":[{"href":"https:\/\/www.sorainstyles.com\/boutique\/wp-json\/wp\/v2\/product\/3475","targetHints":{"allow":["GET"]}}],"collection":[{"href":"https:\/\/www.sorainstyles.com\/boutique\/wp-json\/wp\/v2\/product"}],"about":[{"href":"https:\/\/www.sorainstyles.com\/boutique\/wp-json\/wp\/v2\/types\/product"}],"wp:featuredmedia":[{"embeddable":true,"href":"https:\/\/www.sorainstyles.com\/boutique\/wp-json\/wp\/v2\/media\/14268"}],"wp:attachment":[{"href":"https:\/\/www.sorainstyles.com\/boutique\/wp-json\/wp\/v2\/media?parent=3475"}],"wp:term":[{"taxonomy":"product_brand","embeddable":true,"href":"https:\/\/www.sorainstyles.com\/boutique\/wp-json\/wp\/v2\/product_brand?post=3475"},{"taxonomy":"product_cat","embeddable":true,"href":"https:\/\/www.sorainstyles.com\/boutique\/wp-json\/wp\/v2\/product_cat?post=3475"},{"taxonomy":"product_tag","embeddable":true,"href":"https:\/\/www.sorainstyles.com\/boutique\/wp-json\/wp\/v2\/product_tag?post=3475"}],"curies":[{"name":"wp","href":"https:\/\/api.w.org\/{rel}","templated":true}]}}