{"id":3469,"date":"2021-12-07T20:07:28","date_gmt":"2021-12-07T19:07:28","guid":{"rendered":"https:\/\/www.sorainstyles.com\/boutique\/produit\/salon-drab-290\/"},"modified":"2026-01-29T13:59:49","modified_gmt":"2026-01-29T12:59:49","slug":"salon-drab-290","status":"publish","type":"product","link":"https:\/\/www.sorainstyles.com\/boutique\/produit\/salon-drab-290\/","title":{"rendered":"Salon Drab 290"},"content":{"rendered":"<h1>Archive Collection : Salon Drab &#8211; No.290 de chez Farrow &amp; Ball<\/h1>\n<h2>Un brun chocolat intense<\/h2>\n<p class=\"description\">Ce brun chaud porte un nom compos\u00e9, associant \u00ab salon \u00bb (en anglais, la petite antichambre menant au salon) et \u00ab drab \u00bb, un terme qui qualifierait une couleur manquant de luminosit\u00e9. L\u2019intensit\u00e9 de ce <a href=\"https:\/\/www.cotemaison.fr\/couleurs\/diaporama\/comment-s-approprier-la-couleur-marron-en-deco_32824.html\" target=\"_blank\" rel=\"noopener\">brun<\/a> chocolat pr\u00e9sente un attrait imm\u00e9diat, et permet de cr\u00e9er sans effort un look moderne comme un style classique tr\u00e8s XIXe si\u00e8cle. La teinte No.290 &#8211; Salon Drab est une tonalit\u00e9 fonc\u00e9e qui s\u2019accorde tr\u00e8s bien aux Neutres Chaleureux et Contemporains.<\/p>\n<p>Primer &amp; Undercoat recommand\u00e9e: <a href=\"https:\/\/www.sorainstyles.com\/boutique\/categorie-produit\/appret-sous-couches\/dark-tones\/\" target=\"_blank\" rel=\"noopener\">Dark Tones<\/a><\/p>\n<p>Blanc compl\u00e9mentaire : <a href=\"https:\/\/www.sorainstyles.com\/boutique\/produit\/joas-white-226\/\" target=\"_blank\" rel=\"noopener\">Joa&rsquo;s White<\/a><\/p>\n<h3>4 exemples d&rsquo;harmonies de couleurs avec la teinte Salon Drab &#8211; No.290<\/h3>\n<ul>\n<li>Joa&rsquo;s White No.226 &#8211; Dimity No.2008<\/li>\n<li>London Stone No.6 &#8211; Oxford Stone No.264<\/li>\n<li>Elephant&rsquo;s Breath No.229 &#8211; Skimming Stone No.241<\/li>\n<li>Arsenic No.214 &#8211; Rectory Red No.217<\/li>\n<\/ul>\n<h3>Information produit<\/h3>\n<h4>A base d&rsquo;eau et sans danger pour les enfants<\/h4>\n<p>En 2010, Farrow &amp; Ball a \u00e9t\u00e9 les premiers du secteur \u00e0 passer \u00e0 une gamme de finitions \u00e9labor\u00e9es enti\u00e8rement \u00e0 base d\u2019eau. En effet, ces finitions \u00e0 faible teneur en COV et pratiquement sans odeur sont faciles \u00e0 nettoyer sans recourir \u00e0 des solvants nocifs.<\/p>\n<h4>Finitions de qualit\u00e9<\/h4>\n<p>Tout d&rsquo;abord, chacune de nos couleurs est disponible dans une gamme de finitions de peinture d\u2019int\u00e9rieur et d\u2019ext\u00e9rieur. Ensuite, chaque finition est test\u00e9e de mani\u00e8re rigoureuse pour garantir un fini durable et une profondeur de couleur exceptionnelle. Enfin, pour obtenir les meilleurs r\u00e9sultats, nous recommandons toujours d\u2019utiliser une Impression &amp; Sous-couche Farrow &amp; Ball &#8211; voir plus haut pour trouver la tonalit\u00e9 de couleur exacte pour cette peinture.<\/p>\n","protected":false},"excerpt":{"rendered":"<h3>Un brun chocolat intense<\/h3>\n<p>Salon Drab, un brun chocolat intense et chaud permet de cr\u00e9er autant un look moderne qu\u2019un style classique.<\/p>\n<p>Sous-couche recommand\u00e9e : <a href=\"https:\/\/www.sorainstyles.com\/boutique\/categorie-produit\/appret-sous-couches\/dark-tones\/\" target=\"_blank\" rel=\"noopener\">Dark Tones<\/a><\/p>\n","protected":false},"featured_media":14141,"template":"","meta":{"_acf_changed":false,"_et_pb_use_builder":"","_et_pb_old_content":"","_et_gb_content_width":""},"product_brand":[],"product_cat":[343,98,329,81],"product_tag":[474,406,371,366,362,473],"class_list":{"0":"post-3469","1":"product","2":"type-product","3":"status-publish","4":"has-post-thumbnail","6":"product_cat-archive","7":"product_cat-moyen","8":"product_cat-neutre","9":"product_cat-peintures-de-finition","10":"product_tag-474","11":"product_tag-couleur","12":"product_tag-farrow","13":"product_tag-farrowball","14":"product_tag-peinture","15":"product_tag-salon-drab","17":"first","18":"instock","19":"taxable","20":"shipping-taxable","21":"purchasable","22":"product-type-variable"},"acf":[],"_links":{"self":[{"href":"https:\/\/www.sorainstyles.com\/boutique\/wp-json\/wp\/v2\/product\/3469","targetHints":{"allow":["GET"]}}],"collection":[{"href":"https:\/\/www.sorainstyles.com\/boutique\/wp-json\/wp\/v2\/product"}],"about":[{"href":"https:\/\/www.sorainstyles.com\/boutique\/wp-json\/wp\/v2\/types\/product"}],"wp:featuredmedia":[{"embeddable":true,"href":"https:\/\/www.sorainstyles.com\/boutique\/wp-json\/wp\/v2\/media\/14141"}],"wp:attachment":[{"href":"https:\/\/www.sorainstyles.com\/boutique\/wp-json\/wp\/v2\/media?parent=3469"}],"wp:term":[{"taxonomy":"product_brand","embeddable":true,"href":"https:\/\/www.sorainstyles.com\/boutique\/wp-json\/wp\/v2\/product_brand?post=3469"},{"taxonomy":"product_cat","embeddable":true,"href":"https:\/\/www.sorainstyles.com\/boutique\/wp-json\/wp\/v2\/product_cat?post=3469"},{"taxonomy":"product_tag","embeddable":true,"href":"https:\/\/www.sorainstyles.com\/boutique\/wp-json\/wp\/v2\/product_tag?post=3469"}],"curies":[{"name":"wp","href":"https:\/\/api.w.org\/{rel}","templated":true}]}}