{"id":3466,"date":"2021-12-07T20:07:24","date_gmt":"2021-12-07T19:07:24","guid":{"rendered":"https:\/\/www.sorainstyles.com\/boutique\/produit\/inchyra-blue-289\/"},"modified":"2025-10-02T14:40:13","modified_gmt":"2025-10-02T12:40:13","slug":"inchyra-blue-289","status":"publish","type":"product","link":"https:\/\/www.sorainstyles.com\/boutique\/produit\/inchyra-blue-289\/","title":{"rendered":"Inchyra Blue 289"},"content":{"rendered":"<h1>Inchyra Blue &#8211; No.289 de chez Farrow &amp; Ball<\/h1>\n<h2>Un gris bleu sombre<\/h2>\n<p>Cet ancien <a href=\"https:\/\/www.cotemaison.fr\/couleurs\/diaporama\/salon-bleu-inspirations-pour-adopter-les-nuances-bleutees_33297.html\" target=\"_blank\" rel=\"noopener\">bleu gris<\/a> est inspir\u00e9 des ciels \u00e9cossais spectaculaires qui servent de toile de fond \u00e0 Inchyra House, une demeure de style Georgien classique. On le retrouve aussi sur les portes ext\u00e9rieures de \u00ab byres \u00bb (granges) monumentales, nich\u00e9es au pied d\u2019imposantes \u00ab brae \u00bb (collines) tout en nuances de gris. La teinte No.289 &#8211; Inchyra Blue passe d\u2019une dominante grise \u00e0 une dominante bleue ou m\u00eame verte, au gr\u00e9 des changements de lumi\u00e8re. Il offre une alternative int\u00e9ressante au gris anthracite. Utilisez-le pour apporter une note discr\u00e8te de couleur dans un int\u00e9rieur r\u00e9solument contemporain, ou cr\u00e9ez une ambiance obscure et intime en l\u2019associant \u00e0 Black Blue ou Vardo.<\/p>\n<p>Primer &amp; Undercoat recommand\u00e9e: <a href=\"https:\/\/www.sorainstyles.com\/boutique\/categorie-produit\/appret-sous-couches\/dark-tones\/\" target=\"_blank\" rel=\"noopener\">Dark Tones<\/a><\/p>\n<p>Blanc compl\u00e9mentaire : <a href=\"https:\/\/www.sorainstyles.com\/boutique\/produit\/drop-cloth-283\/\" target=\"_blank\" rel=\"noopener\">Drop Cloth<\/a><\/p>\n<h3>6 exemples d&rsquo;harmonies de couleurs avec la teinte Inchyra Blue &#8211; No.289<\/h3>\n<ul>\n<li>Shaded White No.201 &#8211; Drop Cloth No.283<\/li>\n<li>Pavilion Gray No.242 &#8211; Manor House Gray No.265<\/li>\n<li>Light Blue No.22 &#8211; Down Pipe No.26<\/li>\n<li>Black Blue No.95 &#8211; Vardo No.288<\/li>\n<li>Light Blue No.22 &#8211; De Nimes No.299<\/li>\n<li>Selvedge No.306 &#8211; Railings No.31<\/li>\n<\/ul>\n<h3>Information produit<\/h3>\n<h4>A base d&rsquo;eau et sans danger pour les enfants<\/h4>\n<p>En 2010, Farrow &amp; Ball a \u00e9t\u00e9 les premiers du secteur \u00e0 passer \u00e0 une gamme de finitions \u00e9labor\u00e9es enti\u00e8rement \u00e0 base d\u2019eau. En effet, ces finitions \u00e0 faible teneur en COV et pratiquement sans odeur sont faciles \u00e0 nettoyer sans recourir \u00e0 des solvants nocifs.<\/p>\n<h4>Finitions de qualit\u00e9<\/h4>\n<p>Tout d&rsquo;abord, chacune de nos couleurs est disponible dans une gamme de finitions de peinture d\u2019int\u00e9rieur et d\u2019ext\u00e9rieur. Ensuite, chaque finition est test\u00e9e de mani\u00e8re rigoureuse pour garantir un fini durable et une profondeur de couleur exceptionnelle. Enfin, pour obtenir les meilleurs r\u00e9sultats, nous recommandons toujours d\u2019utiliser une Impression &amp; Sous-couche Farrow &amp; Ball &#8211; voir plus haut pour trouver la tonalit\u00e9 de couleur exacte pour cette peinture.<\/p>\n","protected":false},"excerpt":{"rendered":"<h3>Un gris bleu sombre<\/h3>\n<p>Ce bleu gris ancien change de teinte entre le gris, le bleu et le vert selon la lumi\u00e8re, offrant une alternative \u00e9l\u00e9gante au gris anthracite et s\u2019adaptant aussi bien \u00e0 des int\u00e9rieurs modernes que plus traditionnels.<\/p>\n<p>Sous-couche recommand\u00e9e : <a href=\"https:\/\/www.sorainstyles.com\/boutique\/categorie-produit\/appret-sous-couches\/dark-tones\/\" target=\"_blank\" rel=\"noopener\">Dark Tones<\/a><\/p>\n","protected":false},"featured_media":14331,"template":"","meta":{"_acf_changed":false,"_et_pb_use_builder":"","_et_pb_old_content":"","_et_gb_content_width":""},"product_brand":[],"product_cat":[330,341,143,81],"product_tag":[476,406,371,366,475,362],"class_list":{"0":"post-3466","1":"product","2":"type-product","3":"status-publish","4":"has-post-thumbnail","6":"product_cat-bleu","7":"product_cat-fonce-luminosite","8":"product_cat-nuancier-actuel","9":"product_cat-peintures-de-finition","10":"product_tag-476","11":"product_tag-couleur","12":"product_tag-farrow","13":"product_tag-farrowball","14":"product_tag-inchyra-blue","15":"product_tag-peinture","17":"first","18":"instock","19":"taxable","20":"shipping-taxable","21":"purchasable","22":"product-type-variable"},"acf":[],"_links":{"self":[{"href":"https:\/\/www.sorainstyles.com\/boutique\/wp-json\/wp\/v2\/product\/3466","targetHints":{"allow":["GET"]}}],"collection":[{"href":"https:\/\/www.sorainstyles.com\/boutique\/wp-json\/wp\/v2\/product"}],"about":[{"href":"https:\/\/www.sorainstyles.com\/boutique\/wp-json\/wp\/v2\/types\/product"}],"wp:featuredmedia":[{"embeddable":true,"href":"https:\/\/www.sorainstyles.com\/boutique\/wp-json\/wp\/v2\/media\/14331"}],"wp:attachment":[{"href":"https:\/\/www.sorainstyles.com\/boutique\/wp-json\/wp\/v2\/media?parent=3466"}],"wp:term":[{"taxonomy":"product_brand","embeddable":true,"href":"https:\/\/www.sorainstyles.com\/boutique\/wp-json\/wp\/v2\/product_brand?post=3466"},{"taxonomy":"product_cat","embeddable":true,"href":"https:\/\/www.sorainstyles.com\/boutique\/wp-json\/wp\/v2\/product_cat?post=3466"},{"taxonomy":"product_tag","embeddable":true,"href":"https:\/\/www.sorainstyles.com\/boutique\/wp-json\/wp\/v2\/product_tag?post=3466"}],"curies":[{"name":"wp","href":"https:\/\/api.w.org\/{rel}","templated":true}]}}