{"id":3463,"date":"2021-12-07T20:07:22","date_gmt":"2021-12-07T19:07:22","guid":{"rendered":"https:\/\/www.sorainstyles.com\/boutique\/produit\/vardo-288\/"},"modified":"2025-10-02T14:33:26","modified_gmt":"2025-10-02T12:33:26","slug":"vardo-288","status":"publish","type":"product","link":"https:\/\/www.sorainstyles.com\/boutique\/produit\/vardo-288\/","title":{"rendered":"Vardo 288"},"content":{"rendered":"<h1>Vardo &#8211; No.288 de chez Farrow &amp; Ball<\/h1>\n<h2>Un somptueux bleu sarcelle<\/h2>\n<p>La teinte No.288 Vardo est une couleur vive. Elle est particuli\u00e8rement bien mise en valeur aux c\u00f4t\u00e9s des rouges ou des gris fonc\u00e9s. Ce somptueux bleu sarcelle tient son nom d&rsquo;une roulotte tzigane tr\u00e8s d\u00e9cor\u00e9e et tir\u00e9e par des chevaux. C&rsquo;est une teinte similaire \u00e0 la couleur utilis\u00e9e pour la d\u00e9coration de ces chariots de boh\u00e9miens, d&rsquo;o\u00f9 elle tient son nom.<\/p>\n<p>Primer &amp; Undercoat recommand\u00e9e: <a href=\"https:\/\/www.sorainstyles.com\/boutique\/categorie-produit\/appret-sous-couches\/dark-tones\/\" target=\"_blank\" rel=\"noopener\">Dark Tones<\/a><\/p>\n<p>Blanc compl\u00e9mentaire : <a href=\"https:\/\/www.sorainstyles.com\/boutique\/produit\/ammonite-274\/\" target=\"_blank\" rel=\"noopener\">Ammonite<\/a><\/p>\n<h3>Exemple d\u2019harmonie de couleurs avec la teinte Vardo \u2013 No.288<\/h3>\n<ul>\n<li>Cornforth White No.30 &#8211; Pale Powder No.204<\/li>\n<li>Strong White No.2001 &#8211; Ammonite No.274<\/li>\n<li>Worsted No.284 &#8211; Mole&rsquo;s Breath No.276<\/li>\n<\/ul>\n<h3>Information produit<\/h3>\n<h4>A base d&rsquo;eau et sans danger pour les enfants<\/h4>\n<p>En 2010, Farrow &amp; Ball a \u00e9t\u00e9 les premiers du secteur \u00e0 passer \u00e0 une gamme de finitions \u00e9labor\u00e9es enti\u00e8rement \u00e0 base d\u2019eau. En effet, ces finitions \u00e0 faible teneur en COV et pratiquement sans odeur sont faciles \u00e0 nettoyer sans recourir \u00e0 des solvants nocifs.<\/p>\n<h4>Finitions de qualit\u00e9<\/h4>\n<p>Tout d&rsquo;abord, chacune de nos couleurs est disponible dans une gamme de finitions de peinture d\u2019int\u00e9rieur et d\u2019ext\u00e9rieur. Ensuite, chaque finition est test\u00e9e de mani\u00e8re rigoureuse pour garantir un fini durable et une profondeur de couleur exceptionnelle. Enfin, pour obtenir les meilleurs r\u00e9sultats, nous recommandons toujours d\u2019utiliser une Impression &amp; Sous-couche Farrow &amp; Ball &#8211; voir plus haut pour trouver la tonalit\u00e9 de couleur exacte pour cette peinture.<\/p>\n","protected":false},"excerpt":{"rendered":"<h3>Un somptueux bleu sarcelle<\/h3>\n<p>Vardo est un bleu sarcelle riche et vibrant. Cette couleur se marie parfaitement avec des rouges ou des gris fonc\u00e9s pour un effet saisissant et joyeux.<\/p>\n<p>Sous-couche recommand\u00e9e : <a href=\"https:\/\/www.sorainstyles.com\/boutique\/categorie-produit\/appret-sous-couches\/dark-tones\/\" target=\"_blank\" rel=\"noopener\">Dark Tones<\/a><\/p>\n","protected":false},"featured_media":14215,"template":"","meta":{"_acf_changed":false,"_et_pb_use_builder":"","_et_pb_old_content":"","_et_gb_content_width":""},"product_brand":[],"product_cat":[330,341,143,81],"product_tag":[478,406,371,415,366,362,477,980],"class_list":{"0":"post-3463","1":"product","2":"type-product","3":"status-publish","4":"has-post-thumbnail","6":"product_cat-bleu","7":"product_cat-fonce-luminosite","8":"product_cat-nuancier-actuel","9":"product_cat-peintures-de-finition","10":"product_tag-478","11":"product_tag-couleur","12":"product_tag-farrow","13":"product_tag-farrow-ball","14":"product_tag-farrowball","15":"product_tag-peinture","16":"product_tag-vardo","17":"product_tag-vardo-288","19":"first","20":"instock","21":"taxable","22":"shipping-taxable","23":"purchasable","24":"product-type-variable"},"acf":[],"_links":{"self":[{"href":"https:\/\/www.sorainstyles.com\/boutique\/wp-json\/wp\/v2\/product\/3463","targetHints":{"allow":["GET"]}}],"collection":[{"href":"https:\/\/www.sorainstyles.com\/boutique\/wp-json\/wp\/v2\/product"}],"about":[{"href":"https:\/\/www.sorainstyles.com\/boutique\/wp-json\/wp\/v2\/types\/product"}],"wp:featuredmedia":[{"embeddable":true,"href":"https:\/\/www.sorainstyles.com\/boutique\/wp-json\/wp\/v2\/media\/14215"}],"wp:attachment":[{"href":"https:\/\/www.sorainstyles.com\/boutique\/wp-json\/wp\/v2\/media?parent=3463"}],"wp:term":[{"taxonomy":"product_brand","embeddable":true,"href":"https:\/\/www.sorainstyles.com\/boutique\/wp-json\/wp\/v2\/product_brand?post=3463"},{"taxonomy":"product_cat","embeddable":true,"href":"https:\/\/www.sorainstyles.com\/boutique\/wp-json\/wp\/v2\/product_cat?post=3463"},{"taxonomy":"product_tag","embeddable":true,"href":"https:\/\/www.sorainstyles.com\/boutique\/wp-json\/wp\/v2\/product_tag?post=3463"}],"curies":[{"name":"wp","href":"https:\/\/api.w.org\/{rel}","templated":true}]}}