{"id":3460,"date":"2021-12-07T20:07:18","date_gmt":"2021-12-07T19:07:18","guid":{"rendered":"https:\/\/www.sorainstyles.com\/boutique\/produit\/yeabridge-green-287\/"},"modified":"2025-10-15T15:06:28","modified_gmt":"2025-10-15T13:06:28","slug":"yeabridge-green-287","status":"publish","type":"product","link":"https:\/\/www.sorainstyles.com\/boutique\/produit\/yeabridge-green-287\/","title":{"rendered":"Yeabridge Green 287"},"content":{"rendered":"<h1>Yeabridge Green &#8211; No.287 de chez Farrow &amp; Ball<\/h1>\n<h2>Un vert avocat \u00e9clatant<\/h2>\n<p>Ce vert \u2018avocat frais\u2019 fut d\u00e9couvert dans une ferme Georgienne du XVIIIe si\u00e8cle \u00e0 Yeabridge, dans le Somerset, derri\u00e8re un meuble d\u2019armes \u00e0 feu d\u2019\u00e9poque. En d\u00e9pit du fait que la couleur \u00e9tait rest\u00e9e intacte depuis des d\u00e9cennies, ce qui \u00e9tait exceptionnel en soi, il fut \u00e9tonnant de constater sa ressemblance avec la couleur de l\u2019herbe luxuriante entourant la maison. Ce vert limpide et simple convient aux d\u00e9cors <a href=\"https:\/\/www.cotemaison.fr\/contemporain\/\" target=\"_blank\" rel=\"noopener\">contemporains<\/a> comme aux demeures d\u2019\u00e9poque. La teinte No.287 &#8211; Yeabridge Green tire l\u00e9g\u00e8rement plus sur le jaune que Breakfast Room Green. Associez-le, par exemple, \u00e0 Hague Blue pour cr\u00e9er un int\u00e9rieur tonique et gai.<\/p>\n<p>Primer &amp; Undercoat recommand\u00e9e: <a href=\"https:\/\/www.sorainstyles.com\/boutique\/categorie-produit\/appret-sous-couches\/mid-tones\/\" target=\"_blank\" rel=\"noopener\">Mid Tones<\/a><\/p>\n<p>Blanc compl\u00e9mentaire :\u00a0<a href=\"https:\/\/www.sorainstyles.com\/boutique\/produit\/ammonite-274\/\" target=\"_blank\" rel=\"noopener\">Ammonite<\/a><\/p>\n<h3>4 exemples d\u2019harmonies de couleurs avec la teinte Yeabridge Green \u2013 No.287<\/h3>\n<ul>\n<li>Wimborne White No.239 &#8211; James White No.2010<\/li>\n<li>Lime White No.1 &#8211; Old White No.4<\/li>\n<li>Studio Green No.93 &#8211; Stone Blue No.86<\/li>\n<li>Hague Blue No.30 &#8211; Bamboozle No.304<\/li>\n<\/ul>\n<h3>Information produit<\/h3>\n<h4>A base d&rsquo;eau et sans danger pour les enfants<\/h4>\n<p>En 2010, Farrow &amp; Ball a \u00e9t\u00e9 les premiers du secteur \u00e0 passer \u00e0 une gamme de finitions \u00e9labor\u00e9es enti\u00e8rement \u00e0 base d\u2019eau. Ces finitions \u00e0 faible teneur en COV et pratiquement sans odeur sont faciles \u00e0 nettoyer sans recourir \u00e0 des solvants nocifs.<\/p>\n<h4>Finitions de qualit\u00e9<\/h4>\n<p>Chacune de nos couleurs est disponible dans une gamme de finitions de peinture d\u2019int\u00e9rieur et d\u2019ext\u00e9rieur. Chaque finition est test\u00e9e de mani\u00e8re rigoureuse pour garantir un fini durable et une profondeur de couleur exceptionnelle. Pour obtenir les meilleurs r\u00e9sultats, nous recommandons toujours d\u2019utiliser une Impression &amp; Sous-couche Farrow &amp; Ball &#8211; voir plus haut pour trouver la tonalit\u00e9 de couleur exacte pour cette peinture.<\/p>\n<p>&nbsp;<\/p>\n","protected":false},"excerpt":{"rendered":"<h3>Un vert avocat \u00e9clatant<\/h3>\n<p>Ce vert avocat frais ressemble \u00e0 la couleur de l&rsquo;herbe luxuriante environnante. Il poss\u00e8de de l\u00e9ger pigments jaune qui en fait une couleur tr\u00e8s chaleureuse.<\/p>\n<p>Sous-couche recommand\u00e9e : <a href=\"https:\/\/www.sorainstyles.com\/boutique\/categorie-produit\/appret-sous-couches\/mid-tones\/\" target=\"_blank\" rel=\"noopener\">Mid Tones<\/a><\/p>\n","protected":false},"featured_media":14205,"template":"","meta":{"_acf_changed":false,"_et_pb_use_builder":"","_et_pb_old_content":"","_et_gb_content_width":""},"product_brand":[],"product_cat":[98,143,81,92],"product_tag":[488,406,366,362,350,487],"class_list":{"0":"post-3460","1":"product","2":"type-product","3":"status-publish","4":"has-post-thumbnail","6":"product_cat-moyen","7":"product_cat-nuancier-actuel","8":"product_cat-peintures-de-finition","9":"product_cat-vert","10":"product_tag-488","11":"product_tag-couleur","12":"product_tag-farrowball","13":"product_tag-peinture","14":"product_tag-vert","15":"product_tag-yeabridge-green","17":"first","18":"instock","19":"taxable","20":"shipping-taxable","21":"purchasable","22":"product-type-variable"},"acf":[],"_links":{"self":[{"href":"https:\/\/www.sorainstyles.com\/boutique\/wp-json\/wp\/v2\/product\/3460","targetHints":{"allow":["GET"]}}],"collection":[{"href":"https:\/\/www.sorainstyles.com\/boutique\/wp-json\/wp\/v2\/product"}],"about":[{"href":"https:\/\/www.sorainstyles.com\/boutique\/wp-json\/wp\/v2\/types\/product"}],"wp:featuredmedia":[{"embeddable":true,"href":"https:\/\/www.sorainstyles.com\/boutique\/wp-json\/wp\/v2\/media\/14205"}],"wp:attachment":[{"href":"https:\/\/www.sorainstyles.com\/boutique\/wp-json\/wp\/v2\/media?parent=3460"}],"wp:term":[{"taxonomy":"product_brand","embeddable":true,"href":"https:\/\/www.sorainstyles.com\/boutique\/wp-json\/wp\/v2\/product_brand?post=3460"},{"taxonomy":"product_cat","embeddable":true,"href":"https:\/\/www.sorainstyles.com\/boutique\/wp-json\/wp\/v2\/product_cat?post=3460"},{"taxonomy":"product_tag","embeddable":true,"href":"https:\/\/www.sorainstyles.com\/boutique\/wp-json\/wp\/v2\/product_tag?post=3460"}],"curies":[{"name":"wp","href":"https:\/\/api.w.org\/{rel}","templated":true}]}}