{"id":3457,"date":"2021-12-07T20:07:16","date_gmt":"2021-12-07T19:07:16","guid":{"rendered":"https:\/\/www.sorainstyles.com\/boutique\/produit\/peignoir-286\/"},"modified":"2025-10-15T10:47:52","modified_gmt":"2025-10-15T08:47:52","slug":"peignoir-286","status":"publish","type":"product","link":"https:\/\/www.sorainstyles.com\/boutique\/produit\/peignoir-286\/","title":{"rendered":"Peignoir 286"},"content":{"rendered":"<h1>Peignoir &#8211; No.286 de chez Farrow &amp; Ball<\/h1>\n<h2>Un rose gris romantique<\/h2>\n<p>Le rose-gris Peignoir a un c\u00f4t\u00e9 <a href=\"https:\/\/www.cotemaison.fr\/maison-famille\/diaporama\/intime-moderne-et-apaisant_2989.html\" target=\"_blank\" rel=\"noopener\">intime<\/a> inspir\u00e9 par le v\u00eatement du m\u00eame nom, une combinaison en soie que les dames du 19e si\u00e8cle aimaient porter par-dessus leurs sous-v\u00eatements pendant leur toilette matinale. Cr\u00e9\u00e9e en ajoutant une grande dose de gris \u00e0 un rose tr\u00e8s doux, la teinte No.286 &#8211; Peignoir a une profondeur unique qui met les murs en valeur. Elle se marie parfaitement avec les int\u00e9rieurs anciens et modernes. De plus, c&rsquo;est une couleur qui se combine parfaitement \u00e0 nos Neutres contemporains, ou \u00e0 Brassica et Pelt.<\/p>\n<p>Primer &amp; Undercoat recommand\u00e9e: <a href=\"https:\/\/www.sorainstyles.com\/boutique\/categorie-produit\/appret-sous-couches\/mid-tones\/\" target=\"_blank\" rel=\"noopener\">Mid Tones<\/a><\/p>\n<p>Blanc compl\u00e9mentaire :\u00a0<a href=\"https:\/\/www.sorainstyles.com\/boutique\/produit\/strong-white-2001\/\" target=\"_blank\" rel=\"noopener\">Strong White<\/a><\/p>\n<h3>4 exemples d\u2019harmonies de couleurs avec la teinte Peignoir \u2013 No.286<\/h3>\n<ul>\n<li>Wevet No.273 &#8211; Great White No.2006<\/li>\n<li>Charleston Gray No.243 &#8211; Cinder Rose No.246<\/li>\n<li>Pelt No.254 &#8211; Dove Tale No.267<\/li>\n<li>Brassica No.271 &#8211; Inchyra Blue No.289<\/li>\n<\/ul>\n<h3>Information produit<\/h3>\n<h4>A base d&rsquo;eau et sans danger pour les enfants<\/h4>\n<p>En 2010, Farrow &amp; Ball a \u00e9t\u00e9 les premiers du secteur \u00e0 passer \u00e0 une gamme de finitions \u00e9labor\u00e9es enti\u00e8rement \u00e0 base d\u2019eau. Ces finitions \u00e0 faible teneur en COV et pratiquement sans odeur sont faciles \u00e0 nettoyer sans recourir \u00e0 des solvants nocifs.<\/p>\n<h4>Finitions de qualit\u00e9<\/h4>\n<p>Chacune de nos couleurs est disponible dans une gamme de finitions de peinture d\u2019int\u00e9rieur et d\u2019ext\u00e9rieur. Chaque finition est test\u00e9e de mani\u00e8re rigoureuse pour garantir un fini durable et une profondeur de couleur exceptionnelle. Pour obtenir les meilleurs r\u00e9sultats, nous recommandons toujours d\u2019utiliser une Impression &amp; Sous-couche Farrow &amp; Ball &#8211; voir plus haut pour trouver la tonalit\u00e9 de couleur exacte pour cette peinture.<\/p>\n","protected":false},"excerpt":{"rendered":"<h3>Un rose gris romantique<\/h3>\n<p>Peignoir est un rose gris que l\u2019on pourrait qualifi\u00e9 de romantique gr\u00e2ce \u00e0 sa douceur. Cette couleur poss\u00e8de une profondeur in\u00e9gal\u00e9e qui donne vie aux murs, s&rsquo;adaptant parfaitement \u00e0 tous les styles d&rsquo;int\u00e9rieur, qu&rsquo;ils soient anciens ou modernes.<\/p>\n<p>Sous-couche recommand\u00e9e : <a href=\"https:\/\/www.sorainstyles.com\/boutique\/categorie-produit\/appret-sous-couches\/mid-tones\/\" target=\"_blank\" rel=\"noopener\">Mid Tones<\/a><\/p>\n","protected":false},"featured_media":14264,"template":"","meta":{"_acf_changed":false,"_et_pb_use_builder":"","_et_pb_old_content":"","_et_gb_content_width":""},"product_brand":[],"product_cat":[98,143,81,110],"product_tag":[492,406,371,366,491,362,351],"class_list":{"0":"post-3457","1":"product","2":"type-product","3":"status-publish","4":"has-post-thumbnail","6":"product_cat-moyen","7":"product_cat-nuancier-actuel","8":"product_cat-peintures-de-finition","9":"product_cat-rouge","10":"product_tag-492","11":"product_tag-couleur","12":"product_tag-farrow","13":"product_tag-farrowball","14":"product_tag-peignoir","15":"product_tag-peinture","16":"product_tag-rouge","18":"first","19":"instock","20":"taxable","21":"shipping-taxable","22":"purchasable","23":"product-type-variable"},"acf":[],"_links":{"self":[{"href":"https:\/\/www.sorainstyles.com\/boutique\/wp-json\/wp\/v2\/product\/3457","targetHints":{"allow":["GET"]}}],"collection":[{"href":"https:\/\/www.sorainstyles.com\/boutique\/wp-json\/wp\/v2\/product"}],"about":[{"href":"https:\/\/www.sorainstyles.com\/boutique\/wp-json\/wp\/v2\/types\/product"}],"wp:featuredmedia":[{"embeddable":true,"href":"https:\/\/www.sorainstyles.com\/boutique\/wp-json\/wp\/v2\/media\/14264"}],"wp:attachment":[{"href":"https:\/\/www.sorainstyles.com\/boutique\/wp-json\/wp\/v2\/media?parent=3457"}],"wp:term":[{"taxonomy":"product_brand","embeddable":true,"href":"https:\/\/www.sorainstyles.com\/boutique\/wp-json\/wp\/v2\/product_brand?post=3457"},{"taxonomy":"product_cat","embeddable":true,"href":"https:\/\/www.sorainstyles.com\/boutique\/wp-json\/wp\/v2\/product_cat?post=3457"},{"taxonomy":"product_tag","embeddable":true,"href":"https:\/\/www.sorainstyles.com\/boutique\/wp-json\/wp\/v2\/product_tag?post=3457"}],"curies":[{"name":"wp","href":"https:\/\/api.w.org\/{rel}","templated":true}]}}