{"id":3454,"date":"2021-12-07T20:07:14","date_gmt":"2021-12-07T19:07:14","guid":{"rendered":"https:\/\/www.sorainstyles.com\/boutique\/produit\/cromarty-285\/"},"modified":"2025-10-15T15:07:58","modified_gmt":"2025-10-15T13:07:58","slug":"cromarty-285","status":"publish","type":"product","link":"https:\/\/www.sorainstyles.com\/boutique\/produit\/cromarty-285\/","title":{"rendered":"Cromarty 285"},"content":{"rendered":"<h1>Cromarty &#8211; No.285 de chez Farrow &amp; Ball<\/h1>\n<h2>Un gris bleu discret<\/h2>\n<p>Ce gris bleu tr\u00e8s clair tient son nom de l\u2019estuaire Cromarty Firth, une zone de brouillards tourbillonnants cit\u00e9e quotidiennement par la m\u00e9t\u00e9o marine. Couleur neutre mais atmosph\u00e9rique, la teinte No.285 Cromarty introduit une douceur sobre dans votre pi\u00e8ce, cr\u00e9ant un rendu facile \u00e0 vivre qui n\u2019est ni trop bleu, ni trop <a href=\"https:\/\/www.cotemaison.fr\/couleurs\/couleur-gris-peinture-gris-clair-gris-anthracite_11682.html\" target=\"_blank\" rel=\"noopener\">gris<\/a>. L\u00e9g\u00e8rement plus claire que Mizzle, elle s\u2019harmonise \u00e0 la perfection avec Blue Gray ou Pigeon.<\/p>\n<p>Primer &amp; Undercoat recommand\u00e9e: <a href=\"https:\/\/www.sorainstyles.com\/boutique\/categorie-produit\/appret-sous-couches\/mid-tones\/\" target=\"_blank\" rel=\"noopener\">Mid Tones<\/a><\/p>\n<p>Blanc compl\u00e9mentaire :\u00a0<a href=\"https:\/\/www.sorainstyles.com\/boutique\/produit\/school-house-white-291\/\" target=\"_blank\" rel=\"noopener\">School House White<\/a><\/p>\n<h3>5 exemples d\u2019harmonies de couleurs avec la teinte Cromarty \u2013 No.285<\/h3>\n<ul>\n<li>Shaded White No.201 &#8211; Shadow White No.282<\/li>\n<li>Pigeon No.25 &#8211; Mizzle No.266<\/li>\n<li>Blue Gray No.91 &#8211; Drop Cloth No.283<\/li>\n<li>Green Smoke No.47 &#8211; Salon Drab No.290<\/li>\n<li>Selvedge No.306 &#8211; Inchyra Blue No.289<\/li>\n<\/ul>\n<h3>Information produit<\/h3>\n<h4>A base d&rsquo;eau et sans danger pour les enfants<\/h4>\n<p>En 2010, Farrow &amp; Ball a \u00e9t\u00e9 les premiers du secteur \u00e0 passer \u00e0 une gamme de finitions \u00e9labor\u00e9es enti\u00e8rement \u00e0 base d\u2019eau. Ces finitions \u00e0 faible teneur en COV et pratiquement sans odeur sont faciles \u00e0 nettoyer sans recourir \u00e0 des solvants nocifs.<\/p>\n<h4>Finitions de qualit\u00e9<\/h4>\n<p>Chacune de nos couleurs est disponible dans une gamme de finitions de peinture d\u2019int\u00e9rieur et d\u2019ext\u00e9rieur. Chaque finition est test\u00e9e de mani\u00e8re rigoureuse pour garantir un fini durable et une profondeur de couleur exceptionnelle. Pour obtenir les meilleurs r\u00e9sultats, nous recommandons toujours d\u2019utiliser une Impression &amp; Sous-couche Farrow &amp; Ball &#8211; voir plus haut pour trouver la tonalit\u00e9 de couleur exacte pour cette peinture.<\/p>\n","protected":false},"excerpt":{"rendered":"<h3>Un gris bleu discret<\/h3>\n<p>Cromarty est un gris bleu tr\u00e8s clair. Cette couleur neutre mais atmosph\u00e9rique offre un rendu ni trop bleu, ni trop gris. C\u2019est une douceur sobre et facile \u00e0 vivre.<\/p>\n<p>Sous-couche recommand\u00e9e : <a href=\"https:\/\/www.sorainstyles.com\/boutique\/categorie-produit\/appret-sous-couches\/mid-tones\/\" target=\"_blank\" rel=\"noopener\">Mid Tones<\/a><\/p>\n","protected":false},"featured_media":14279,"template":"","meta":{"_acf_changed":false,"_et_pb_use_builder":"","_et_pb_old_content":"","_et_gb_content_width":""},"product_brand":[],"product_cat":[98,143,81,92],"product_tag":[494,406,493,371,366,362,350],"class_list":{"0":"post-3454","1":"product","2":"type-product","3":"status-publish","4":"has-post-thumbnail","6":"product_cat-moyen","7":"product_cat-nuancier-actuel","8":"product_cat-peintures-de-finition","9":"product_cat-vert","10":"product_tag-494","11":"product_tag-couleur","12":"product_tag-cromarty","13":"product_tag-farrow","14":"product_tag-farrowball","15":"product_tag-peinture","16":"product_tag-vert","18":"first","19":"instock","20":"taxable","21":"shipping-taxable","22":"purchasable","23":"product-type-variable"},"acf":[],"_links":{"self":[{"href":"https:\/\/www.sorainstyles.com\/boutique\/wp-json\/wp\/v2\/product\/3454","targetHints":{"allow":["GET"]}}],"collection":[{"href":"https:\/\/www.sorainstyles.com\/boutique\/wp-json\/wp\/v2\/product"}],"about":[{"href":"https:\/\/www.sorainstyles.com\/boutique\/wp-json\/wp\/v2\/types\/product"}],"wp:featuredmedia":[{"embeddable":true,"href":"https:\/\/www.sorainstyles.com\/boutique\/wp-json\/wp\/v2\/media\/14279"}],"wp:attachment":[{"href":"https:\/\/www.sorainstyles.com\/boutique\/wp-json\/wp\/v2\/media?parent=3454"}],"wp:term":[{"taxonomy":"product_brand","embeddable":true,"href":"https:\/\/www.sorainstyles.com\/boutique\/wp-json\/wp\/v2\/product_brand?post=3454"},{"taxonomy":"product_cat","embeddable":true,"href":"https:\/\/www.sorainstyles.com\/boutique\/wp-json\/wp\/v2\/product_cat?post=3454"},{"taxonomy":"product_tag","embeddable":true,"href":"https:\/\/www.sorainstyles.com\/boutique\/wp-json\/wp\/v2\/product_tag?post=3454"}],"curies":[{"name":"wp","href":"https:\/\/api.w.org\/{rel}","templated":true}]}}