{"id":3445,"date":"2021-12-07T20:07:05","date_gmt":"2021-12-07T19:07:05","guid":{"rendered":"https:\/\/www.sorainstyles.com\/boutique\/produit\/shadow-white-282\/"},"modified":"2025-10-04T11:43:04","modified_gmt":"2025-10-04T09:43:04","slug":"shadow-white-282","status":"publish","type":"product","link":"https:\/\/www.sorainstyles.com\/boutique\/produit\/shadow-white-282\/","title":{"rendered":"Shadow White 282"},"content":{"rendered":"<h1>Shadow White &#8211; No.282 de chez Farrow &amp; Ball<\/h1>\n<h2>Un blanc doux avec un soup\u00e7on de gris<\/h2>\n<p class=\"description\">La teinte No.282 &#8211; Shadow White tient son nom de la tonalit\u00e9 <a href=\"https:\/\/www.cotemaison.fr\/maison-famille\/diaporama\/un-cocon-doux-et-chaleureux-pres-de-lyon_35299.html\" target=\"_blank\" rel=\"noopener\">douce<\/a> des blancs lorsqu\u2019ils sont employ\u00e9s \u00e0 l\u2019ombre. Pour les adeptes des tons neutres l\u00e9gers sur les murs comme sur les boiseries, cette couleur \u00e0 la fois chatoyante et sobre est id\u00e9ale pour tous les styles d\u2019int\u00e9rieur. En effet, elle ne poss\u00e8de pas les nuances jaunes de Slipper Satin et est parfaite pour contraster Shaded White, qui est un peu plus fonc\u00e9e.<\/p>\n<p>Primer &amp; Undercoat recommand\u00e9e: <a href=\"https:\/\/www.sorainstyles.com\/boutique\/categorie-produit\/appret-sous-couches\/white-and-light-tones\/\" target=\"_blank\" rel=\"noopener\">White and Light Tones<\/a><\/p>\n<p>Blanc compl\u00e9mentaire :\u00a0<a href=\"https:\/\/www.sorainstyles.com\/boutique\/produit\/school-house-white-291\/\" target=\"_blank\" rel=\"noopener\">School House White<\/a><\/p>\n<h3>4 exemples d\u2019harmonies de couleurs avec la teinte Shadow White \u2013 No.282<\/h3>\n<ul>\n<li>Shaded White No.201 &#8211; School House White No.291<\/li>\n<li>Shadow White No.282 &#8211; Cromarty No.285<\/li>\n<li>Blue Gray No.91 &#8211; Pigeon No.25<\/li>\n<li>Sulking Room Pink No.295 &#8211; Paean Black No.294<\/li>\n<\/ul>\n<h3>Information produit<\/h3>\n<h4>A base d&rsquo;eau et sans danger pour les enfants<\/h4>\n<p>En 2010, Farrow &amp; Ball a \u00e9t\u00e9 les premiers du secteur \u00e0 passer \u00e0 une gamme de finitions \u00e9labor\u00e9es enti\u00e8rement \u00e0 base d\u2019eau. Ces finitions \u00e0 faible teneur en COV et pratiquement sans odeur sont faciles \u00e0 nettoyer sans recourir \u00e0 des solvants nocifs.<\/p>\n<h4>Finitions de qualit\u00e9<\/h4>\n<p>Tout d&rsquo;abord, chacune de nos couleurs est disponible dans une gamme de finitions de peinture d\u2019int\u00e9rieur et d\u2019ext\u00e9rieur. Ensuite, chaque finition est test\u00e9e de mani\u00e8re rigoureuse pour garantir un fini durable et une profondeur de couleur exceptionnelle. Par ailleurs, pour obtenir les meilleurs r\u00e9sultats, nous recommandons toujours d\u2019utiliser une Impression &amp; Sous-couche Farrow &amp; Ball &#8211; voir plus haut pour trouver la tonalit\u00e9 de couleur exacte pour cette peinture.<\/p>\n","protected":false},"excerpt":{"rendered":"<h3>Un blanc doux avec un soup\u00e7on de gris<\/h3>\n<p>Shadow White est un neutre l\u00e9ger id\u00e9al pour les murs et boiseries de tous styles d\u2019int\u00e9rieur. Cette couleur \u00e0 la fois sobre et chatoyante ne poss\u00e8de pas les nuances jaunes.<\/p>\n<p>Sous-couche recommand\u00e9e : <a href=\"https:\/\/www.sorainstyles.com\/boutique\/categorie-produit\/appret-sous-couches\/white-and-light-tones\/\" target=\"_blank\" rel=\"noopener\">White and Light Tones<\/a><\/p>\n","protected":false},"featured_media":14306,"template":"","meta":{"_acf_changed":false,"_et_pb_use_builder":"","_et_pb_old_content":"","_et_gb_content_width":""},"product_brand":[],"product_cat":[331,329,143,81],"product_tag":[500,406,371,366,362,499],"class_list":{"0":"post-3445","1":"product","2":"type-product","3":"status-publish","4":"has-post-thumbnail","6":"product_cat-clair","7":"product_cat-neutre","8":"product_cat-nuancier-actuel","9":"product_cat-peintures-de-finition","10":"product_tag-500","11":"product_tag-couleur","12":"product_tag-farrow","13":"product_tag-farrowball","14":"product_tag-peinture","15":"product_tag-shadow-white","17":"first","18":"instock","19":"taxable","20":"shipping-taxable","21":"purchasable","22":"product-type-variable"},"acf":[],"_links":{"self":[{"href":"https:\/\/www.sorainstyles.com\/boutique\/wp-json\/wp\/v2\/product\/3445","targetHints":{"allow":["GET"]}}],"collection":[{"href":"https:\/\/www.sorainstyles.com\/boutique\/wp-json\/wp\/v2\/product"}],"about":[{"href":"https:\/\/www.sorainstyles.com\/boutique\/wp-json\/wp\/v2\/types\/product"}],"wp:featuredmedia":[{"embeddable":true,"href":"https:\/\/www.sorainstyles.com\/boutique\/wp-json\/wp\/v2\/media\/14306"}],"wp:attachment":[{"href":"https:\/\/www.sorainstyles.com\/boutique\/wp-json\/wp\/v2\/media?parent=3445"}],"wp:term":[{"taxonomy":"product_brand","embeddable":true,"href":"https:\/\/www.sorainstyles.com\/boutique\/wp-json\/wp\/v2\/product_brand?post=3445"},{"taxonomy":"product_cat","embeddable":true,"href":"https:\/\/www.sorainstyles.com\/boutique\/wp-json\/wp\/v2\/product_cat?post=3445"},{"taxonomy":"product_tag","embeddable":true,"href":"https:\/\/www.sorainstyles.com\/boutique\/wp-json\/wp\/v2\/product_tag?post=3445"}],"curies":[{"name":"wp","href":"https:\/\/api.w.org\/{rel}","templated":true}]}}