{"id":3442,"date":"2021-12-07T20:07:04","date_gmt":"2021-12-07T19:07:04","guid":{"rendered":"https:\/\/www.sorainstyles.com\/boutique\/produit\/stiffkey-blue-281\/"},"modified":"2025-10-02T14:30:55","modified_gmt":"2025-10-02T12:30:55","slug":"stiffkey-blue-281","status":"publish","type":"product","link":"https:\/\/www.sorainstyles.com\/boutique\/produit\/stiffkey-blue-281\/","title":{"rendered":"Stiffkey Blue 281"},"content":{"rendered":"<h1 class=\"product-hero__title\">Stiffkey Blue &#8211; No. 281 de chez Farrow &amp; Ball<\/h1>\n<h2 class=\"product-hero__title\">Un bleu marine couleur d\u2019encre<\/h2>\n<p class=\"description\">La teinte No.281 &#8211; Stiffkey Blue est inspir\u00e9 de la plage du Norfolk o\u00f9 la boue et les coquillages ont une couleur bleu marine particuli\u00e8rement intense. M\u00eame s\u2019il peut para\u00eetre classique, Stiffkey Blue est souvent utilis\u00e9 comme alternative \u00e0 Down Pipe pour cr\u00e9er un espace spectaculaire, opulent et plus <a href=\"https:\/\/www.cotemaison.fr\/contemporain\/\" target=\"_blank\" rel=\"noopener\">contemporain<\/a>. Lorsqu\u2019il est appliqu\u00e9 dans les endroits de la maison les plus lumineux, il para\u00eetra bien plus bleu. Il sera alors la teinte id\u00e9ale \u00e0 mettre en contraste avec Ammonite.<\/p>\n<p>Primer &amp; Undercoat recommand\u00e9e: <a href=\"https:\/\/www.sorainstyles.com\/boutique\/categorie-produit\/appret-sous-couches\/dark-tones\/\" target=\"_blank\" rel=\"noopener\">Dark Tones<\/a><\/p>\n<p>Blanc compl\u00e9mentaire :\u00a0<a href=\"https:\/\/www.sorainstyles.com\/boutique\/produit\/ammonite-274\/\" target=\"_blank\" rel=\"noopener\">Ammonite<\/a><\/p>\n<h3>A propos de la teinte Stiffkey Blue &#8211; No.281<\/h3>\n<p>S\u2019il y a une chose \u00e0 retenir \u00e0 propos de\u00a0Stiffkey Blue, c\u2019est celle-ci\u00a0: son nom ne se prononce pas comme vous l\u2019imaginez (\u00e0 moins que vous ne veniez du Norfolk, auquel cas vous pouvez ignorer ce paragraphe).<\/p>\n<p>En effet, on ne dit pas <em>stiff-key<\/em>, comme pour une cl\u00e9 qui fait de la r\u00e9sistance dans la serrure. Mais, on le prononce <em>stoo-key<\/em>\u00a0ou\u00a0<em>stew-key<\/em>, en fonction de la personne \u00e0 qui vous demandez. Ce nom vient d\u2019un pittoresque village c\u00f4tier du nord du Norfolk et, surtout, de la plage voisine.<\/p>\n<p>D&rsquo;ailleurs, c\u2019est justement sur cette plage que nos chasseurs de couleurs ont d\u00e9couvert quelque chose de tr\u00e8s remarquable : sa boue a une teinte bleu marine distincte. Elle tache m\u00eame les coques qui y vivent, et leur donne leur surnom de <em>stewkey blues<\/em>. C\u2019est cette bizarrerie du paysage qui nous a donn\u00e9 l\u2019inspiration pour une de nos teintes les plus vendues.<\/p>\n","protected":false},"excerpt":{"rendered":"<h3>Un bleu marine couleur d\u2019encre<\/h3>\n<div class=\"group\/conversation-turn relative flex w-full min-w-0 flex-col agent-turn\">\n<div class=\"flex-col gap-1 md:gap-3\">\n<div class=\"flex max-w-full flex-col flex-grow\">\n<div class=\"min-h-[20px] text-message flex w-full flex-col items-end gap-2 whitespace-normal break-words [.text-message+&amp;]:mt-5\" dir=\"auto\" data-message-author-role=\"assistant\" data-message-id=\"7d0ceb9b-30cf-47b8-b773-b5c97cebe0da\">\n<div class=\"flex w-full flex-col gap-1 empty:hidden first:pt-[3px]\">\n<div class=\"markdown prose w-full break-words dark:prose-invert light\">\n<p>Stiffkey Blue, un bleu marine inspir\u00e9 des plages du Norfolk, apporte une ambiance opulente et contemporaine, devenant plus vibrant dans les espaces baign\u00e9s de lumi\u00e8re.<\/p>\n<p>Sous-couche recommand\u00e9e : <a href=\"https:\/\/www.sorainstyles.com\/boutique\/categorie-produit\/appret-sous-couches\/dark-tones\/\" target=\"_blank\" rel=\"noopener\">Dark Tones<\/a><\/p>\n<\/div>\n<\/div>\n<\/div>\n<\/div>\n<\/div>\n<\/div>\n","protected":false},"featured_media":14237,"template":"","meta":{"_acf_changed":false,"_et_pb_use_builder":"","_et_pb_old_content":"","_et_gb_content_width":""},"product_brand":[],"product_cat":[330,341,143,81],"product_tag":[370,369,371,366,362,368],"class_list":{"0":"post-3442","1":"product","2":"type-product","3":"status-publish","4":"has-post-thumbnail","6":"product_cat-bleu","7":"product_cat-fonce-luminosite","8":"product_cat-nuancier-actuel","9":"product_cat-peintures-de-finition","10":"product_tag-370","11":"product_tag-blue","12":"product_tag-farrow","13":"product_tag-farrowball","14":"product_tag-peinture","15":"product_tag-stiffkey","17":"first","18":"instock","19":"taxable","20":"shipping-taxable","21":"purchasable","22":"product-type-variable"},"acf":[],"_links":{"self":[{"href":"https:\/\/www.sorainstyles.com\/boutique\/wp-json\/wp\/v2\/product\/3442","targetHints":{"allow":["GET"]}}],"collection":[{"href":"https:\/\/www.sorainstyles.com\/boutique\/wp-json\/wp\/v2\/product"}],"about":[{"href":"https:\/\/www.sorainstyles.com\/boutique\/wp-json\/wp\/v2\/types\/product"}],"wp:featuredmedia":[{"embeddable":true,"href":"https:\/\/www.sorainstyles.com\/boutique\/wp-json\/wp\/v2\/media\/14237"}],"wp:attachment":[{"href":"https:\/\/www.sorainstyles.com\/boutique\/wp-json\/wp\/v2\/media?parent=3442"}],"wp:term":[{"taxonomy":"product_brand","embeddable":true,"href":"https:\/\/www.sorainstyles.com\/boutique\/wp-json\/wp\/v2\/product_brand?post=3442"},{"taxonomy":"product_cat","embeddable":true,"href":"https:\/\/www.sorainstyles.com\/boutique\/wp-json\/wp\/v2\/product_cat?post=3442"},{"taxonomy":"product_tag","embeddable":true,"href":"https:\/\/www.sorainstyles.com\/boutique\/wp-json\/wp\/v2\/product_tag?post=3442"}],"curies":[{"name":"wp","href":"https:\/\/api.w.org\/{rel}","templated":true}]}}