{"id":3430,"date":"2021-12-07T20:06:41","date_gmt":"2021-12-07T19:06:41","guid":{"rendered":"https:\/\/www.sorainstyles.com\/boutique\/produit\/dimpse-277\/"},"modified":"2025-10-04T11:46:41","modified_gmt":"2025-10-04T09:46:41","slug":"dimpse-277","status":"publish","type":"product","link":"https:\/\/www.sorainstyles.com\/boutique\/produit\/dimpse-277\/","title":{"rendered":"Dimpse 277"},"content":{"rendered":"<h1>Dimpse &#8211; No.277 de chez Farrow &amp; Ball<\/h1>\n<h2>Un gris frais et d\u00e9licat<\/h2>\n<p>La teinte No.277 &#8211; Dimpse est un gris d\u00e9licat dont le nom d\u00e9crit la couleur du cr\u00e9puscule si l\u2019on en croit le pittoresque dialecte du sud-ouest de l\u2019Angleterre. Il s\u2019agit de l\u2019un de nos Architectural Neutrals les plus frais. Se situant entre Pavilion Gray et Blackened dans notre nuancier, ses l\u00e9gers tons bleus sous-jacents conviennent particuli\u00e8rement bien aux espaces architecturaux modernes. Appliquez-le sur les meubles de cuisine, avec un \u00eelot d\u00e9cor\u00e9 en Down Pipe, pour un d\u00e9cor empreint de puret\u00e9 et un <a href=\"https:\/\/www.cotemaison.fr\/inspirations\/la-tendance-minimaliste-fait-le-vide-dans-la-maison_32340.html\" target=\"_blank\" rel=\"noopener\">style minimaliste<\/a>.<\/p>\n<p>Primer &amp; Undercoat recommand\u00e9e: <a href=\"https:\/\/www.sorainstyles.com\/boutique\/categorie-produit\/appret-sous-couches\/white-and-light-tones\/\" target=\"_blank\" rel=\"noopener\">White and Light Tones<\/a><\/p>\n<p>Blanc compl\u00e9mentaire : <a href=\"https:\/\/www.sorainstyles.com\/boutique\/produit\/blackened-2011\/\" target=\"_blank\" rel=\"noopener\">Blackened<\/a><\/p>\n<h3>4 exemples d&rsquo;harmonies de couleurs avec la teinte Dimpse &#8211; No.277<\/h3>\n<ul>\n<li>All White No.2005 &#8211; Hopper Head No.305<\/li>\n<li>Pavilion Gray No.242 &#8211; Dimpse No.277<\/li>\n<li>Down Pipe No.26 &#8211; Plummett No.272<\/li>\n<li>Down Pipe No.26 &#8211; Railings No.31<\/li>\n<\/ul>\n<h3>Information produit<\/h3>\n<h4>A base d&rsquo;eau et sans danger pour les enfants<\/h4>\n<p>En 2010, Farrow &amp; Ball a \u00e9t\u00e9 les premiers du secteur \u00e0 passer \u00e0 une gamme de finitions \u00e9labor\u00e9es enti\u00e8rement \u00e0 base d\u2019eau. En effet, ces finitions \u00e0 faible teneur en COV et pratiquement sans odeur sont faciles \u00e0 nettoyer sans recourir \u00e0 des solvants nocifs.<\/p>\n<h4>Finitions de qualit\u00e9<\/h4>\n<p>Tout d&rsquo;abord, chacune de nos couleurs est disponible dans une gamme de finitions de peinture d\u2019int\u00e9rieur et d\u2019ext\u00e9rieur. Ensuite, chaque finition est test\u00e9e de mani\u00e8re rigoureuse pour garantir un fini durable et une profondeur de couleur exceptionnelle. Enfin, pour obtenir les meilleurs r\u00e9sultats, nous recommandons toujours d\u2019utiliser une Impression &amp; Sous-couche Farrow &amp; Ball. Voir plus haut pour trouver la tonalit\u00e9 de couleur exacte pour cette peinture.<\/p>\n","protected":false},"excerpt":{"rendered":"<h3>Un gris frais et d\u00e9licat<\/h3>\n<p>Dimpse, un gris d\u00e9licat frais aux l\u00e9gers tons bleus sous-jacents. Cette couleur convient parfaitement si vous recherchez une ambiance minimaliste.<\/p>\n<p>Sous-couche recommand\u00e9e : <a href=\"https:\/\/www.sorainstyles.com\/boutique\/categorie-produit\/appret-sous-couches\/white-and-light-tones\/\" target=\"_blank\" rel=\"noopener\">White and Light Tones<\/a><\/p>\n","protected":false},"featured_media":14312,"template":"","meta":{"_acf_changed":false,"_et_pb_use_builder":"","_et_pb_old_content":"","_et_gb_content_width":""},"product_brand":[],"product_cat":[331,329,143,81],"product_tag":[508,406,507,371,366,362],"class_list":{"0":"post-3430","1":"product","2":"type-product","3":"status-publish","4":"has-post-thumbnail","6":"product_cat-clair","7":"product_cat-neutre","8":"product_cat-nuancier-actuel","9":"product_cat-peintures-de-finition","10":"product_tag-508","11":"product_tag-couleur","12":"product_tag-dimpse","13":"product_tag-farrow","14":"product_tag-farrowball","15":"product_tag-peinture","17":"first","18":"instock","19":"taxable","20":"shipping-taxable","21":"purchasable","22":"product-type-variable"},"acf":[],"_links":{"self":[{"href":"https:\/\/www.sorainstyles.com\/boutique\/wp-json\/wp\/v2\/product\/3430","targetHints":{"allow":["GET"]}}],"collection":[{"href":"https:\/\/www.sorainstyles.com\/boutique\/wp-json\/wp\/v2\/product"}],"about":[{"href":"https:\/\/www.sorainstyles.com\/boutique\/wp-json\/wp\/v2\/types\/product"}],"wp:featuredmedia":[{"embeddable":true,"href":"https:\/\/www.sorainstyles.com\/boutique\/wp-json\/wp\/v2\/media\/14312"}],"wp:attachment":[{"href":"https:\/\/www.sorainstyles.com\/boutique\/wp-json\/wp\/v2\/media?parent=3430"}],"wp:term":[{"taxonomy":"product_brand","embeddable":true,"href":"https:\/\/www.sorainstyles.com\/boutique\/wp-json\/wp\/v2\/product_brand?post=3430"},{"taxonomy":"product_cat","embeddable":true,"href":"https:\/\/www.sorainstyles.com\/boutique\/wp-json\/wp\/v2\/product_cat?post=3430"},{"taxonomy":"product_tag","embeddable":true,"href":"https:\/\/www.sorainstyles.com\/boutique\/wp-json\/wp\/v2\/product_tag?post=3430"}],"curies":[{"name":"wp","href":"https:\/\/api.w.org\/{rel}","templated":true}]}}