{"id":3427,"date":"2021-12-07T20:06:39","date_gmt":"2021-12-07T19:06:39","guid":{"rendered":"https:\/\/www.sorainstyles.com\/boutique\/produit\/moles-breath-276\/"},"modified":"2025-10-04T11:48:59","modified_gmt":"2025-10-04T09:48:59","slug":"moles-breath-276","status":"publish","type":"product","link":"https:\/\/www.sorainstyles.com\/boutique\/produit\/moles-breath-276\/","title":{"rendered":"Mole&rsquo;s Breath 276"},"content":{"rendered":"<h1 class=\"product-hero__title\">Mole&rsquo;s Breath &#8211; No.276 de chez Farrow &amp; Ball<\/h1>\n<h2>Un gris sombre<\/h2>\n<p>La teinte No.276 &#8211; Mole&rsquo;s Breath est un gris intemporel dont le nom est une d\u00e9clinaison du fameux Elephant&rsquo;s Breath. En effet, cette couleur sombre s&rsquo;inspire de celle du pelage de la taupe. Par ailleurs, Mole&rsquo;s Breath est notre couleur accent la plus polyvalente car elle peut \u00eatre utilis\u00e9e aussi bien avec des couleurs du groupe des Neutres Faciles \u00c0 Vivre tels que Purbeck Stone qu\u2019avec des teintes appartenant \u00e0 la palette des Neutres Contemporains, telles que Strong White. Elle est particuli\u00e8rement efficace appliqu\u00e9e sur les \u00eelots de cuisine, et lorsqu\u2019elle d\u00e9core les murs des petites pi\u00e8ces pour cr\u00e9er des espaces incroyablement sombres et chaleureux.<\/p>\n<p>Primer &amp; Undercoat recommand\u00e9e: <a href=\"https:\/\/www.sorainstyles.com\/boutique\/categorie-produit\/appret-sous-couches\/dark-tones\/\" target=\"_blank\" rel=\"noopener\">Dark Tones<\/a><\/p>\n<p>Blanc compl\u00e9mentaire : <a href=\"https:\/\/www.farrow-ball.com\/fr\/fr\/couleurs\/ammonite\" target=\"_blank\" rel=\"noopener\">Ammonite<\/a><\/p>\n<h3>4 exemples d&rsquo;harmonies de couleurs avec la teinte Mole&rsquo;s Breath &#8211; No.276<\/h3>\n<ul>\n<li>Wevet No.273 &#8211; Strong White No.2001<\/li>\n<li>Ammonite No.274 &#8211; Cornforth White No.228<\/li>\n<li>Purbeck Stone No.275 &#8211; Railings No.31<\/li>\n<li>Stiffkey Blue No.281 &#8211; Off-Black No.57<\/li>\n<\/ul>\n<h3>Information produit<\/h3>\n<h4>A base d&rsquo;eau et sans danger pour les enfants<\/h4>\n<p>En 2010, Farrow &amp; Ball a \u00e9t\u00e9 les premiers du secteur \u00e0 passer \u00e0 une gamme de finitions \u00e9labor\u00e9es enti\u00e8rement \u00e0 base d\u2019eau. En effet, ces finitions \u00e0 faible teneur en COV et pratiquement sans odeur sont faciles \u00e0 nettoyer sans recourir \u00e0 des solvants nocifs.<\/p>\n<h4>Finitions de qualit\u00e9<\/h4>\n<p>Tout d&rsquo;abord, chacune de nos couleurs est disponible dans une gamme de finitions de peinture d\u2019int\u00e9rieur et d\u2019ext\u00e9rieur. Ensuite, chaque finition est test\u00e9e de mani\u00e8re rigoureuse pour garantir un fini durable et une profondeur de couleur exceptionnelle. Enfin, pour obtenir les meilleurs r\u00e9sultats, nous recommandons toujours d\u2019utiliser une Impression &amp; Sous-couche Farrow &amp; Ball &#8211; voir plus haut pour trouver la tonalit\u00e9 de couleur exacte pour cette peinture.<\/p>\n","protected":false},"excerpt":{"rendered":"<h3>Un gris sombre<\/h3>\n<p>Mole\u2019s Breath est un gris intemporel. C\u2019est une couleur accent polyvalente qui s&rsquo;accorde aussi bien avec les couleurs claires que plus fonc\u00e9es. Vous pouvez l\u2019appliquer dans des petites pi\u00e8ces pour cr\u00e9er des espaces sombres et chaleureux.<\/p>\n<p>Sous-couche recommand\u00e9e : <a href=\"https:\/\/www.sorainstyles.com\/boutique\/categorie-produit\/appret-sous-couches\/dark-tones\/\" target=\"_blank\" rel=\"noopener\">Dark Tones<\/a><\/p>\n","protected":false},"featured_media":14266,"template":"","meta":{"_acf_changed":false,"_et_pb_use_builder":"","_et_pb_old_content":"","_et_gb_content_width":""},"product_brand":[],"product_cat":[341,329,143,81],"product_tag":[510,406,371,366,511,509,362],"class_list":{"0":"post-3427","1":"product","2":"type-product","3":"status-publish","4":"has-post-thumbnail","6":"product_cat-fonce-luminosite","7":"product_cat-neutre","8":"product_cat-nuancier-actuel","9":"product_cat-peintures-de-finition","10":"product_tag-510","11":"product_tag-couleur","12":"product_tag-farrow","13":"product_tag-farrowball","14":"product_tag-moles-breath","15":"product_tag-moles-breath-276","16":"product_tag-peinture","18":"first","19":"instock","20":"taxable","21":"shipping-taxable","22":"purchasable","23":"product-type-variable"},"acf":[],"_links":{"self":[{"href":"https:\/\/www.sorainstyles.com\/boutique\/wp-json\/wp\/v2\/product\/3427","targetHints":{"allow":["GET"]}}],"collection":[{"href":"https:\/\/www.sorainstyles.com\/boutique\/wp-json\/wp\/v2\/product"}],"about":[{"href":"https:\/\/www.sorainstyles.com\/boutique\/wp-json\/wp\/v2\/types\/product"}],"wp:featuredmedia":[{"embeddable":true,"href":"https:\/\/www.sorainstyles.com\/boutique\/wp-json\/wp\/v2\/media\/14266"}],"wp:attachment":[{"href":"https:\/\/www.sorainstyles.com\/boutique\/wp-json\/wp\/v2\/media?parent=3427"}],"wp:term":[{"taxonomy":"product_brand","embeddable":true,"href":"https:\/\/www.sorainstyles.com\/boutique\/wp-json\/wp\/v2\/product_brand?post=3427"},{"taxonomy":"product_cat","embeddable":true,"href":"https:\/\/www.sorainstyles.com\/boutique\/wp-json\/wp\/v2\/product_cat?post=3427"},{"taxonomy":"product_tag","embeddable":true,"href":"https:\/\/www.sorainstyles.com\/boutique\/wp-json\/wp\/v2\/product_tag?post=3427"}],"curies":[{"name":"wp","href":"https:\/\/api.w.org\/{rel}","templated":true}]}}