{"id":3420,"date":"2021-12-07T20:06:29","date_gmt":"2021-12-07T19:06:29","guid":{"rendered":"https:\/\/www.sorainstyles.com\/boutique\/produit\/ammonite-274\/"},"modified":"2025-10-04T12:00:09","modified_gmt":"2025-10-04T10:00:09","slug":"ammonite-274","status":"publish","type":"product","link":"https:\/\/www.sorainstyles.com\/boutique\/produit\/ammonite-274\/","title":{"rendered":"Ammonite 274"},"content":{"rendered":"<h1>Ammonite &#8211; No.274 de chez Farrow &amp; Ball<\/h1>\n<h2>Un gris naturellement sobre<\/h2>\n<p>La teinte No.274 &#8211; Ammonite doit son nom aux pr\u00e9cieux fossiles que l\u2019on trouve souvent le long de la c\u00f4te du Dorset. Cette couleur est particuli\u00e8rement discr\u00e8te et se marie \u00e0 merveille avec nos Neutres Faciles \u00c0 Vivre. Ni trop chaudes ni trop froides, ses teintes grises subtiles cr\u00e9ent une atmosph\u00e8re feutr\u00e9e et apaisante, tant dans les maisons anciennes que neuves. Testez la combinaison avec All White pour faire ressortir son c\u00f4t\u00e9 gris clair.<\/p>\n<p>Primer &amp; Undercoat recommand\u00e9e: <a href=\"https:\/\/www.sorainstyles.com\/boutique\/categorie-produit\/appret-sous-couches\/white-and-light-tones\/\" target=\"_blank\" rel=\"noopener\">White and Light Tones<\/a><\/p>\n<p>Blanc compl\u00e9mentaire : <a href=\"https:\/\/www.farrow-ball.com\/fr\/fr\/couleurs\/wevet\" target=\"_blank\" rel=\"noopener\">Wevet<\/a><\/p>\n<h3>5 exemples d&rsquo;harmonies de couleurs avec la teinte Ammonite &#8211; No.274<\/h3>\n<ul>\n<li>All White No.2005 &#8211; Wevet No.273<\/li>\n<li>Strong White No.2001 &#8211; Cornforth White No.228<\/li>\n<li>Purbeck Stone No.275 &#8211; Mole&rsquo;s Breath No.276<\/li>\n<li>Off-Black No.57 &#8211; Stiffkey Blue No.281<\/li>\n<li>Selvedge No.306 &#8211; Inchyra Blue No.289<\/li>\n<\/ul>\n<h3>Information produit<\/h3>\n<h4>A base d&rsquo;eau et sans danger pour les enfants<\/h4>\n<p>En 2010, Farrow &amp; Ball a \u00e9t\u00e9 les premiers du secteur \u00e0 passer \u00e0 une gamme de finitions \u00e9labor\u00e9es enti\u00e8rement \u00e0 base d\u2019eau. En effet, ces finitions \u00e0 faible teneur en COV et pratiquement sans odeur sont faciles \u00e0 nettoyer sans recourir \u00e0 des solvants nocifs.<\/p>\n<h4>Finitions de qualit\u00e9<\/h4>\n<p>Tout d&rsquo;abord, chacune de nos couleurs est disponible dans une gamme de finitions de peinture d\u2019int\u00e9rieur et d\u2019ext\u00e9rieur. Ensuite, chaque finition est test\u00e9e de mani\u00e8re rigoureuse pour garantir un fini durable et une profondeur de couleur exceptionnelle. Enfin, pour obtenir les meilleurs r\u00e9sultats, nous recommandons toujours d\u2019utiliser une Impression &amp; Sous-couche Farrow &amp; Ball &#8211; voir plus haut pour trouver la tonalit\u00e9 de couleur exacte pour cette peinture.<\/p>\n","protected":false},"excerpt":{"rendered":"<h3>Un gris naturellement sobre<\/h3>\n<p>Ammonite est un gris l\u00e9ger d\u2019une sobri\u00e9t\u00e9 exceptionnelle. Ni trop chaud, ni trop frais, ce gris l\u00e9ger cr\u00e9e une ambiance feutr\u00e9e et paisible dans les int\u00e9rieurs, anciens comme modernes.<\/p>\n<p>Sous-couche recommand\u00e9e : <a href=\"https:\/\/www.sorainstyles.com\/boutique\/categorie-produit\/appret-sous-couches\/white-and-light-tones\/\" target=\"_blank\" rel=\"noopener\">White and Light Tones<\/a><\/p>\n","protected":false},"featured_media":14315,"template":"","meta":{"_acf_changed":false,"_et_pb_use_builder":"","_et_pb_old_content":"","_et_gb_content_width":""},"product_brand":[],"product_cat":[331,329,143,81],"product_tag":[515,514,406,371,366,362],"class_list":{"0":"post-3420","1":"product","2":"type-product","3":"status-publish","4":"has-post-thumbnail","6":"product_cat-clair","7":"product_cat-neutre","8":"product_cat-nuancier-actuel","9":"product_cat-peintures-de-finition","10":"product_tag-515","11":"product_tag-ammonite","12":"product_tag-couleur","13":"product_tag-farrow","14":"product_tag-farrowball","15":"product_tag-peinture","17":"first","18":"instock","19":"taxable","20":"shipping-taxable","21":"purchasable","22":"product-type-variable"},"acf":[],"_links":{"self":[{"href":"https:\/\/www.sorainstyles.com\/boutique\/wp-json\/wp\/v2\/product\/3420","targetHints":{"allow":["GET"]}}],"collection":[{"href":"https:\/\/www.sorainstyles.com\/boutique\/wp-json\/wp\/v2\/product"}],"about":[{"href":"https:\/\/www.sorainstyles.com\/boutique\/wp-json\/wp\/v2\/types\/product"}],"wp:featuredmedia":[{"embeddable":true,"href":"https:\/\/www.sorainstyles.com\/boutique\/wp-json\/wp\/v2\/media\/14315"}],"wp:attachment":[{"href":"https:\/\/www.sorainstyles.com\/boutique\/wp-json\/wp\/v2\/media?parent=3420"}],"wp:term":[{"taxonomy":"product_brand","embeddable":true,"href":"https:\/\/www.sorainstyles.com\/boutique\/wp-json\/wp\/v2\/product_brand?post=3420"},{"taxonomy":"product_cat","embeddable":true,"href":"https:\/\/www.sorainstyles.com\/boutique\/wp-json\/wp\/v2\/product_cat?post=3420"},{"taxonomy":"product_tag","embeddable":true,"href":"https:\/\/www.sorainstyles.com\/boutique\/wp-json\/wp\/v2\/product_tag?post=3420"}],"curies":[{"name":"wp","href":"https:\/\/api.w.org\/{rel}","templated":true}]}}