{"id":3414,"date":"2021-12-07T20:06:24","date_gmt":"2021-12-07T19:06:24","guid":{"rendered":"https:\/\/www.sorainstyles.com\/boutique\/produit\/plummett-272\/"},"modified":"2025-10-03T10:48:04","modified_gmt":"2025-10-03T08:48:04","slug":"plummett-272","status":"publish","type":"product","link":"https:\/\/www.sorainstyles.com\/boutique\/produit\/plummett-272\/","title":{"rendered":"Plummett 272"},"content":{"rendered":"<h1>Plummett &#8211; No.272 de chez Farrow &amp; Ball<\/h1>\n<h2>Un gris plomb clair<\/h2>\n<p>Ce gris architectural puissant doit son nom au plomb souvent utilis\u00e9 par les p\u00eacheurs pour lester leur ligne. La couleur de la teinte No.272 &#8211; Plummett devient plus intense dans les <a href=\"https:\/\/www.cotemaison.fr\/espace\/amenagement-d-un-petit-espace_12817.html\" target=\"_blank\" rel=\"noopener\">petits espace<\/a><a href=\"https:\/\/www.cotemaison.fr\/espace\/amenagement-d-un-petit-espace_12817.html\" target=\"_blank\" rel=\"noopener\">s<\/a>, avec un c\u00f4t\u00e9 remarquablement moderne propice \u00e0 un mode de vie minimaliste. Utilis\u00e9 tant sur les boiseries pour d\u00e9finir des espaces dramatiques que sur des murs, Plummett est un de nos gris nets et industriels les plus durs.<\/p>\n<p>Primer &amp; Undercoat recommand\u00e9e: <a href=\"https:\/\/www.sorainstyles.com\/boutique\/categorie-produit\/appret-sous-couches\/dark-tones\/\" target=\"_blank\" rel=\"noopener\">Dark Tones<\/a><\/p>\n<p>Blanc compl\u00e9mentaire : <a href=\"https:\/\/www.sorainstyles.com\/boutique\/produit\/blackened-2011\/\" target=\"_blank\" rel=\"noopener\">Blackened<\/a><\/p>\n<h3>4 exemples d&rsquo;harmonies de couleurs avec la teinte Plummett &#8211; No.272<\/h3>\n<ul>\n<li>Blackened No.2011 &#8211; Wevet No.273<\/li>\n<li>Dimpse No.277 &#8211; Pavilion Gray No.242<\/li>\n<li>Manor House Gray No.265 &#8211; Hague Blue No.30<\/li>\n<li>Railings No.31 &#8211; Down Pipe No.26<\/li>\n<\/ul>\n<h3>Information produit<\/h3>\n<h4>A base d&rsquo;eau et sans danger pour les enfants<\/h4>\n<p>En 2010, Farrow &amp; Ball a \u00e9t\u00e9 les premiers du secteur \u00e0 passer \u00e0 une gamme de finitions \u00e9labor\u00e9es enti\u00e8rement \u00e0 base d\u2019eau. En effet, ces finitions \u00e0 faible teneur en COV et pratiquement sans odeur sont faciles \u00e0 nettoyer sans recourir \u00e0 des solvants nocifs.<\/p>\n<h4>Finitions de qualit\u00e9<\/h4>\n<p>Tout d&rsquo;abord, chacune de nos couleurs est disponible dans une gamme de finitions de peinture d\u2019int\u00e9rieur et d\u2019ext\u00e9rieur. Ensuite, chaque finition est test\u00e9e de mani\u00e8re rigoureuse pour garantir un fini durable et une profondeur de couleur exceptionnelle. Enfin, pour obtenir les meilleurs r\u00e9sultats, nous recommandons toujours d\u2019utiliser une Impression &amp; Sous-couche Farrow &amp; Ball &#8211; voir plus haut pour trouver la tonalit\u00e9 de couleur exacte pour cette peinture.<\/p>\n","protected":false},"excerpt":{"rendered":"<h3>Un gris plomb clair<\/h3>\n<p>Plummett est un gris architectural intense \u00e9voquant le plomb de p\u00eache. Cette couleur apporte une modernit\u00e9 minimaliste et industrielle, particuli\u00e8rement prononc\u00e9e dans les petits espaces et id\u00e9al pour structurer les boiseries et murs.<\/p>\n<p>Sous-couche recommand\u00e9e : <a href=\"https:\/\/www.sorainstyles.com\/boutique\/categorie-produit\/appret-sous-couches\/dark-tones\/\" target=\"_blank\" rel=\"noopener\">Dark Tones<\/a><\/p>\n","protected":false},"featured_media":14270,"template":"","meta":{"_acf_changed":false,"_et_pb_use_builder":"","_et_pb_old_content":"","_et_gb_content_width":""},"product_brand":[],"product_cat":[96,341,143,81],"product_tag":[519,406,371,366,362,518],"class_list":{"0":"post-3414","1":"product","2":"type-product","3":"status-publish","4":"has-post-thumbnail","6":"product_cat-fonce","7":"product_cat-fonce-luminosite","8":"product_cat-nuancier-actuel","9":"product_cat-peintures-de-finition","10":"product_tag-519","11":"product_tag-couleur","12":"product_tag-farrow","13":"product_tag-farrowball","14":"product_tag-peinture","15":"product_tag-plummett","17":"first","18":"instock","19":"taxable","20":"shipping-taxable","21":"purchasable","22":"product-type-variable"},"acf":[],"_links":{"self":[{"href":"https:\/\/www.sorainstyles.com\/boutique\/wp-json\/wp\/v2\/product\/3414","targetHints":{"allow":["GET"]}}],"collection":[{"href":"https:\/\/www.sorainstyles.com\/boutique\/wp-json\/wp\/v2\/product"}],"about":[{"href":"https:\/\/www.sorainstyles.com\/boutique\/wp-json\/wp\/v2\/types\/product"}],"wp:featuredmedia":[{"embeddable":true,"href":"https:\/\/www.sorainstyles.com\/boutique\/wp-json\/wp\/v2\/media\/14270"}],"wp:attachment":[{"href":"https:\/\/www.sorainstyles.com\/boutique\/wp-json\/wp\/v2\/media?parent=3414"}],"wp:term":[{"taxonomy":"product_brand","embeddable":true,"href":"https:\/\/www.sorainstyles.com\/boutique\/wp-json\/wp\/v2\/product_brand?post=3414"},{"taxonomy":"product_cat","embeddable":true,"href":"https:\/\/www.sorainstyles.com\/boutique\/wp-json\/wp\/v2\/product_cat?post=3414"},{"taxonomy":"product_tag","embeddable":true,"href":"https:\/\/www.sorainstyles.com\/boutique\/wp-json\/wp\/v2\/product_tag?post=3414"}],"curies":[{"name":"wp","href":"https:\/\/api.w.org\/{rel}","templated":true}]}}