{"id":3411,"date":"2021-12-07T20:06:22","date_gmt":"2021-12-07T19:06:22","guid":{"rendered":"https:\/\/www.sorainstyles.com\/boutique\/produit\/brassica-271\/"},"modified":"2025-10-03T10:50:42","modified_gmt":"2025-10-03T08:50:42","slug":"brassica-271","status":"publish","type":"product","link":"https:\/\/www.sorainstyles.com\/boutique\/produit\/brassica-271\/","title":{"rendered":"Brassica 271"},"content":{"rendered":"<h1>Brassica &#8211; No.271 de chez Farrow &amp; Ball<\/h1>\n<h2>Un ton lavande sombre et sophistiqu\u00e9<\/h2>\n<p>Les tonalit\u00e9s de lavande riche de la teinte No.271 &#8211; Brassica sont charmantes dans des espaces <a href=\"https:\/\/www.cotemaison.fr\/maison-famille\/une-extension-lumineuse-pour-cette-maison-de-charme_35051.html\" target=\"_blank\" rel=\"noopener\">lumineux<\/a>, et deviennent beaucoup plus sophistiqu\u00e9es et grises dans les zones plus fonc\u00e9es gr\u00e2ce \u00e0 la l\u00e9g\u00e8re touche de noir sous-jacente. Cette teinte chaude doit son nom au groupe de plantes comprenant notamment le brocoli violet, et elle rehausse les pi\u00e8ces froides sans \u00eatre ouvertement rouge. Elle est souvent combin\u00e9e \u00e0 Elephant\u2019s Breath et Skimming Stone pour un effet riche et contemporain.<\/p>\n<p>Primer &amp; Undercoat recommand\u00e9e: <a href=\"https:\/\/www.sorainstyles.com\/boutique\/categorie-produit\/appret-sous-couches\/dark-tones\/\" target=\"_blank\" rel=\"noopener\">Dark Tones<\/a><\/p>\n<p>Blanc compl\u00e9mentaire :\u00a0<a href=\"https:\/\/www.sorainstyles.com\/boutique\/produit\/great-white-2006\/\" target=\"_blank\" rel=\"noopener\">Great White<\/a><\/p>\n<h3>4 exemples d\u2019harmonies de couleurs avec la teinte Brassica \u2013 No.271<\/h3>\n<ul>\n<li>Wevet No.273 &#8211; Great White No.2006<\/li>\n<li>Calluna No.270 &#8211; Strong White No.2001<\/li>\n<li>Brassica No.271 &#8211; Purbeck Stone No.275<\/li>\n<li>Pelt No.254 &#8211; Tanner&rsquo;s Brown No.255<\/li>\n<\/ul>\n<h3>Information produit<\/h3>\n<h4>A base d&rsquo;eau et sans danger pour les enfants<\/h4>\n<p>En 2010, Farrow &amp; Ball a \u00e9t\u00e9 les premiers du secteur \u00e0 passer \u00e0 une gamme de finitions \u00e9labor\u00e9es enti\u00e8rement \u00e0 base d\u2019eau. Ces finitions \u00e0 faible teneur en COV et pratiquement sans odeur sont faciles \u00e0 nettoyer sans recourir \u00e0 des solvants nocifs.<\/p>\n<h4>Finitions de qualit\u00e9<\/h4>\n<p>Chacune de nos couleurs est disponible dans une gamme de finitions de peinture d\u2019int\u00e9rieur et d\u2019ext\u00e9rieur. Chaque finition est test\u00e9e de mani\u00e8re rigoureuse pour garantir un fini durable et une profondeur de couleur exceptionnelle. Pour obtenir les meilleurs r\u00e9sultats, nous recommandons toujours d\u2019utiliser une Impression &amp; Sous-couche Farrow &amp; Ball &#8211; voir plus haut pour trouver la tonalit\u00e9 de couleur exacte pour cette peinture.<\/p>\n","protected":false},"excerpt":{"rendered":"<h3>Un ton lavande sombre et sophistiqu\u00e9<\/h3>\n<p>Brassica, inspir\u00e9e des pousses de brocolis violets, apporte une chaleur charmante et f\u00e9minine aux espaces \u00e9clair\u00e9s tout en devenant plus grise et complexe dans les zones sombres du fait de ses notes noires sous-jacentes.<\/p>\n<p>Sous-couche recommand\u00e9e : <a href=\"https:\/\/www.sorainstyles.com\/boutique\/categorie-produit\/appret-sous-couches\/dark-tones\/\" target=\"_blank\" rel=\"noopener\">Dark Tones<\/a><\/p>\n","protected":false},"featured_media":14259,"template":"","meta":{"_acf_changed":false,"_et_pb_use_builder":"","_et_pb_old_content":"","_et_gb_content_width":""},"product_brand":[],"product_cat":[96,341,143,81],"product_tag":[490,489,406,371,366,362],"class_list":{"0":"post-3411","1":"product","2":"type-product","3":"status-publish","4":"has-post-thumbnail","6":"product_cat-fonce","7":"product_cat-fonce-luminosite","8":"product_cat-nuancier-actuel","9":"product_cat-peintures-de-finition","10":"product_tag-490","11":"product_tag-brassica","12":"product_tag-couleur","13":"product_tag-farrow","14":"product_tag-farrowball","15":"product_tag-peinture","17":"first","18":"instock","19":"taxable","20":"shipping-taxable","21":"purchasable","22":"product-type-variable"},"acf":[],"_links":{"self":[{"href":"https:\/\/www.sorainstyles.com\/boutique\/wp-json\/wp\/v2\/product\/3411","targetHints":{"allow":["GET"]}}],"collection":[{"href":"https:\/\/www.sorainstyles.com\/boutique\/wp-json\/wp\/v2\/product"}],"about":[{"href":"https:\/\/www.sorainstyles.com\/boutique\/wp-json\/wp\/v2\/types\/product"}],"wp:featuredmedia":[{"embeddable":true,"href":"https:\/\/www.sorainstyles.com\/boutique\/wp-json\/wp\/v2\/media\/14259"}],"wp:attachment":[{"href":"https:\/\/www.sorainstyles.com\/boutique\/wp-json\/wp\/v2\/media?parent=3411"}],"wp:term":[{"taxonomy":"product_brand","embeddable":true,"href":"https:\/\/www.sorainstyles.com\/boutique\/wp-json\/wp\/v2\/product_brand?post=3411"},{"taxonomy":"product_cat","embeddable":true,"href":"https:\/\/www.sorainstyles.com\/boutique\/wp-json\/wp\/v2\/product_cat?post=3411"},{"taxonomy":"product_tag","embeddable":true,"href":"https:\/\/www.sorainstyles.com\/boutique\/wp-json\/wp\/v2\/product_tag?post=3411"}],"curies":[{"name":"wp","href":"https:\/\/api.w.org\/{rel}","templated":true}]}}