{"id":3399,"date":"2021-12-07T20:06:11","date_gmt":"2021-12-07T19:06:11","guid":{"rendered":"https:\/\/www.sorainstyles.com\/boutique\/produit\/dove-tale-267\/"},"modified":"2025-10-04T12:13:28","modified_gmt":"2025-10-04T10:13:28","slug":"dove-tale-267","status":"publish","type":"product","link":"https:\/\/www.sorainstyles.com\/boutique\/produit\/dove-tale-267\/","title":{"rendered":"Dove Tale 267"},"content":{"rendered":"<h1>Dove Tale &#8211; No.267 de chez Farrow &amp; Ball<\/h1>\n<h2>Un gris chaud avec des tons lilas sous-jacents<\/h2>\n<p>La teinte No.267 &#8211; Dove Tale est la version sombre d\u2019Elephant&rsquo;s Breath et conviendra parfaitement \u00e0 ceux qui esp\u00e8rent obtenir un fini gris chaud. Caract\u00e9ristique des couleurs utilis\u00e9es par les \u00ab Bright Young Things \u00bb, un groupe de jeunes gens qui menaient une vie de boh\u00e8me entre les deux guerres, c&rsquo;est le choix id\u00e9al pour la <a href=\"https:\/\/www.cotemaison.fr\/chambre-et-bureau\/diaporama\/deco-chambre-50-photos-pour-creer-une-chambre-qui-me-ressemble_15764.html\" target=\"_blank\" rel=\"noopener\">chambre<\/a> \u00e0 coucher car son l\u00e9ger fond lilas insuffle une atmosph\u00e8re douce et accueillante. Associez-le \u00e0 Skimming Stone pour un d\u00e9cor \u00e0 la beaut\u00e9 discr\u00e8te.<\/p>\n<p>Primer &amp; Undercoat recommand\u00e9e: <a href=\"https:\/\/www.sorainstyles.com\/boutique\/categorie-produit\/appret-sous-couches\/mid-tones\/\" target=\"_blank\" rel=\"noopener\">Mid Tones<\/a><\/p>\n<p>Blanc compl\u00e9mentaire : <a href=\"https:\/\/www.sorainstyles.com\/boutique\/produit\/strong-white-2001\/\" target=\"_blank\" rel=\"noopener\">Strong White<\/a><\/p>\n<h3>3 exemples d&rsquo;harmonies de couleurs avec la teinte Dove Tale &#8211; No.267<\/h3>\n<ul>\n<li>Strong White No.2001 &#8211; Wimborne White No.239<\/li>\n<li>Charleston Gray No.243 &#8211; London Clay No.244<\/li>\n<li>Elephant&rsquo;s Breath No.229 &#8211; Skimming Stone No.241<\/li>\n<\/ul>\n<h3>Information produit<\/h3>\n<h4>A base d&rsquo;eau et sans danger pour les enfants<\/h4>\n<p>En 2010, Farrow &amp; Ball a \u00e9t\u00e9 les premiers du secteur \u00e0 passer \u00e0 une gamme de finitions \u00e9labor\u00e9es enti\u00e8rement \u00e0 base d\u2019eau. En effet, ces finitions \u00e0 faible teneur en COV et pratiquement sans odeur sont faciles \u00e0 nettoyer sans recourir \u00e0 des solvants nocifs.<\/p>\n<h4>Finitions de qualit\u00e9<\/h4>\n<p>Tout d&rsquo;abord, chacune de nos couleurs est disponible dans une gamme de finitions de peinture d\u2019int\u00e9rieur et d\u2019ext\u00e9rieur. Ensuite, chaque finition est test\u00e9e de mani\u00e8re rigoureuse pour garantir un fini durable et une profondeur de couleur exceptionnelle. Enfin, pour obtenir les meilleurs r\u00e9sultats, nous recommandons toujours d\u2019utiliser une Impression &amp; Sous-couche Farrow &amp; Ball &#8211; voir plus haut pour trouver la tonalit\u00e9 de couleur exacte pour cette peinture.<\/p>\n","protected":false},"excerpt":{"rendered":"<h3>Un gris chaud avec des tons lilas sous-jacents<\/h3>\n<p>Dove Tale, est un gris chaud relativement sombre avec un l\u00e9ger fond lilas. Malgr\u00e9 sa couleur fonc\u00e9e, elle offre une atmosph\u00e8re douce.<\/p>\n<p>Sous-couche recommand\u00e9e : <a href=\"https:\/\/www.sorainstyles.com\/boutique\/categorie-produit\/appret-sous-couches\/mid-tones\/\" target=\"_blank\" rel=\"noopener\">Mid Tones<\/a><\/p>\n","protected":false},"featured_media":14303,"template":"","meta":{"_acf_changed":false,"_et_pb_use_builder":"","_et_pb_old_content":"","_et_gb_content_width":""},"product_brand":[],"product_cat":[98,329,143,81],"product_tag":[525,406,524,371,366,362],"class_list":{"0":"post-3399","1":"product","2":"type-product","3":"status-publish","4":"has-post-thumbnail","6":"product_cat-moyen","7":"product_cat-neutre","8":"product_cat-nuancier-actuel","9":"product_cat-peintures-de-finition","10":"product_tag-525","11":"product_tag-couleur","12":"product_tag-dove-tale","13":"product_tag-farrow","14":"product_tag-farrowball","15":"product_tag-peinture","17":"first","18":"instock","19":"taxable","20":"shipping-taxable","21":"purchasable","22":"product-type-variable"},"acf":[],"_links":{"self":[{"href":"https:\/\/www.sorainstyles.com\/boutique\/wp-json\/wp\/v2\/product\/3399","targetHints":{"allow":["GET"]}}],"collection":[{"href":"https:\/\/www.sorainstyles.com\/boutique\/wp-json\/wp\/v2\/product"}],"about":[{"href":"https:\/\/www.sorainstyles.com\/boutique\/wp-json\/wp\/v2\/types\/product"}],"wp:featuredmedia":[{"embeddable":true,"href":"https:\/\/www.sorainstyles.com\/boutique\/wp-json\/wp\/v2\/media\/14303"}],"wp:attachment":[{"href":"https:\/\/www.sorainstyles.com\/boutique\/wp-json\/wp\/v2\/media?parent=3399"}],"wp:term":[{"taxonomy":"product_brand","embeddable":true,"href":"https:\/\/www.sorainstyles.com\/boutique\/wp-json\/wp\/v2\/product_brand?post=3399"},{"taxonomy":"product_cat","embeddable":true,"href":"https:\/\/www.sorainstyles.com\/boutique\/wp-json\/wp\/v2\/product_cat?post=3399"},{"taxonomy":"product_tag","embeddable":true,"href":"https:\/\/www.sorainstyles.com\/boutique\/wp-json\/wp\/v2\/product_tag?post=3399"}],"curies":[{"name":"wp","href":"https:\/\/api.w.org\/{rel}","templated":true}]}}