{"id":3393,"date":"2021-12-07T20:06:07","date_gmt":"2021-12-07T19:06:07","guid":{"rendered":"https:\/\/www.sorainstyles.com\/boutique\/produit\/manor-house-gray-265\/"},"modified":"2025-10-04T12:18:32","modified_gmt":"2025-10-04T10:18:32","slug":"manor-house-gray-265","status":"publish","type":"product","link":"https:\/\/www.sorainstyles.com\/boutique\/produit\/manor-house-gray-265\/","title":{"rendered":"Manor House Gray 265"},"content":{"rendered":"<h1>Manor House Gray &#8211; No.265 de chez Farrow &amp; Ball<\/h1>\n<h2>Un gris frais architectural<\/h2>\n<p>Tenant son nom de la demeure traditionnellement habit\u00e9e par le Lord de la localit\u00e9, la teinte No.265 &#8211; Manor House Gray est un gris stable qui conserve sa couleur quelque soit la luminosit\u00e9, notamment lorsqu\u2019il est mis en contraste avec Wevet. Plus frais et plus pur que Charleston Gray, ce neutre est tr\u00e8s populaire dans les <a href=\"https:\/\/www.cotemaison.fr\/devis-travaux-renovation\/diaporama\/nouvelles-technologies-materiel-pour-maison-moderne_23438.html\" target=\"_blank\" rel=\"noopener\">int\u00e9rieurs ultra-modernes<\/a> et \u00e9pur\u00e9s o\u00f9 il est souvent utilis\u00e9 aux c\u00f4t\u00e9s du plus spectaculaire Railings.<\/p>\n<p>Primer &amp; Undercoat recommand\u00e9e: <a href=\"https:\/\/www.sorainstyles.com\/boutique\/categorie-produit\/appret-sous-couches\/dark-tones\/\" target=\"_blank\" rel=\"noopener\">Dark Tones<\/a><\/p>\n<p>Blanc compl\u00e9mentaire : <a href=\"https:\/\/www.sorainstyles.com\/boutique\/produit\/pavilion-gray-242\/\" target=\"_blank\" rel=\"noopener\">Pavilion Gray<\/a><\/p>\n<h3>5 exemples d&rsquo;harmonies de couleurs avec la teinte Manor House Gray &#8211; No.265<\/h3>\n<ul>\n<li>Pitch Black No.256 &#8211; Railings No.31<\/li>\n<li>Blackened No.2011 &#8211; Wevet No.273<\/li>\n<li>Dimpse No.277 &#8211; Pavilion Gray No.242<\/li>\n<li>Plummett No.272 &#8211; Down Pipe No.26<\/li>\n<li>Hopper Head No.305 &#8211; Pitch Black No.256<\/li>\n<\/ul>\n<h3>Information produit<\/h3>\n<h4>A base d&rsquo;eau et sans danger pour les enfants<\/h4>\n<p>En 2010, Farrow &amp; Ball a \u00e9t\u00e9 les premiers du secteur \u00e0 passer \u00e0 une gamme de finitions \u00e9labor\u00e9es enti\u00e8rement \u00e0 base d\u2019eau. En effet, ces finitions \u00e0 faible teneur en COV et pratiquement sans odeur sont faciles \u00e0 nettoyer sans recourir \u00e0 des solvants nocifs.<\/p>\n<h4>Finitions de qualit\u00e9<\/h4>\n<p>Tout d&rsquo;abord, chacune de nos couleurs est disponible dans une gamme de finitions de peinture d\u2019int\u00e9rieur et d\u2019ext\u00e9rieur. Ensuite, chaque finition est test\u00e9e de mani\u00e8re rigoureuse pour garantir un fini durable et une profondeur de couleur exceptionnelle. Enfin, pour obtenir les meilleurs r\u00e9sultats, nous recommandons toujours d\u2019utiliser une Impression &amp; Sous-couche Farrow &amp; Ball &#8211; voir plus haut pour trouver la tonalit\u00e9 de couleur exacte pour cette peinture.<\/p>\n","protected":false},"excerpt":{"rendered":"<h3>Un gris frais architectural<\/h3>\n<p>Manor House Gray est un gris stable, populaire dans les int\u00e9rieurs modernes et \u00e9pur\u00e9s, qui conserve sa couleur quel que soit l&rsquo;\u00e9clairage et s&rsquo;associe bien avec des teintes plus claires ou plus fonc\u00e9es.<\/p>\n<p>Sous-couche recommand\u00e9e : <a href=\"https:\/\/www.sorainstyles.com\/boutique\/categorie-produit\/appret-sous-couches\/dark-tones\/\" target=\"_blank\" rel=\"noopener\">Dark Tones<\/a><\/p>\n","protected":false},"featured_media":14272,"template":"","meta":{"_acf_changed":false,"_et_pb_use_builder":"","_et_pb_old_content":"","_et_gb_content_width":""},"product_brand":[],"product_cat":[341,329,143,81],"product_tag":[529,406,371,366,528,362],"class_list":{"0":"post-3393","1":"product","2":"type-product","3":"status-publish","4":"has-post-thumbnail","6":"product_cat-fonce-luminosite","7":"product_cat-neutre","8":"product_cat-nuancier-actuel","9":"product_cat-peintures-de-finition","10":"product_tag-529","11":"product_tag-couleur","12":"product_tag-farrow","13":"product_tag-farrowball","14":"product_tag-manor-house-gray","15":"product_tag-peinture","17":"first","18":"instock","19":"taxable","20":"shipping-taxable","21":"purchasable","22":"product-type-variable"},"acf":[],"_links":{"self":[{"href":"https:\/\/www.sorainstyles.com\/boutique\/wp-json\/wp\/v2\/product\/3393","targetHints":{"allow":["GET"]}}],"collection":[{"href":"https:\/\/www.sorainstyles.com\/boutique\/wp-json\/wp\/v2\/product"}],"about":[{"href":"https:\/\/www.sorainstyles.com\/boutique\/wp-json\/wp\/v2\/types\/product"}],"wp:featuredmedia":[{"embeddable":true,"href":"https:\/\/www.sorainstyles.com\/boutique\/wp-json\/wp\/v2\/media\/14272"}],"wp:attachment":[{"href":"https:\/\/www.sorainstyles.com\/boutique\/wp-json\/wp\/v2\/media?parent=3393"}],"wp:term":[{"taxonomy":"product_brand","embeddable":true,"href":"https:\/\/www.sorainstyles.com\/boutique\/wp-json\/wp\/v2\/product_brand?post=3393"},{"taxonomy":"product_cat","embeddable":true,"href":"https:\/\/www.sorainstyles.com\/boutique\/wp-json\/wp\/v2\/product_cat?post=3393"},{"taxonomy":"product_tag","embeddable":true,"href":"https:\/\/www.sorainstyles.com\/boutique\/wp-json\/wp\/v2\/product_tag?post=3393"}],"curies":[{"name":"wp","href":"https:\/\/api.w.org\/{rel}","templated":true}]}}