{"id":3384,"date":"2021-12-07T20:05:57","date_gmt":"2021-12-07T19:05:57","guid":{"rendered":"https:\/\/www.sorainstyles.com\/boutique\/produit\/tanners-brown-255\/"},"modified":"2025-10-03T10:57:26","modified_gmt":"2025-10-03T08:57:26","slug":"tanners-brown-255","status":"publish","type":"product","link":"https:\/\/www.sorainstyles.com\/boutique\/produit\/tanners-brown-255\/","title":{"rendered":"Tanner&rsquo;s Brown 255"},"content":{"rendered":"<h1>Tanner&rsquo;s Brown &#8211; No.255 de chez Farrow &amp; Ball<\/h1>\n<h2>Un brun fonc\u00e9 puissant<\/h2>\n<p>Le nom de notre brun le plus fonc\u00e9 est inspir\u00e9 de celui des artisans tanneurs \u00e0 l\u2019origine du cuir. La teinte No.255 &#8211; Tanner&rsquo;s Brown para\u00eetra presque noir sous un \u00e9clairage tamis\u00e9. Cette couleur peut, par exemple, \u00eatre appliqu\u00e9e \u00e0 l\u2019int\u00e9rieur des \u00e2tres de chemin\u00e9e pour un effet doux et chaleureux. En revanche, son brun s&rsquo;intensifie \u00e0 l\u2019ext\u00e9rieur et dans les int\u00e9rieurs baign\u00e9s de lumi\u00e8re, du fait de la chaleur \u00e9manant de ses tons rouges sous-jacents.<\/p>\n<p>Primer &amp; Undercoat recommand\u00e9e: <a href=\"https:\/\/www.sorainstyles.com\/boutique\/categorie-produit\/appret-sous-couches\/dark-tones\/\" target=\"_blank\" rel=\"noopener\">Dark Tones<\/a><\/p>\n<p>Blanc compl\u00e9mentaire : <a href=\"https:\/\/www.sorainstyles.com\/boutique\/produit\/joas-white-226\/\" target=\"_blank\" rel=\"noopener\">Joa&rsquo;s White<\/a><\/p>\n<h3>4 exemples d&rsquo;harmonies de couleurs avec la teinte Tanner&rsquo;s Brown &#8211; No.255<\/h3>\n<ul>\n<li>Tallow No.203 &#8211; Stirabout No.300<\/li>\n<li>Jitney No.293 &#8211; Dead Salmon No.28<\/li>\n<li>Calluna No.270 &#8211; Brassica No.271<\/li>\n<li>Sulking Room Pink No.295 &#8211; De Nimes No.299<\/li>\n<\/ul>\n<h3>Information produit<\/h3>\n<h4>A base d&rsquo;eau et sans danger pour les enfants<\/h4>\n<p>En 2010, Farrow &amp; Ball a \u00e9t\u00e9 les premiers du secteur \u00e0 passer \u00e0 une gamme de finitions \u00e9labor\u00e9es enti\u00e8rement \u00e0 base d\u2019eau. En effet, ces finitions \u00e0 faible teneur en COV et pratiquement sans odeur sont faciles \u00e0 nettoyer sans recourir \u00e0 des solvants nocifs.<\/p>\n<h4>Finitions de qualit\u00e9<\/h4>\n<p>Tout d&rsquo;abord, chacune de nos couleurs est disponible dans une gamme de finitions de peinture d\u2019int\u00e9rieur et d\u2019ext\u00e9rieur. Ensuite, chaque finition est test\u00e9e de mani\u00e8re rigoureuse pour garantir un fini durable et une profondeur de couleur exceptionnelle. Enfin, pour obtenir les meilleurs r\u00e9sultats, nous recommandons toujours d\u2019utiliser une Impression &amp; Sous-couche Farrow &amp; Ball &#8211; voir plus haut pour trouver la tonalit\u00e9 de couleur exacte pour cette peinture.<\/p>\n","protected":false},"excerpt":{"rendered":"<h3>Un brun fonc\u00e9 puissant<\/h3>\n<p>Tanner&rsquo;s Brown, notre brun le plus fonc\u00e9 appara\u00eet presque noir sous un \u00e9clairage tamis\u00e9 mais r\u00e9v\u00e8le une intensit\u00e9 chaleureuse et rouge\u00e2tre en plein jour ou \u00e0 l\u2019ext\u00e9rieur.<\/p>\n<p>Sous-couche recommand\u00e9e : <a href=\"https:\/\/www.sorainstyles.com\/boutique\/categorie-produit\/appret-sous-couches\/dark-tones\/\" target=\"_blank\" rel=\"noopener\">Dark Tones<\/a><\/p>\n","protected":false},"featured_media":14250,"template":"","meta":{"_acf_changed":false,"_et_pb_use_builder":"","_et_pb_old_content":"","_et_gb_content_width":""},"product_brand":[],"product_cat":[96,341,143,81],"product_tag":[535,406,371,415,366,362,534],"class_list":{"0":"post-3384","1":"product","2":"type-product","3":"status-publish","4":"has-post-thumbnail","6":"product_cat-fonce","7":"product_cat-fonce-luminosite","8":"product_cat-nuancier-actuel","9":"product_cat-peintures-de-finition","10":"product_tag-535","11":"product_tag-couleur","12":"product_tag-farrow","13":"product_tag-farrow-ball","14":"product_tag-farrowball","15":"product_tag-peinture","16":"product_tag-tanners-brown","18":"first","19":"instock","20":"taxable","21":"shipping-taxable","22":"purchasable","23":"product-type-variable"},"acf":[],"_links":{"self":[{"href":"https:\/\/www.sorainstyles.com\/boutique\/wp-json\/wp\/v2\/product\/3384","targetHints":{"allow":["GET"]}}],"collection":[{"href":"https:\/\/www.sorainstyles.com\/boutique\/wp-json\/wp\/v2\/product"}],"about":[{"href":"https:\/\/www.sorainstyles.com\/boutique\/wp-json\/wp\/v2\/types\/product"}],"wp:featuredmedia":[{"embeddable":true,"href":"https:\/\/www.sorainstyles.com\/boutique\/wp-json\/wp\/v2\/media\/14250"}],"wp:attachment":[{"href":"https:\/\/www.sorainstyles.com\/boutique\/wp-json\/wp\/v2\/media?parent=3384"}],"wp:term":[{"taxonomy":"product_brand","embeddable":true,"href":"https:\/\/www.sorainstyles.com\/boutique\/wp-json\/wp\/v2\/product_brand?post=3384"},{"taxonomy":"product_cat","embeddable":true,"href":"https:\/\/www.sorainstyles.com\/boutique\/wp-json\/wp\/v2\/product_cat?post=3384"},{"taxonomy":"product_tag","embeddable":true,"href":"https:\/\/www.sorainstyles.com\/boutique\/wp-json\/wp\/v2\/product_tag?post=3384"}],"curies":[{"name":"wp","href":"https:\/\/api.w.org\/{rel}","templated":true}]}}