{"id":3381,"date":"2021-12-07T20:05:55","date_gmt":"2021-12-07T19:05:55","guid":{"rendered":"https:\/\/www.sorainstyles.com\/boutique\/produit\/pelt-254\/"},"modified":"2025-10-03T10:59:25","modified_gmt":"2025-10-03T08:59:25","slug":"pelt-254","status":"publish","type":"product","link":"https:\/\/www.sorainstyles.com\/boutique\/produit\/pelt-254\/","title":{"rendered":"Pelt 254"},"content":{"rendered":"<h1>Pelt &#8211; No.254 de chez Farrow &amp; Ball<\/h1>\n<h2>Un d\u00e9licieux mauve fonc\u00e9<\/h2>\n<p>D\u2019apparence bien plus bleue que Brinjal, et tout autant intense qu\u2019elle, la teinte No.254 &#8211; Pelt peut para\u00eetre presque noire dans les espaces fonc\u00e9s . Combinez-la \u00e0 Brassica pour cr\u00e9er une harmonie fonc\u00e9e et changeante, ou adoucissez-la avec les teintes plus d\u00e9licates de Middleton Pink et Great White.<\/p>\n<p>Primer &amp; Undercoat recommand\u00e9e: <a href=\"https:\/\/www.sorainstyles.com\/boutique\/categorie-produit\/appret-sous-couches\/dark-tones\/\" target=\"_blank\" rel=\"noopener\">Dark Tones<\/a><\/p>\n<p>Blanc compl\u00e9mentaire : <a href=\"https:\/\/www.sorainstyles.com\/boutique\/produit\/skimming-stone-241\/\">Skimming Stone<\/a><\/p>\n<h3>6 exemples d&rsquo;harmonies de couleurs avec la teinte Pelt &#8211; No.254<\/h3>\n<ul>\n<li>Dove Tale No.267 &#8211; Charleston Gray No.243<\/li>\n<li>Great White No.2006 &#8211; Middleton Pink No.245<\/li>\n<li>Calluna No.270 &#8211; Brassica No.271<\/li>\n<li>Skimming Stone No.241 &#8211; Elephant&rsquo;s Breath No.229<\/li>\n<li>All White No.2005 &#8211; Middleton Pink No.245<\/li>\n<li>Dove Tale No.267 &#8211; Charleston Gray No.243<\/li>\n<\/ul>\n<h3>Information produit<\/h3>\n<h4>A base d&rsquo;eau et sans danger pour les enfants<\/h4>\n<p>En 2010, Farrow &amp; Ball a \u00e9t\u00e9 les premiers du secteur \u00e0 passer \u00e0 une gamme de finitions \u00e9labor\u00e9es enti\u00e8rement \u00e0 base d\u2019eau. En effet, ces finitions \u00e0 faible teneur en COV et pratiquement sans odeur sont faciles \u00e0 nettoyer sans recourir \u00e0 des solvants nocifs.<\/p>\n<h4>Finitions de qualit\u00e9<\/h4>\n<p>Tout d&rsquo;abord, chacune de nos couleurs est disponible dans une gamme de finitions de peinture d\u2019int\u00e9rieur et d\u2019ext\u00e9rieur. Ensuite, chaque finition est test\u00e9e de mani\u00e8re rigoureuse pour garantir un fini durable et une profondeur de couleur exceptionnelle. Enfin, pour obtenir les meilleurs r\u00e9sultats, nous recommandons toujours d\u2019utiliser une Impression &amp; Sous-couche Farrow &amp; Ball &#8211; voir plus haut pour trouver la tonalit\u00e9 de couleur exacte pour cette peinture.<\/p>\n","protected":false},"excerpt":{"rendered":"<h3>Un d\u00e9licieux mauve fonc\u00e9<\/h3>\n<p>Pelt, un mauve profond avec tons sous-jacents bleut\u00e9s peut sembler presque noir dans les espaces peu lumineux.<\/p>\n<p>Sous-couche recommand\u00e9e : <a href=\"https:\/\/www.sorainstyles.com\/boutique\/categorie-produit\/appret-sous-couches\/dark-tones\/\" target=\"_blank\" rel=\"noopener\">Dark Tones<\/a><\/p>\n","protected":false},"featured_media":14257,"template":"","meta":{"_acf_changed":false,"_et_pb_use_builder":"","_et_pb_old_content":"","_et_gb_content_width":""},"product_brand":[],"product_cat":[341,96,143,81],"product_tag":[537,406,371,366,362,536],"class_list":{"0":"post-3381","1":"product","2":"type-product","3":"status-publish","4":"has-post-thumbnail","6":"product_cat-fonce-luminosite","7":"product_cat-fonce","8":"product_cat-nuancier-actuel","9":"product_cat-peintures-de-finition","10":"product_tag-537","11":"product_tag-couleur","12":"product_tag-farrow","13":"product_tag-farrowball","14":"product_tag-peinture","15":"product_tag-pelt","17":"first","18":"instock","19":"taxable","20":"shipping-taxable","21":"purchasable","22":"product-type-variable"},"acf":[],"_links":{"self":[{"href":"https:\/\/www.sorainstyles.com\/boutique\/wp-json\/wp\/v2\/product\/3381","targetHints":{"allow":["GET"]}}],"collection":[{"href":"https:\/\/www.sorainstyles.com\/boutique\/wp-json\/wp\/v2\/product"}],"about":[{"href":"https:\/\/www.sorainstyles.com\/boutique\/wp-json\/wp\/v2\/types\/product"}],"wp:featuredmedia":[{"embeddable":true,"href":"https:\/\/www.sorainstyles.com\/boutique\/wp-json\/wp\/v2\/media\/14257"}],"wp:attachment":[{"href":"https:\/\/www.sorainstyles.com\/boutique\/wp-json\/wp\/v2\/media?parent=3381"}],"wp:term":[{"taxonomy":"product_brand","embeddable":true,"href":"https:\/\/www.sorainstyles.com\/boutique\/wp-json\/wp\/v2\/product_brand?post=3381"},{"taxonomy":"product_cat","embeddable":true,"href":"https:\/\/www.sorainstyles.com\/boutique\/wp-json\/wp\/v2\/product_cat?post=3381"},{"taxonomy":"product_tag","embeddable":true,"href":"https:\/\/www.sorainstyles.com\/boutique\/wp-json\/wp\/v2\/product_tag?post=3381"}],"curies":[{"name":"wp","href":"https:\/\/api.w.org\/{rel}","templated":true}]}}