{"id":3375,"date":"2021-12-07T20:05:49","date_gmt":"2021-12-07T19:05:49","guid":{"rendered":"https:\/\/www.sorainstyles.com\/boutique\/produit\/pavilion-blue-252\/"},"modified":"2025-10-02T10:11:08","modified_gmt":"2025-10-02T08:11:08","slug":"pavilion-blue-252","status":"publish","type":"product","link":"https:\/\/www.sorainstyles.com\/boutique\/produit\/pavilion-blue-252\/","title":{"rendered":"Pavilion Blue 252"},"content":{"rendered":"<h1>Archive Collection : Pavilion Blue &#8211; No.252 de chez Farrow &amp; Ball<\/h1>\n<h2>Un bleu vert d\u00e9licat<\/h2>\n<p>Ce bleu vert frais est inspir\u00e9 des merveilleuses couleurs de l\u2019\u00e9poque R\u00e9gence que l\u2019on peut admirer dans le Royal Pavilion \u00e0 Brighton. En revanche, sa tonalit\u00e9 est toutefois un peu plus claire. Associ\u00e9 \u00e0 All White, il cr\u00e9e un d\u00e9cor net et d\u00e9licat. Sans \u00eatre trop frais, cela en fait un choix excellent pour les <a href=\"https:\/\/www.cotemaison.fr\/salle-de-bains\/ideo-bain-2013-nouveaute-salle-de-bains-accessible_20035.html\" target=\"_blank\" rel=\"noopener\">salles de bain<\/a>. La teinte No.252 &#8211; Pavilion Blue peut \u00eatre utilis\u00e9 sur les boiseries avec des teintes plus fonc\u00e9es telles que Green Blue.<\/p>\n<p>Primer &amp; Undercoat recommand\u00e9e: <a href=\"https:\/\/www.sorainstyles.com\/boutique\/categorie-produit\/appret-sous-couches\/white-and-light-tones\/\" target=\"_blank\" rel=\"noopener\">White and Light Tones<\/a><\/p>\n<p>Blanc compl\u00e9mentaire : <a href=\"https:\/\/www.sorainstyles.com\/boutique\/produit\/wevet-273\/\" target=\"_blank\" rel=\"noopener\">Wevet<\/a><\/p>\n<h3>Exemple d&rsquo;harmonie de couleur avec la teinte Pavilion Blue &#8211; No.252<\/h3>\n<ul>\n<li>All White No.2005 &#8211; Wevet No.273<\/li>\n<\/ul>\n<h3>Information produit<\/h3>\n<h4>A base d&rsquo;eau et sans danger pour les enfants<\/h4>\n<p>En 2010, Farrow &amp; Ball a \u00e9t\u00e9 les premiers du secteur \u00e0 passer \u00e0 une gamme de finitions \u00e9labor\u00e9es enti\u00e8rement \u00e0 base d\u2019eau. En effet, ces finitions \u00e0 faible teneur en COV et pratiquement sans odeur sont faciles \u00e0 nettoyer sans recourir \u00e0 des solvants nocifs.<\/p>\n<h4>Finitions de qualit\u00e9<\/h4>\n<p>Tout d&rsquo;abord, chacune de nos couleurs est disponible dans une gamme de finitions de peinture d\u2019int\u00e9rieur et d\u2019ext\u00e9rieur. Ensuite, chaque finition est test\u00e9e de mani\u00e8re rigoureuse pour garantir un fini durable et une profondeur de couleur exceptionnelle. Enfin, pour obtenir les meilleurs r\u00e9sultats, nous recommandons toujours d\u2019utiliser une Impression &amp; Sous-couche Farrow &amp; Ball &#8211; voir plus haut pour trouver la tonalit\u00e9 de couleur exacte pour cette peinture.<\/p>\n","protected":false},"excerpt":{"rendered":"<h3>Un bleu vert d\u00e9licat<\/h3>\n<p>Ce bleu gris ancien change de teinte entre le gris, le bleu et le vert selon la lumi\u00e8re, offrant une alternative \u00e9l\u00e9gante au gris anthracite et s\u2019adaptant aussi bien \u00e0 des int\u00e9rieurs modernes que plus traditionnels.<\/p>\n<p>Sous-couche recommand\u00e9e : <a href=\"https:\/\/www.sorainstyles.com\/boutique\/categorie-produit\/appret-sous-couches\/white-and-light-tones\/\" target=\"_blank\" rel=\"noopener\">White and Light Tones<\/a><\/p>\n","protected":false},"featured_media":14072,"template":"","meta":{"_acf_changed":false,"_et_pb_use_builder":"","_et_pb_old_content":"","_et_gb_content_width":""},"product_brand":[],"product_cat":[343,330,331,81],"product_tag":[541,406,371,366,540,362],"class_list":{"0":"post-3375","1":"product","2":"type-product","3":"status-publish","4":"has-post-thumbnail","6":"product_cat-archive","7":"product_cat-bleu","8":"product_cat-clair","9":"product_cat-peintures-de-finition","10":"product_tag-541","11":"product_tag-couleur","12":"product_tag-farrow","13":"product_tag-farrowball","14":"product_tag-pavilion-blue","15":"product_tag-peinture","17":"first","18":"instock","19":"taxable","20":"shipping-taxable","21":"purchasable","22":"product-type-variable"},"acf":[],"_links":{"self":[{"href":"https:\/\/www.sorainstyles.com\/boutique\/wp-json\/wp\/v2\/product\/3375","targetHints":{"allow":["GET"]}}],"collection":[{"href":"https:\/\/www.sorainstyles.com\/boutique\/wp-json\/wp\/v2\/product"}],"about":[{"href":"https:\/\/www.sorainstyles.com\/boutique\/wp-json\/wp\/v2\/types\/product"}],"wp:featuredmedia":[{"embeddable":true,"href":"https:\/\/www.sorainstyles.com\/boutique\/wp-json\/wp\/v2\/media\/14072"}],"wp:attachment":[{"href":"https:\/\/www.sorainstyles.com\/boutique\/wp-json\/wp\/v2\/media?parent=3375"}],"wp:term":[{"taxonomy":"product_brand","embeddable":true,"href":"https:\/\/www.sorainstyles.com\/boutique\/wp-json\/wp\/v2\/product_brand?post=3375"},{"taxonomy":"product_cat","embeddable":true,"href":"https:\/\/www.sorainstyles.com\/boutique\/wp-json\/wp\/v2\/product_cat?post=3375"},{"taxonomy":"product_tag","embeddable":true,"href":"https:\/\/www.sorainstyles.com\/boutique\/wp-json\/wp\/v2\/product_tag?post=3375"}],"curies":[{"name":"wp","href":"https:\/\/api.w.org\/{rel}","templated":true}]}}