{"id":3357,"date":"2021-12-07T20:05:25","date_gmt":"2021-12-07T19:05:25","guid":{"rendered":"https:\/\/www.sorainstyles.com\/boutique\/produit\/cinder-rose-246\/"},"modified":"2025-10-19T17:18:16","modified_gmt":"2025-10-19T15:18:16","slug":"cinder-rose-246","status":"publish","type":"product","link":"https:\/\/www.sorainstyles.com\/boutique\/produit\/cinder-rose-246\/","title":{"rendered":"Cinder Rose 246"},"content":{"rendered":"<h1 class=\"product-hero__title\">Cinder Rose &#8211; No.246 de chez Farrow &amp; Ball<\/h1>\n<h2>Un rose sauvage et romantique<\/h2>\n<p>La teinte No.246 &#8211; Cinder Rose n\u2019a presque pas de ces pigments jaunes habituellement pr\u00e9sents dans la plupart des roses, ce qui la rend plus bleue et plus romantique. Pour faire ressortir sa douceur, appliquez-la combin\u00e9e \u00e0 Great White sur vos boiseries.<\/p>\n<p>Primer &amp; Undercoat recommand\u00e9e: <a href=\"https:\/\/www.sorainstyles.com\/boutique\/categorie-produit\/appret-sous-couches\/mid-tones\/\" target=\"_blank\" rel=\"noopener\">Mid Tones<\/a><\/p>\n<p>Blanc compl\u00e9mentaire : <a href=\"https:\/\/www.sorainstyles.com\/boutique\/produit\/strong-white-2001\/\" target=\"_blank\" rel=\"noopener\">Strong White<\/a><\/p>\n<h3>4 exemples d&rsquo;harmonies de couleurs avec la teinte Cinder Rose &#8211; No.246<\/h3>\n<ul>\n<li>Great White No.2006 &#8211; Middleton Pink No.245<\/li>\n<li>Elephant&rsquo;s Breath No.229 &#8211; Dove Tale No.267<\/li>\n<li>London Clay No.244 &#8211; Charleston Gray No.243<\/li>\n<li>French Gray No.18 &#8211; Treron No.292<\/li>\n<\/ul>\n<h3>Information produit<\/h3>\n<h4>A base d&rsquo;eau et sans danger pour les enfants<\/h4>\n<p>En 2010, Farrow &amp; Ball a \u00e9t\u00e9 les premiers du secteur \u00e0 passer \u00e0 une gamme de finitions \u00e9labor\u00e9es enti\u00e8rement \u00e0 base d\u2019eau. En effet, ces finitions \u00e0 faible teneur en COV et pratiquement sans odeur sont faciles \u00e0 nettoyer sans recourir \u00e0 des solvants nocifs.<\/p>\n<h4>Finitions de qualit\u00e9<\/h4>\n<p>Tout d&rsquo;abord, chacune de nos couleurs est disponible dans une gamme de finitions de peinture d\u2019int\u00e9rieur et d\u2019ext\u00e9rieur. Ensuite, chaque finition est test\u00e9e de mani\u00e8re rigoureuse pour garantir un fini durable et une profondeur de couleur exceptionnelle. Enfin, pour obtenir les meilleurs r\u00e9sultats, nous recommandons toujours d\u2019utiliser une Impression &amp; Sous-couche Farrow &amp; Ball &#8211; voir plus haut pour trouver la tonalit\u00e9 de couleur exacte pour cette peinture.<\/p>\n","protected":false},"excerpt":{"rendered":"<h3>Un rose sauvage et romantique<\/h3>\n<p>Cinder Rose est un rose qui poss\u00e8de un soup\u00e7on du pigment jaune. Ce qui lui donne cet aspect bleut\u00e9 et romantique, id\u00e9ale pour instaurer une ambiance feutr\u00e9e.<\/p>\n<p>Sous-couche recommand\u00e9e : <a href=\"https:\/\/www.sorainstyles.com\/boutique\/categorie-produit\/appret-sous-couches\/mid-tones\/\" target=\"_blank\" rel=\"noopener\">Mid Tones<\/a><\/p>\n","protected":false},"featured_media":14258,"template":"","meta":{"_acf_changed":false,"_et_pb_use_builder":"","_et_pb_old_content":"","_et_gb_content_width":""},"product_brand":[],"product_cat":[98,143,81,110],"product_tag":[555,554,406,371,366,362,351],"class_list":{"0":"post-3357","1":"product","2":"type-product","3":"status-publish","4":"has-post-thumbnail","6":"product_cat-moyen","7":"product_cat-nuancier-actuel","8":"product_cat-peintures-de-finition","9":"product_cat-rouge","10":"product_tag-555","11":"product_tag-cinder-rose","12":"product_tag-couleur","13":"product_tag-farrow","14":"product_tag-farrowball","15":"product_tag-peinture","16":"product_tag-rouge","18":"first","19":"instock","20":"taxable","21":"shipping-taxable","22":"purchasable","23":"product-type-variable"},"acf":[],"_links":{"self":[{"href":"https:\/\/www.sorainstyles.com\/boutique\/wp-json\/wp\/v2\/product\/3357","targetHints":{"allow":["GET"]}}],"collection":[{"href":"https:\/\/www.sorainstyles.com\/boutique\/wp-json\/wp\/v2\/product"}],"about":[{"href":"https:\/\/www.sorainstyles.com\/boutique\/wp-json\/wp\/v2\/types\/product"}],"wp:featuredmedia":[{"embeddable":true,"href":"https:\/\/www.sorainstyles.com\/boutique\/wp-json\/wp\/v2\/media\/14258"}],"wp:attachment":[{"href":"https:\/\/www.sorainstyles.com\/boutique\/wp-json\/wp\/v2\/media?parent=3357"}],"wp:term":[{"taxonomy":"product_brand","embeddable":true,"href":"https:\/\/www.sorainstyles.com\/boutique\/wp-json\/wp\/v2\/product_brand?post=3357"},{"taxonomy":"product_cat","embeddable":true,"href":"https:\/\/www.sorainstyles.com\/boutique\/wp-json\/wp\/v2\/product_cat?post=3357"},{"taxonomy":"product_tag","embeddable":true,"href":"https:\/\/www.sorainstyles.com\/boutique\/wp-json\/wp\/v2\/product_tag?post=3357"}],"curies":[{"name":"wp","href":"https:\/\/api.w.org\/{rel}","templated":true}]}}